{"id":3632,"date":"2022-11-05T18:21:38","date_gmt":"2022-11-05T17:21:38","guid":{"rendered":"https:\/\/www.hotelneuwirt.at\/?page_id=3632"},"modified":"2022-11-05T18:21:44","modified_gmt":"2022-11-05T17:21:44","slug":"uedvoezlo-video-a-neuwirt-hoteltol","status":"publish","type":"page","link":"https:\/\/www.hotelneuwirt.at\/hu\/uedvoezlo-video-a-neuwirt-hoteltol\/","title":{"rendered":"\u00dcdv\u00f6zl\u0151 vide\u00f3 a Neuwirt Hotelt\u0151l"},"content":{"rendered":"<p>Kedves vend\u00e9geink!<\/p>\n<p>&nbsp;<\/p>\n<p>Nagy szeretettel \u00fcdv\u00f6z\u00f6lj\u00fck \u00d6n\u00f6ket a Hotel Neuwirt weboldal\u00e1n. Fogadj\u00e1k szeretettel azt a kis vide\u00f3 \u00f6ssze\u00e1ll\u00edt\u00e1st, amit bar\u00e1taink k\u00e9sz\u00edtettek. Ebben a vide\u00f3ban \u00edzel\u00edt\u0151t kaphatnak abb\u00f3l a hangulatb\u00f3l, amit sz\u00e1llod\u00e1nkban tapasztalhatnak meg, ha pihen\u00e9s\u00fck helysz\u00edn\u00e9\u00fcl minket v\u00e1lasztanak.<\/p>\n<p>&nbsp;<\/p>\n<p>Szeretettel az \u00d6n\u00f6k vend\u00e9gl\u00e1t\u00f3i:<\/p>\n<p>Rita \u00e9s Dani<\/p>\n<p>&nbsp;<\/p>\n<div style=\"width: 800px;\" class=\"wp-video\"><video class=\"wp-video-shortcode\" id=\"video-3632-1\" width=\"800\" height=\"450\" preload=\"metadata\" controls=\"controls\"><source type=\"video\/mp4\" src=\"https:\/\/www.hotelneuwirt.at\/wp-content\/uploads\/Ausztria.mp4?_=1\" \/><a href=\"https:\/\/www.hotelneuwirt.at\/wp-content\/uploads\/Ausztria.mp4\">https:\/\/www.hotelneuwirt.at\/wp-content\/uploads\/Ausztria.mp4<\/a><\/video><\/div>\n","protected":false},"excerpt":{"rendered":"<p>Kedves vend\u00e9geink! &nbsp; Nagy szeretettel \u00fcdv\u00f6z\u00f6lj\u00fck \u00d6n\u00f6ket a Hotel Neuwirt weboldal\u00e1n. Fogadj\u00e1k szeretettel azt a kis vide\u00f3 \u00f6ssze\u00e1ll\u00edt\u00e1st, amit bar\u00e1taink k\u00e9sz\u00edtettek. Ebben a vide\u00f3ban \u00edzel\u00edt\u0151t kaphatnak abb\u00f3l a hangulatb\u00f3l, amit sz\u00e1llod\u00e1nkban tapasztalhatnak meg, ha pihen\u00e9s\u00fck helysz\u00edn\u00e9\u00fcl minket v\u00e1lasztanak. &nbsp; Szeretettel az \u00d6n\u00f6k vend\u00e9gl\u00e1t\u00f3i: Rita \u00e9s Dani &nbsp;<\/p>\n\n<p><a class=\"readmore btn btn-default btn-default btn-block\" href=\"https:\/\/www.hotelneuwirt.at\/hu\/uedvoezlo-video-a-neuwirt-hoteltol\/\">Read More<\/a><\/p>","protected":false},"author":5,"featured_media":0,"parent":0,"menu_order":0,"comment_status":"closed","ping_status":"closed","template":"","meta":{"_acf_changed":false,"rs_blank_template":"","rs_page_bg_color":"","slide_template_v7":"","footnotes":""},"class_list":["post-3632","page","type-page","status-publish","hentry"],"acf":[],"yoast_head":"<!-- This site is optimized with the Yoast SEO plugin v27.4 - https:\/\/yoast.com\/product\/yoast-seo-wordpress\/ -->\n<title>\u00dcdv\u00f6zl\u0151 vide\u00f3 a Neuwirt Hotelt\u0151l - Hotel Neuwirt<\/title>\n<meta name=\"robots\" content=\"index, follow, max-snippet:-1, max-image-preview:large, max-video-preview:-1\" \/>\n<link rel=\"canonical\" href=\"https:\/\/www.hotelneuwirt.at\/hu\/uedvoezlo-video-a-neuwirt-hoteltol\/\" \/>\n<meta property=\"og:locale\" content=\"hu_HU\" \/>\n<meta property=\"og:type\" content=\"article\" \/>\n<meta property=\"og:title\" content=\"\u00dcdv\u00f6zl\u0151 vide\u00f3 a Neuwirt Hotelt\u0151l - Hotel Neuwirt\" \/>\n<meta property=\"og:description\" content=\"Kedves vend\u00e9geink! &nbsp; Nagy szeretettel \u00fcdv\u00f6z\u00f6lj\u00fck \u00d6n\u00f6ket a Hotel Neuwirt weboldal\u00e1n. Fogadj\u00e1k szeretettel azt a kis vide\u00f3 \u00f6ssze\u00e1ll\u00edt\u00e1st, amit bar\u00e1taink k\u00e9sz\u00edtettek. Ebben a vide\u00f3ban \u00edzel\u00edt\u0151t kaphatnak abb\u00f3l a hangulatb\u00f3l, amit sz\u00e1llod\u00e1nkban tapasztalhatnak meg, ha pihen\u00e9s\u00fck helysz\u00edn\u00e9\u00fcl minket v\u00e1lasztanak. &nbsp; Szeretettel az \u00d6n\u00f6k vend\u00e9gl\u00e1t\u00f3i: Rita \u00e9s Dani &nbsp;\" \/>\n<meta property=\"og:url\" content=\"https:\/\/www.hotelneuwirt.at\/hu\/uedvoezlo-video-a-neuwirt-hoteltol\/\" \/>\n<meta property=\"og:site_name\" content=\"Hotel Neuwirt\" \/>\n<meta property=\"article:modified_time\" content=\"2022-11-05T17:21:44+00:00\" \/>\n<meta name=\"twitter:card\" content=\"summary_large_image\" \/>\n<script type=\"application\/ld+json\" class=\"yoast-schema-graph\">{\"@context\":\"https:\\\/\\\/schema.org\",\"@graph\":[{\"@type\":\"WebPage\",\"@id\":\"https:\\\/\\\/www.hotelneuwirt.at\\\/hu\\\/uedvoezlo-video-a-neuwirt-hoteltol\\\/\",\"url\":\"https:\\\/\\\/www.hotelneuwirt.at\\\/hu\\\/uedvoezlo-video-a-neuwirt-hoteltol\\\/\",\"name\":\"\u00dcdv\u00f6zl\u0151 vide\u00f3 a Neuwirt Hotelt\u0151l - Hotel Neuwirt\",\"isPartOf\":{\"@id\":\"https:\\\/\\\/www.hotelneuwirt.at\\\/#website\"},\"datePublished\":\"2022-11-05T17:21:38+00:00\",\"dateModified\":\"2022-11-05T17:21:44+00:00\",\"breadcrumb\":{\"@id\":\"https:\\\/\\\/www.hotelneuwirt.at\\\/hu\\\/uedvoezlo-video-a-neuwirt-hoteltol\\\/#breadcrumb\"},\"inLanguage\":\"hu\",\"potentialAction\":[{\"@type\":\"ReadAction\",\"target\":[\"https:\\\/\\\/www.hotelneuwirt.at\\\/hu\\\/uedvoezlo-video-a-neuwirt-hoteltol\\\/\"]}]},{\"@type\":\"BreadcrumbList\",\"@id\":\"https:\\\/\\\/www.hotelneuwirt.at\\\/hu\\\/uedvoezlo-video-a-neuwirt-hoteltol\\\/#breadcrumb\",\"itemListElement\":[{\"@type\":\"ListItem\",\"position\":1,\"name\":\"Startseite\",\"item\":\"https:\\\/\\\/www.hotelneuwirt.at\\\/hu\\\/\"},{\"@type\":\"ListItem\",\"position\":2,\"name\":\"\u00dcdv\u00f6zl\u0151 vide\u00f3 a Neuwirt Hotelt\u0151l\"}]},{\"@type\":\"WebSite\",\"@id\":\"https:\\\/\\\/www.hotelneuwirt.at\\\/#website\",\"url\":\"https:\\\/\\\/www.hotelneuwirt.at\\\/\",\"name\":\"Hotel Neuwirt\",\"description\":\"3 Sterne Hotel in Mauterndorf\",\"potentialAction\":[{\"@type\":\"SearchAction\",\"target\":{\"@type\":\"EntryPoint\",\"urlTemplate\":\"https:\\\/\\\/www.hotelneuwirt.at\\\/?s={search_term_string}\"},\"query-input\":{\"@type\":\"PropertyValueSpecification\",\"valueRequired\":true,\"valueName\":\"search_term_string\"}}],\"inLanguage\":\"hu\"}]}<\/script>\n<!-- \/ Yoast SEO plugin. -->","yoast_head_json":{"title":"\u00dcdv\u00f6zl\u0151 vide\u00f3 a Neuwirt Hotelt\u0151l - Hotel Neuwirt","robots":{"index":"index","follow":"follow","max-snippet":"max-snippet:-1","max-image-preview":"max-image-preview:large","max-video-preview":"max-video-preview:-1"},"canonical":"https:\/\/www.hotelneuwirt.at\/hu\/uedvoezlo-video-a-neuwirt-hoteltol\/","og_locale":"hu_HU","og_type":"article","og_title":"\u00dcdv\u00f6zl\u0151 vide\u00f3 a Neuwirt Hotelt\u0151l - Hotel Neuwirt","og_description":"Kedves vend\u00e9geink! &nbsp; Nagy szeretettel \u00fcdv\u00f6z\u00f6lj\u00fck \u00d6n\u00f6ket a Hotel Neuwirt weboldal\u00e1n. Fogadj\u00e1k szeretettel azt a kis vide\u00f3 \u00f6ssze\u00e1ll\u00edt\u00e1st, amit bar\u00e1taink k\u00e9sz\u00edtettek. Ebben a vide\u00f3ban \u00edzel\u00edt\u0151t kaphatnak abb\u00f3l a hangulatb\u00f3l, amit sz\u00e1llod\u00e1nkban tapasztalhatnak meg, ha pihen\u00e9s\u00fck helysz\u00edn\u00e9\u00fcl minket v\u00e1lasztanak. &nbsp; Szeretettel az \u00d6n\u00f6k vend\u00e9gl\u00e1t\u00f3i: Rita \u00e9s Dani &nbsp;","og_url":"https:\/\/www.hotelneuwirt.at\/hu\/uedvoezlo-video-a-neuwirt-hoteltol\/","og_site_name":"Hotel Neuwirt","article_modified_time":"2022-11-05T17:21:44+00:00","twitter_card":"summary_large_image","schema":{"@context":"https:\/\/schema.org","@graph":[{"@type":"WebPage","@id":"https:\/\/www.hotelneuwirt.at\/hu\/uedvoezlo-video-a-neuwirt-hoteltol\/","url":"https:\/\/www.hotelneuwirt.at\/hu\/uedvoezlo-video-a-neuwirt-hoteltol\/","name":"\u00dcdv\u00f6zl\u0151 vide\u00f3 a Neuwirt Hotelt\u0151l - Hotel Neuwirt","isPartOf":{"@id":"https:\/\/www.hotelneuwirt.at\/#website"},"datePublished":"2022-11-05T17:21:38+00:00","dateModified":"2022-11-05T17:21:44+00:00","breadcrumb":{"@id":"https:\/\/www.hotelneuwirt.at\/hu\/uedvoezlo-video-a-neuwirt-hoteltol\/#breadcrumb"},"inLanguage":"hu","potentialAction":[{"@type":"ReadAction","target":["https:\/\/www.hotelneuwirt.at\/hu\/uedvoezlo-video-a-neuwirt-hoteltol\/"]}]},{"@type":"BreadcrumbList","@id":"https:\/\/www.hotelneuwirt.at\/hu\/uedvoezlo-video-a-neuwirt-hoteltol\/#breadcrumb","itemListElement":[{"@type":"ListItem","position":1,"name":"Startseite","item":"https:\/\/www.hotelneuwirt.at\/hu\/"},{"@type":"ListItem","position":2,"name":"\u00dcdv\u00f6zl\u0151 vide\u00f3 a Neuwirt Hotelt\u0151l"}]},{"@type":"WebSite","@id":"https:\/\/www.hotelneuwirt.at\/#website","url":"https:\/\/www.hotelneuwirt.at\/","name":"Hotel Neuwirt","description":"3 Sterne Hotel in Mauterndorf","potentialAction":[{"@type":"SearchAction","target":{"@type":"EntryPoint","urlTemplate":"https:\/\/www.hotelneuwirt.at\/?s={search_term_string}"},"query-input":{"@type":"PropertyValueSpecification","valueRequired":true,"valueName":"search_term_string"}}],"inLanguage":"hu"}]}},"_links":{"self":[{"href":"https:\/\/www.hotelneuwirt.at\/hu\/wp-json\/wp\/v2\/pages\/3632","targetHints":{"allow":["GET"]}}],"collection":[{"href":"https:\/\/www.hotelneuwirt.at\/hu\/wp-json\/wp\/v2\/pages"}],"about":[{"href":"https:\/\/www.hotelneuwirt.at\/hu\/wp-json\/wp\/v2\/types\/page"}],"author":[{"embeddable":true,"href":"https:\/\/www.hotelneuwirt.at\/hu\/wp-json\/wp\/v2\/users\/5"}],"replies":[{"embeddable":true,"href":"https:\/\/www.hotelneuwirt.at\/hu\/wp-json\/wp\/v2\/comments?post=3632"}],"version-history":[{"count":0,"href":"https:\/\/www.hotelneuwirt.at\/hu\/wp-json\/wp\/v2\/pages\/3632\/revisions"}],"wp:attachment":[{"href":"https:\/\/www.hotelneuwirt.at\/hu\/wp-json\/wp\/v2\/media?parent=3632"}],"curies":[{"name":"wp","href":"https:\/\/api.w.org\/{rel}","templated":true}]}}