{"id":2117,"date":"2017-08-30T16:09:46","date_gmt":"2017-08-30T14:09:46","guid":{"rendered":"https:\/\/www.hotelneuwirt.at\/ihre-gastgeber\/"},"modified":"2020-04-15T16:16:58","modified_gmt":"2020-04-15T14:16:58","slug":"oenoek-vendeglatoi","status":"publish","type":"page","link":"https:\/\/www.hotelneuwirt.at\/hu\/szalloda-mauterndorf\/oenoek-vendeglatoi\/","title":{"rendered":"Az \u00d6n\u00f6k vend\u00e9gl\u00e1t\u00f3i"},"content":{"rendered":"<div class=\"wpb-content-wrapper\"><p>[vc_row][vc_column][vc_column_text]<\/p>\n<h2>Pihen\u00e9s egy kis magyar illetve magyarorsz\u00e1gi n\u00e9met hagyom\u00e1nnyal t\u0171zdelve<\/h2>\n<h1>Az \u00d6n\u00f6k vend\u00e9gl\u00e1t\u00f3i<\/h1>\n<p>[\/vc_column_text][\/vc_column][\/vc_row][vc_row][vc_column][vc_column_text]<\/p>\n<p style=\"text-align: center;\">Mint az \u00d6n\u00f6k vend\u00e9gl\u00e1t\u00f3ja, Rita, D\u00e1niel \u00e9s csal\u00e1dja nagy szeretettel k\u00f6sz\u00f6ntj\u00fck \u00d6n\u00f6ket az ausztriai Lungau r\u00e9gi\u00f3ban tal\u00e1lhat\u00f3 <a href=\"https:\/\/www.hotelneuwirt.at\/hu\">sz\u00e1llod\u00e1nkban Mauterndorfban<\/a>. Egy 1350 l\u00e9leksz\u00e1m\u00fa magyarorsz\u00e1gi sv\u00e1b falub\u00f3l, V\u00e9rtessoml\u00f3r\u00f3l sz\u00e1rmazunk. Innen hoztuk azt a magyarorsz\u00e1gi n\u00e9met hagyom\u00e1ny\u0151rz\u0151 szeml\u00e9letet, melyet nagysz\u00fcleinkt\u0151l, d\u00e9dsz\u00fcleinkt\u0151l \u00f6r\u00f6k\u00f6lt\u00fcnk. Ez a l\u00e1t\u00e1sm\u00f3d kiterjed az eg\u00e9sz \u00e9let\u00fcnkre, a munk\u00e1nkra, a ped\u00e1nss\u00e1gunkra, megb\u00edzhat\u00f3s\u00e1gunkra ugyan\u00fagy, mint a zene-, t\u00e1nc-, \u00e9s vend\u00e9gszeretet\u00fcnkre. A <strong>b\u0151s\u00e9ges b\u00fcf\u00e9reggelinkkel<\/strong> \u00e9s a <strong>hagyom\u00e1nyos magyarorsz\u00e1gi n\u00e9met b\u00fcf\u00e9vacsor\u00e1nkkal<\/strong> szeretn\u00e9nk eml\u00e9kezetess\u00e9 \u00e9s felejthetetlenn\u00e9 tenni az itt t\u00f6lt\u00f6tt szabads\u00e1gukat. Munk\u00e1nkkal azon f\u00e1radozunk, hogy \u00d6n\u00f6k egy gondok n\u00e9lk\u00fcli, csod\u00e1latos \u00e9s felejthetetlen id\u0151t t\u00f6lthessenek el n\u00e1lunk, fest\u0151i k\u00f6rnyezetben.<\/p>\n<p>[\/vc_column_text][vc_separator][\/vc_column][\/vc_row][vc_row][vc_column][vc_column_text]<\/p>\n<h6 style=\"text-align: center;\">Sz\u00edvb\u0151l \u00fcdv\u00f6z\u00f6lj\u00fck Mauterndorfban!<\/h6>\n<h5 style=\"text-align: center;\">Kaszap-Nagy Rita, D\u00e1niel \u00e9s csal\u00e1dja<\/h5>\n<p>[\/vc_column_text][\/vc_column][\/vc_row]<\/p>\n<\/div>","protected":false},"excerpt":{"rendered":"<p>[vc_row][vc_column][vc_column_text] Pihen\u00e9s egy kis magyar illetve magyarorsz\u00e1gi n\u00e9met hagyom\u00e1nnyal t\u0171zdelve Az \u00d6n\u00f6k vend\u00e9gl\u00e1t\u00f3i [\/vc_column_text][\/vc_column][\/vc_row][vc_row][vc_column][vc_column_text] Mint az \u00d6n\u00f6k vend\u00e9gl\u00e1t\u00f3ja, Rita, D\u00e1niel \u00e9s csal\u00e1dja nagy szeretettel k\u00f6sz\u00f6ntj\u00fck \u00d6n\u00f6ket az ausztriai Lungau r\u00e9gi\u00f3ban tal\u00e1lhat\u00f3 sz\u00e1llod\u00e1nkban Mauterndorfban. Egy 1350 l\u00e9leksz\u00e1m\u00fa magyarorsz\u00e1gi sv\u00e1b falub\u00f3l, V\u00e9rtessoml\u00f3r\u00f3l sz\u00e1rmazunk. Innen hoztuk azt a magyarorsz\u00e1gi n\u00e9met hagyom\u00e1ny\u0151rz\u0151 szeml\u00e9letet, melyet nagysz\u00fcleinkt\u0151l, d\u00e9dsz\u00fcleinkt\u0151l \u00f6r\u00f6k\u00f6lt\u00fcnk. Ez a &hellip;<\/p>\n\n<p><a class=\"readmore btn btn-default btn-default btn-block\" href=\"https:\/\/www.hotelneuwirt.at\/hu\/szalloda-mauterndorf\/oenoek-vendeglatoi\/\">Read More<\/a><\/p>","protected":false},"author":1,"featured_media":2994,"parent":2118,"menu_order":0,"comment_status":"closed","ping_status":"closed","template":"","meta":{"_acf_changed":false,"rs_blank_template":"","rs_page_bg_color":"","slide_template_v7":"","footnotes":""},"class_list":["post-2117","page","type-page","status-publish","has-post-thumbnail","hentry"],"acf":[],"yoast_head":"<!-- This site is optimized with the Yoast SEO plugin v27.5 - https:\/\/yoast.com\/product\/yoast-seo-wordpress\/ -->\n<title>Az \u00d6n\u00f6k vend\u00e9gl\u00e1t\u00f3i Mauterndorfban.<\/title>\n<meta name=\"description\" content=\"\u00c9l\u0151 trad\u00edci\u00f3 \u00e9s kellemes vend\u00e9gszeretet - mi, mint az \u00d6n vend\u00e9gl\u00e1t\u00f3i \u00f6r\u00fcl\u00fcnk, hogy a Neuwirt hotelben \u00fcdv\u00f6z\u00f6lhetj\u00fck.\" \/>\n<meta name=\"robots\" content=\"index, follow, max-snippet:-1, max-image-preview:large, max-video-preview:-1\" \/>\n<link rel=\"canonical\" href=\"https:\/\/www.hotelneuwirt.at\/hotel-mauterndorf\/ihre-gastgeber\/\" \/>\n<meta property=\"og:locale\" content=\"hu_HU\" \/>\n<meta property=\"og:type\" content=\"article\" \/>\n<meta property=\"og:title\" content=\"Az \u00d6n\u00f6k vend\u00e9gl\u00e1t\u00f3i Mauterndorfban.\" \/>\n<meta property=\"og:description\" content=\"\u00c9l\u0151 trad\u00edci\u00f3 \u00e9s kellemes vend\u00e9gszeretet - mi, mint az \u00d6n vend\u00e9gl\u00e1t\u00f3i \u00f6r\u00fcl\u00fcnk, hogy a Neuwirt hotelben \u00fcdv\u00f6z\u00f6lhetj\u00fck.\" \/>\n<meta property=\"og:url\" content=\"https:\/\/www.hotelneuwirt.at\/hotel-mauterndorf\/ihre-gastgeber\/\" \/>\n<meta property=\"og:site_name\" content=\"Hotel Neuwirt\" \/>\n<meta property=\"article:modified_time\" content=\"2020-04-15T14:16:58+00:00\" \/>\n<meta property=\"og:image\" content=\"https:\/\/www.hotelneuwirt.at\/wp-content\/uploads\/lev\u00e4gott.jpeg\" \/>\n\t<meta property=\"og:image:width\" content=\"1384\" \/>\n\t<meta property=\"og:image:height\" content=\"933\" \/>\n\t<meta property=\"og:image:type\" content=\"image\/jpeg\" \/>\n<meta name=\"twitter:card\" content=\"summary_large_image\" \/>\n<meta name=\"twitter:label1\" content=\"Becs\u00fclt olvas\u00e1si id\u0151\" \/>\n\t<meta name=\"twitter:data1\" content=\"1 perc\" \/>\n<script type=\"application\/ld+json\" class=\"yoast-schema-graph\">{\"@context\":\"https:\\\/\\\/schema.org\",\"@graph\":[{\"@type\":\"WebPage\",\"@id\":\"https:\\\/\\\/www.hotelneuwirt.at\\\/hotel-mauterndorf\\\/ihre-gastgeber\\\/\",\"url\":\"https:\\\/\\\/www.hotelneuwirt.at\\\/hotel-mauterndorf\\\/ihre-gastgeber\\\/\",\"name\":\"Az \u00d6n\u00f6k vend\u00e9gl\u00e1t\u00f3i Mauterndorfban.\",\"isPartOf\":{\"@id\":\"https:\\\/\\\/www.hotelneuwirt.at\\\/#website\"},\"primaryImageOfPage\":{\"@id\":\"https:\\\/\\\/www.hotelneuwirt.at\\\/hotel-mauterndorf\\\/ihre-gastgeber\\\/#primaryimage\"},\"image\":{\"@id\":\"https:\\\/\\\/www.hotelneuwirt.at\\\/hotel-mauterndorf\\\/ihre-gastgeber\\\/#primaryimage\"},\"thumbnailUrl\":\"https:\\\/\\\/www.hotelneuwirt.at\\\/wp-content\\\/uploads\\\/lev\u00e4gott.jpeg\",\"datePublished\":\"2017-08-30T14:09:46+00:00\",\"dateModified\":\"2020-04-15T14:16:58+00:00\",\"description\":\"\u00c9l\u0151 trad\u00edci\u00f3 \u00e9s kellemes vend\u00e9gszeretet - mi, mint az \u00d6n vend\u00e9gl\u00e1t\u00f3i \u00f6r\u00fcl\u00fcnk, hogy a Neuwirt hotelben \u00fcdv\u00f6z\u00f6lhetj\u00fck.\",\"breadcrumb\":{\"@id\":\"https:\\\/\\\/www.hotelneuwirt.at\\\/hotel-mauterndorf\\\/ihre-gastgeber\\\/#breadcrumb\"},\"inLanguage\":\"hu\",\"potentialAction\":[{\"@type\":\"ReadAction\",\"target\":[\"https:\\\/\\\/www.hotelneuwirt.at\\\/hotel-mauterndorf\\\/ihre-gastgeber\\\/\"]}]},{\"@type\":\"ImageObject\",\"inLanguage\":\"hu\",\"@id\":\"https:\\\/\\\/www.hotelneuwirt.at\\\/hotel-mauterndorf\\\/ihre-gastgeber\\\/#primaryimage\",\"url\":\"https:\\\/\\\/www.hotelneuwirt.at\\\/wp-content\\\/uploads\\\/lev\u00e4gott.jpeg\",\"contentUrl\":\"https:\\\/\\\/www.hotelneuwirt.at\\\/wp-content\\\/uploads\\\/lev\u00e4gott.jpeg\",\"width\":1384,\"height\":933},{\"@type\":\"BreadcrumbList\",\"@id\":\"https:\\\/\\\/www.hotelneuwirt.at\\\/hotel-mauterndorf\\\/ihre-gastgeber\\\/#breadcrumb\",\"itemListElement\":[{\"@type\":\"ListItem\",\"position\":1,\"name\":\"Startseite\",\"item\":\"https:\\\/\\\/www.hotelneuwirt.at\\\/hu\\\/\"},{\"@type\":\"ListItem\",\"position\":2,\"name\":\"A hotel\",\"item\":\"https:\\\/\\\/www.hotelneuwirt.at\\\/hu\\\/szalloda-mauterndorf\\\/\"},{\"@type\":\"ListItem\",\"position\":3,\"name\":\"Az \u00d6n\u00f6k vend\u00e9gl\u00e1t\u00f3i\"}]},{\"@type\":\"WebSite\",\"@id\":\"https:\\\/\\\/www.hotelneuwirt.at\\\/#website\",\"url\":\"https:\\\/\\\/www.hotelneuwirt.at\\\/\",\"name\":\"Hotel Neuwirt\",\"description\":\"3 Sterne Hotel in Mauterndorf\",\"potentialAction\":[{\"@type\":\"SearchAction\",\"target\":{\"@type\":\"EntryPoint\",\"urlTemplate\":\"https:\\\/\\\/www.hotelneuwirt.at\\\/?s={search_term_string}\"},\"query-input\":{\"@type\":\"PropertyValueSpecification\",\"valueRequired\":true,\"valueName\":\"search_term_string\"}}],\"inLanguage\":\"hu\"}]}<\/script>\n<!-- \/ Yoast SEO plugin. -->","yoast_head_json":{"title":"Az \u00d6n\u00f6k vend\u00e9gl\u00e1t\u00f3i Mauterndorfban.","description":"\u00c9l\u0151 trad\u00edci\u00f3 \u00e9s kellemes vend\u00e9gszeretet - mi, mint az \u00d6n vend\u00e9gl\u00e1t\u00f3i \u00f6r\u00fcl\u00fcnk, hogy a Neuwirt hotelben \u00fcdv\u00f6z\u00f6lhetj\u00fck.","robots":{"index":"index","follow":"follow","max-snippet":"max-snippet:-1","max-image-preview":"max-image-preview:large","max-video-preview":"max-video-preview:-1"},"canonical":"https:\/\/www.hotelneuwirt.at\/hotel-mauterndorf\/ihre-gastgeber\/","og_locale":"hu_HU","og_type":"article","og_title":"Az \u00d6n\u00f6k vend\u00e9gl\u00e1t\u00f3i Mauterndorfban.","og_description":"\u00c9l\u0151 trad\u00edci\u00f3 \u00e9s kellemes vend\u00e9gszeretet - mi, mint az \u00d6n vend\u00e9gl\u00e1t\u00f3i \u00f6r\u00fcl\u00fcnk, hogy a Neuwirt hotelben \u00fcdv\u00f6z\u00f6lhetj\u00fck.","og_url":"https:\/\/www.hotelneuwirt.at\/hotel-mauterndorf\/ihre-gastgeber\/","og_site_name":"Hotel Neuwirt","article_modified_time":"2020-04-15T14:16:58+00:00","og_image":[{"width":1384,"height":933,"url":"https:\/\/www.hotelneuwirt.at\/wp-content\/uploads\/lev\u00e4gott.jpeg","type":"image\/jpeg"}],"twitter_card":"summary_large_image","twitter_misc":{"Becs\u00fclt olvas\u00e1si id\u0151":"1 perc"},"schema":{"@context":"https:\/\/schema.org","@graph":[{"@type":"WebPage","@id":"https:\/\/www.hotelneuwirt.at\/hotel-mauterndorf\/ihre-gastgeber\/","url":"https:\/\/www.hotelneuwirt.at\/hotel-mauterndorf\/ihre-gastgeber\/","name":"Az \u00d6n\u00f6k vend\u00e9gl\u00e1t\u00f3i Mauterndorfban.","isPartOf":{"@id":"https:\/\/www.hotelneuwirt.at\/#website"},"primaryImageOfPage":{"@id":"https:\/\/www.hotelneuwirt.at\/hotel-mauterndorf\/ihre-gastgeber\/#primaryimage"},"image":{"@id":"https:\/\/www.hotelneuwirt.at\/hotel-mauterndorf\/ihre-gastgeber\/#primaryimage"},"thumbnailUrl":"https:\/\/www.hotelneuwirt.at\/wp-content\/uploads\/lev\u00e4gott.jpeg","datePublished":"2017-08-30T14:09:46+00:00","dateModified":"2020-04-15T14:16:58+00:00","description":"\u00c9l\u0151 trad\u00edci\u00f3 \u00e9s kellemes vend\u00e9gszeretet - mi, mint az \u00d6n vend\u00e9gl\u00e1t\u00f3i \u00f6r\u00fcl\u00fcnk, hogy a Neuwirt hotelben \u00fcdv\u00f6z\u00f6lhetj\u00fck.","breadcrumb":{"@id":"https:\/\/www.hotelneuwirt.at\/hotel-mauterndorf\/ihre-gastgeber\/#breadcrumb"},"inLanguage":"hu","potentialAction":[{"@type":"ReadAction","target":["https:\/\/www.hotelneuwirt.at\/hotel-mauterndorf\/ihre-gastgeber\/"]}]},{"@type":"ImageObject","inLanguage":"hu","@id":"https:\/\/www.hotelneuwirt.at\/hotel-mauterndorf\/ihre-gastgeber\/#primaryimage","url":"https:\/\/www.hotelneuwirt.at\/wp-content\/uploads\/lev\u00e4gott.jpeg","contentUrl":"https:\/\/www.hotelneuwirt.at\/wp-content\/uploads\/lev\u00e4gott.jpeg","width":1384,"height":933},{"@type":"BreadcrumbList","@id":"https:\/\/www.hotelneuwirt.at\/hotel-mauterndorf\/ihre-gastgeber\/#breadcrumb","itemListElement":[{"@type":"ListItem","position":1,"name":"Startseite","item":"https:\/\/www.hotelneuwirt.at\/hu\/"},{"@type":"ListItem","position":2,"name":"A hotel","item":"https:\/\/www.hotelneuwirt.at\/hu\/szalloda-mauterndorf\/"},{"@type":"ListItem","position":3,"name":"Az \u00d6n\u00f6k vend\u00e9gl\u00e1t\u00f3i"}]},{"@type":"WebSite","@id":"https:\/\/www.hotelneuwirt.at\/#website","url":"https:\/\/www.hotelneuwirt.at\/","name":"Hotel Neuwirt","description":"3 Sterne Hotel in Mauterndorf","potentialAction":[{"@type":"SearchAction","target":{"@type":"EntryPoint","urlTemplate":"https:\/\/www.hotelneuwirt.at\/?s={search_term_string}"},"query-input":{"@type":"PropertyValueSpecification","valueRequired":true,"valueName":"search_term_string"}}],"inLanguage":"hu"}]}},"_links":{"self":[{"href":"https:\/\/www.hotelneuwirt.at\/hu\/wp-json\/wp\/v2\/pages\/2117","targetHints":{"allow":["GET"]}}],"collection":[{"href":"https:\/\/www.hotelneuwirt.at\/hu\/wp-json\/wp\/v2\/pages"}],"about":[{"href":"https:\/\/www.hotelneuwirt.at\/hu\/wp-json\/wp\/v2\/types\/page"}],"author":[{"embeddable":true,"href":"https:\/\/www.hotelneuwirt.at\/hu\/wp-json\/wp\/v2\/users\/1"}],"replies":[{"embeddable":true,"href":"https:\/\/www.hotelneuwirt.at\/hu\/wp-json\/wp\/v2\/comments?post=2117"}],"version-history":[{"count":0,"href":"https:\/\/www.hotelneuwirt.at\/hu\/wp-json\/wp\/v2\/pages\/2117\/revisions"}],"up":[{"embeddable":true,"href":"https:\/\/www.hotelneuwirt.at\/hu\/wp-json\/wp\/v2\/pages\/2118"}],"wp:featuredmedia":[{"embeddable":true,"href":"https:\/\/www.hotelneuwirt.at\/hu\/wp-json\/wp\/v2\/media\/2994"}],"wp:attachment":[{"href":"https:\/\/www.hotelneuwirt.at\/hu\/wp-json\/wp\/v2\/media?parent=2117"}],"curies":[{"name":"wp","href":"https:\/\/api.w.org\/{rel}","templated":true}]}}