{"id":2111,"date":"2017-08-30T16:10:12","date_gmt":"2017-08-30T14:10:12","guid":{"rendered":"https:\/\/www.hotelneuwirt.at\/wellness\/"},"modified":"2020-03-08T15:46:37","modified_gmt":"2020-03-08T14:46:37","slug":"wellness","status":"publish","type":"page","link":"https:\/\/www.hotelneuwirt.at\/hu\/szalloda-mauterndorf\/wellness\/","title":{"rendered":"Wellness sziget"},"content":{"rendered":"<div class=\"wpb-content-wrapper\"><p>[vc_row][vc_column][vc_column_text]<\/p>\n<h2>T\u00e9li pihen\u0151id\u0151 szaun\u00e1val, pezsg\u0151k\u00e1ddal, relax szob\u00e1val&#8230;&#8230;.<\/h2>\n<h1>Kellemes wellness sziget<\/h1>\n<p>[\/vc_column_text][vc_separator][\/vc_column][\/vc_row][vc_row][vc_column][vc_column_text]<\/p>\n<p style=\"text-align: center;\">\u00d6nnek csak azt kell eld\u00f6ntenie, hogy sok munk\u00e1val t\u00f6lt\u00f6tt kimer\u00edt\u0151 nap ut\u00e1n milyen \u00e9lm\u00e9nyben gazdag pihen\u00e9st v\u00e1laszt. L\u00e1togassa meg a <strong>kellemesen berendezett tet\u0151kert\u00fcnket,<\/strong> mely j\u00f3t\u00e9konyhat\u00e1ssal van a vend\u00e9gek test\u00e9re, lelk\u00e9re.<\/p>\n<p style=\"text-align: center;\">Friss\u00fclj\u00f6n fel a <a href=\"https:\/\/www.hotelneuwirt.at\/hu\">Neuwirt hotel<\/a> wellness sziget\u00e9ben. \u00c9lvezze<strong> a pezsg\u0151k\u00e1dban gy\u00f6ngy\u00f6z\u0151 v\u00edz \u00e9s az zuhanyd\u00e9zsa <\/strong>\u00e9lm\u00e9ny\u00e9t. A <strong>finn szauna, a g\u0151zkabin<\/strong> \u00e9s a<strong> relax\u00e1rium<\/strong> t\u00f6k\u00e9letes felfriss\u00fcl\u00e9st \u00e9s wellnessprogramot biztos\u00edt vend\u00e9geink sz\u00e1m\u00e1ra. A recepci\u00f3n k\u00e9r\u00e9s\u00fckre rendelkez\u00e9s\u00fckre bocs\u00e1tunk <strong>egy wellnesst\u00e1sk\u00e1t f\u00fcrd\u0151k\u00f6nt\u00f6ssel \u00e9s szaunat\u00f6r\u00f6lk\u00f6z\u0151vel<\/strong>.<\/p>\n<p>[\/vc_column_text][\/vc_column][\/vc_row][vc_row][vc_column]<div id=\"ult-carousel-354245730469f2214f2918a\" class=\"ult-carousel-wrapper   ult_horizontal\" data-gutter=\"15\" data-rtl=\"false\" ><div class=\"ult-carousel-60489984669f2214f29080 \" >[vc_single_image image=&#8221;619&#8243; img_size=&#8221;medium&#8221; onclick=&#8221;link_image&#8221;][vc_single_image image=&#8221;1645&#8243; img_size=&#8221;medium&#8221; onclick=&#8221;link_image&#8221;][vc_single_image image=&#8221;646&#8243; img_size=&#8221;medium&#8221; onclick=&#8221;link_image&#8221;][vc_single_image image=&#8221;639&#8243; img_size=&#8221;medium&#8221; onclick=&#8221;link_image&#8221;][vc_single_image image=&#8221;620&#8243; img_size=&#8221;medium&#8221; onclick=&#8221;link_image&#8221;]<\/div><\/div>\t\t\t<script type=\"text\/javascript\">\n\t\t\t\tjQuery(document).ready(function ($) {\n\t\t\t\t\tif( typeof jQuery('.ult-carousel-60489984669f2214f29080').slick == \"function\"){\n\t\t\t\t\t\t$('.ult-carousel-60489984669f2214f29080').slick({dots: true,autoplaySpeed: \"5000\",speed: \"300\",infinite: false,arrows: true,nextArrow: '<button type=\"button\" role=\"button\" aria-label=\"Next\" style=\"color:#333333; font-size:65px;\" class=\"slick-next default\"><i class=\"ultsl-arrow-right6\"><\/i><\/button>',prevArrow: '<button type=\"button\" role=\"button\" aria-label=\"Previous\" style=\"color:#333333; font-size:65px;\" class=\"slick-prev default\"><i class=\"ultsl-arrow-left6\"><\/i><\/button>',slidesToScroll:2,slidesToShow:2,swipe: true,draggable: true,touchMove: true,pauseOnHover: true,pauseOnFocus: false,responsive: [\n\t\t\t\t\t\t\t{\n\t\t\t\t\t\t\t  breakpoint: 1026,\n\t\t\t\t\t\t\t  settings: {\n\t\t\t\t\t\t\t\tslidesToShow: 2,\n\t\t\t\t\t\t\t\tslidesToScroll: 2,  \n\t\t\t\t\t\t\t  }\n\t\t\t\t\t\t\t},\n\t\t\t\t\t\t\t{\n\t\t\t\t\t\t\t  breakpoint: 1025,\n\t\t\t\t\t\t\t  settings: {\n\t\t\t\t\t\t\t\tslidesToShow: 2,\n\t\t\t\t\t\t\t\tslidesToScroll: 2\n\t\t\t\t\t\t\t  }\n\t\t\t\t\t\t\t},\n\t\t\t\t\t\t\t{\n\t\t\t\t\t\t\t  breakpoint: 760,\n\t\t\t\t\t\t\t  settings: {\n\t\t\t\t\t\t\t\tslidesToShow: 1,\n\t\t\t\t\t\t\t\tslidesToScroll: 1\n\t\t\t\t\t\t\t  }\n\t\t\t\t\t\t\t}\n\t\t\t\t\t\t],pauseOnDotsHover: true,customPaging: function(slider, i) {\n                   return '<i type=\"button\" style= \"color:#333333;\" class=\"ultsl-record\" data-role=\"none\"><\/i>';\n                },});\n\t\t\t\t\t}\n\t\t\t\t});\n\t\t\t<\/script>\n\t\t\t[\/vc_column][\/vc_row][vc_row el_class=&#8221;rahmen&#8221;][vc_column][vc_column_text]<\/p>\n<h3>Relax\u00e1ci\u00f3s \u00e9s k\u00e9nyeztet\u0151 aj\u00e1nlatok<\/h3>\n<h4><\/h4>\n<h4>r\u00f6viden<\/h4>\n<p>[\/vc_column_text][vc_column_text]<\/p>\n<ul>\n<li><strong>Pezsg\u0151k\u00e1d:<\/strong> meleg, nyugtat\u00f3 friss v\u00edz, k\u00e9nyelmes \u00fcl\u0151hely, megnyugtat\u00f3 testbizserg\u00e9s, meleg h\u00e1t \u00e9s nyakmassz\u00e1zs, teljes kikapcsol\u00f3d\u00e1s, egy csod\u00e1latos \u00e9lm\u00e9ny a v\u00edzben,<\/li>\n<li><strong>Finnszauna: <\/strong>8 szem\u00e9ly r\u00e9sz\u00e9re, kb. 90 fok,<\/li>\n<li><strong>G\u0151zkabin: <\/strong>g\u0151zf\u00f6rd\u0151, nedves-meleg kb. 55 fokos leveg\u0151vel m\u0171k\u00f6d\u0151 inhal\u00e1l\u00f3, izzaszt\u00f3 pihentet\u0151 kabin 2 f\u0151 r\u00e9sz\u00e9re, 4 v\u00e1laszthat\u00f3 arom\u00e1val m\u0171k\u00f6dik: eukalyptus, kamilla, citromf\u0171, feny\u0151,<\/li>\n<li><strong>Kneipp-d\u00e9zsa:<\/strong> a hideg \u00e9s melegvizes l\u00e1bf\u00fcrd\u0151k v\u00e1ltakoz\u00e1s\u00e1nak j\u00f3t\u00e9kony hat\u00e1sa f\u0171thet\u0151 padon \u00fclve,<\/li>\n<li><strong>\u00c9lm\u00e9nyzuhany: <\/strong>massz\u00e1zs zuhany, hideg vizes d\u00e9zsa \u00e9s hideg k\u00f6d barlang \u00e9lm\u00e9ny,<\/li>\n<li><strong>Tet\u0151terasz: <\/strong>kellemesen j\u00f3 \u00e9rz\u00e9s a szaun\u00e1z\u00e1st k\u00f6vet\u0151en a test leh\u0171t\u00e9se a tiszta, term\u00e9szetes oxig\u00e9nnel teli leveg\u0151n,<\/li>\n<li><strong>Pihen\u0151szoba: <\/strong>pihen\u00e9s, laz\u00edt\u00e1s a tet\u0151teraszon kellemes k\u00f6rnyezetben a csobog\u00f3 mellett,<\/li>\n<li><strong>Relax\u00e1rium: <\/strong>itt a<span lang=\"hu\" tabindex=\"0\"> term\u00e9szet var\u00e1zsa, mint a nap, a melegs\u00e9g, a k\u00fcl\u00f6nb\u00f6z\u0151 sz\u00ednek, a tr\u00f3pusi es\u0151, a citrusok illata \u00e9s a zene egy nyugodt \u00e9s pihentet\u0151 \u00e1llapotot teremt<\/span><\/li>\n<\/ul>\n<p>[\/vc_column_text][\/vc_column][\/vc_row][vc_row][vc_column width=&#8221;1\/2&#8243;][vc_column_text]<span class=\"button-block\"><a href=\"https:\/\/www.hotelneuwirt.at\/hotel-mauterndorf\/leistungen\/\">Szolg\u00e1ltat\u00e1sok<\/a><\/span>[\/vc_column_text][\/vc_column][vc_column width=&#8221;1\/2&#8243;][vc_column_text]<span class=\"button-block\"><a href=\"https:\/\/www.hotelneuwirt.at\/hu\/szobak-mauterndorf\/\">Szob\u00e1ink<\/a><\/span>[\/vc_column_text][\/vc_column][\/vc_row]<\/p>\n<\/div>","protected":false},"excerpt":{"rendered":"<p>[vc_row][vc_column][vc_column_text] T\u00e9li pihen\u0151id\u0151 szaun\u00e1val, pezsg\u0151k\u00e1ddal, relax szob\u00e1val&#8230;&#8230;. Kellemes wellness sziget [\/vc_column_text][vc_separator][\/vc_column][\/vc_row][vc_row][vc_column][vc_column_text] \u00d6nnek csak azt kell eld\u00f6ntenie, hogy sok munk\u00e1val t\u00f6lt\u00f6tt kimer\u00edt\u0151 nap ut\u00e1n milyen \u00e9lm\u00e9nyben gazdag pihen\u00e9st v\u00e1laszt. L\u00e1togassa meg a kellemesen berendezett tet\u0151kert\u00fcnket, mely j\u00f3t\u00e9konyhat\u00e1ssal van a vend\u00e9gek test\u00e9re, lelk\u00e9re. Friss\u00fclj\u00f6n fel a Neuwirt hotel wellness sziget\u00e9ben. \u00c9lvezze a pezsg\u0151k\u00e1dban gy\u00f6ngy\u00f6z\u0151 v\u00edz \u00e9s az &hellip;<\/p>\n\n<p><a class=\"readmore btn btn-default btn-default btn-block\" href=\"https:\/\/www.hotelneuwirt.at\/hu\/szalloda-mauterndorf\/wellness\/\">Read More<\/a><\/p>","protected":false},"author":1,"featured_media":0,"parent":2118,"menu_order":0,"comment_status":"closed","ping_status":"closed","template":"","meta":{"_acf_changed":false,"rs_blank_template":"","rs_page_bg_color":"","slide_template_v7":"","footnotes":""},"class_list":["post-2111","page","type-page","status-publish","hentry"],"acf":[],"yoast_head":"<!-- This site is optimized with the Yoast SEO plugin v27.5 - https:\/\/yoast.com\/product\/yoast-seo-wordpress\/ -->\n<title>Impoz\u00e1ns Wellness sziget modern Tet\u0151terasszal - Neuwirt hotel<\/title>\n<meta name=\"description\" content=\"Pezsg\u0151k\u00e1d, finn szauna, g\u0151zkabin, Kneipp d\u00e9zsa, napoz\u00f3 terasz, pihen\u0151 szoba, relax\u00e1rium..... - Pr\u00f3b\u00e1lja ki kedves Wellness aj\u00e1nlatunkat\" \/>\n<meta name=\"robots\" content=\"index, follow, max-snippet:-1, max-image-preview:large, max-video-preview:-1\" \/>\n<link rel=\"canonical\" href=\"https:\/\/www.hotelneuwirt.at\/hotel-mauterndorf\/wellness\/\" \/>\n<meta property=\"og:locale\" content=\"hu_HU\" \/>\n<meta property=\"og:type\" content=\"article\" \/>\n<meta property=\"og:title\" content=\"Impoz\u00e1ns Wellness sziget modern Tet\u0151terasszal - Neuwirt hotel\" \/>\n<meta property=\"og:description\" content=\"Pezsg\u0151k\u00e1d, finn szauna, g\u0151zkabin, Kneipp d\u00e9zsa, napoz\u00f3 terasz, pihen\u0151 szoba, relax\u00e1rium..... - Pr\u00f3b\u00e1lja ki kedves Wellness aj\u00e1nlatunkat\" \/>\n<meta property=\"og:url\" content=\"https:\/\/www.hotelneuwirt.at\/hotel-mauterndorf\/wellness\/\" \/>\n<meta property=\"og:site_name\" content=\"Hotel Neuwirt\" \/>\n<meta property=\"article:modified_time\" content=\"2020-03-08T14:46:37+00:00\" \/>\n<meta property=\"og:image\" content=\"https:\/\/www.hotelneuwirt.at\/wp-content\/uploads\/wellness-hotel-neuwirt-mauterndorf-lungau-1.jpg\" \/>\n\t<meta property=\"og:image:width\" content=\"1920\" \/>\n\t<meta property=\"og:image:height\" content=\"750\" \/>\n\t<meta property=\"og:image:type\" content=\"image\/jpeg\" \/>\n<meta name=\"twitter:card\" content=\"summary_large_image\" \/>\n<meta name=\"twitter:label1\" content=\"Becs\u00fclt olvas\u00e1si id\u0151\" \/>\n\t<meta name=\"twitter:data1\" content=\"3 perc\" \/>\n<script type=\"application\/ld+json\" class=\"yoast-schema-graph\">{\"@context\":\"https:\\\/\\\/schema.org\",\"@graph\":[{\"@type\":\"WebPage\",\"@id\":\"https:\\\/\\\/www.hotelneuwirt.at\\\/hotel-mauterndorf\\\/wellness\\\/\",\"url\":\"https:\\\/\\\/www.hotelneuwirt.at\\\/hotel-mauterndorf\\\/wellness\\\/\",\"name\":\"Impoz\u00e1ns Wellness sziget modern Tet\u0151terasszal - Neuwirt hotel\",\"isPartOf\":{\"@id\":\"https:\\\/\\\/www.hotelneuwirt.at\\\/#website\"},\"datePublished\":\"2017-08-30T14:10:12+00:00\",\"dateModified\":\"2020-03-08T14:46:37+00:00\",\"description\":\"Pezsg\u0151k\u00e1d, finn szauna, g\u0151zkabin, Kneipp d\u00e9zsa, napoz\u00f3 terasz, pihen\u0151 szoba, relax\u00e1rium..... - Pr\u00f3b\u00e1lja ki kedves Wellness aj\u00e1nlatunkat\",\"breadcrumb\":{\"@id\":\"https:\\\/\\\/www.hotelneuwirt.at\\\/hotel-mauterndorf\\\/wellness\\\/#breadcrumb\"},\"inLanguage\":\"hu\",\"potentialAction\":[{\"@type\":\"ReadAction\",\"target\":[\"https:\\\/\\\/www.hotelneuwirt.at\\\/hotel-mauterndorf\\\/wellness\\\/\"]}]},{\"@type\":\"BreadcrumbList\",\"@id\":\"https:\\\/\\\/www.hotelneuwirt.at\\\/hotel-mauterndorf\\\/wellness\\\/#breadcrumb\",\"itemListElement\":[{\"@type\":\"ListItem\",\"position\":1,\"name\":\"Startseite\",\"item\":\"https:\\\/\\\/www.hotelneuwirt.at\\\/hu\\\/\"},{\"@type\":\"ListItem\",\"position\":2,\"name\":\"A hotel\",\"item\":\"https:\\\/\\\/www.hotelneuwirt.at\\\/hu\\\/szalloda-mauterndorf\\\/\"},{\"@type\":\"ListItem\",\"position\":3,\"name\":\"Wellness sziget\"}]},{\"@type\":\"WebSite\",\"@id\":\"https:\\\/\\\/www.hotelneuwirt.at\\\/#website\",\"url\":\"https:\\\/\\\/www.hotelneuwirt.at\\\/\",\"name\":\"Hotel Neuwirt\",\"description\":\"3 Sterne Hotel in Mauterndorf\",\"potentialAction\":[{\"@type\":\"SearchAction\",\"target\":{\"@type\":\"EntryPoint\",\"urlTemplate\":\"https:\\\/\\\/www.hotelneuwirt.at\\\/?s={search_term_string}\"},\"query-input\":{\"@type\":\"PropertyValueSpecification\",\"valueRequired\":true,\"valueName\":\"search_term_string\"}}],\"inLanguage\":\"hu\"}]}<\/script>\n<!-- \/ Yoast SEO plugin. -->","yoast_head_json":{"title":"Impoz\u00e1ns Wellness sziget modern Tet\u0151terasszal - Neuwirt hotel","description":"Pezsg\u0151k\u00e1d, finn szauna, g\u0151zkabin, Kneipp d\u00e9zsa, napoz\u00f3 terasz, pihen\u0151 szoba, relax\u00e1rium..... - Pr\u00f3b\u00e1lja ki kedves Wellness aj\u00e1nlatunkat","robots":{"index":"index","follow":"follow","max-snippet":"max-snippet:-1","max-image-preview":"max-image-preview:large","max-video-preview":"max-video-preview:-1"},"canonical":"https:\/\/www.hotelneuwirt.at\/hotel-mauterndorf\/wellness\/","og_locale":"hu_HU","og_type":"article","og_title":"Impoz\u00e1ns Wellness sziget modern Tet\u0151terasszal - Neuwirt hotel","og_description":"Pezsg\u0151k\u00e1d, finn szauna, g\u0151zkabin, Kneipp d\u00e9zsa, napoz\u00f3 terasz, pihen\u0151 szoba, relax\u00e1rium..... - Pr\u00f3b\u00e1lja ki kedves Wellness aj\u00e1nlatunkat","og_url":"https:\/\/www.hotelneuwirt.at\/hotel-mauterndorf\/wellness\/","og_site_name":"Hotel Neuwirt","article_modified_time":"2020-03-08T14:46:37+00:00","og_image":[{"width":1920,"height":750,"url":"https:\/\/www.hotelneuwirt.at\/wp-content\/uploads\/wellness-hotel-neuwirt-mauterndorf-lungau-1.jpg","type":"image\/jpeg"}],"twitter_card":"summary_large_image","twitter_misc":{"Becs\u00fclt olvas\u00e1si id\u0151":"3 perc"},"schema":{"@context":"https:\/\/schema.org","@graph":[{"@type":"WebPage","@id":"https:\/\/www.hotelneuwirt.at\/hotel-mauterndorf\/wellness\/","url":"https:\/\/www.hotelneuwirt.at\/hotel-mauterndorf\/wellness\/","name":"Impoz\u00e1ns Wellness sziget modern Tet\u0151terasszal - Neuwirt hotel","isPartOf":{"@id":"https:\/\/www.hotelneuwirt.at\/#website"},"datePublished":"2017-08-30T14:10:12+00:00","dateModified":"2020-03-08T14:46:37+00:00","description":"Pezsg\u0151k\u00e1d, finn szauna, g\u0151zkabin, Kneipp d\u00e9zsa, napoz\u00f3 terasz, pihen\u0151 szoba, relax\u00e1rium..... - Pr\u00f3b\u00e1lja ki kedves Wellness aj\u00e1nlatunkat","breadcrumb":{"@id":"https:\/\/www.hotelneuwirt.at\/hotel-mauterndorf\/wellness\/#breadcrumb"},"inLanguage":"hu","potentialAction":[{"@type":"ReadAction","target":["https:\/\/www.hotelneuwirt.at\/hotel-mauterndorf\/wellness\/"]}]},{"@type":"BreadcrumbList","@id":"https:\/\/www.hotelneuwirt.at\/hotel-mauterndorf\/wellness\/#breadcrumb","itemListElement":[{"@type":"ListItem","position":1,"name":"Startseite","item":"https:\/\/www.hotelneuwirt.at\/hu\/"},{"@type":"ListItem","position":2,"name":"A hotel","item":"https:\/\/www.hotelneuwirt.at\/hu\/szalloda-mauterndorf\/"},{"@type":"ListItem","position":3,"name":"Wellness sziget"}]},{"@type":"WebSite","@id":"https:\/\/www.hotelneuwirt.at\/#website","url":"https:\/\/www.hotelneuwirt.at\/","name":"Hotel Neuwirt","description":"3 Sterne Hotel in Mauterndorf","potentialAction":[{"@type":"SearchAction","target":{"@type":"EntryPoint","urlTemplate":"https:\/\/www.hotelneuwirt.at\/?s={search_term_string}"},"query-input":{"@type":"PropertyValueSpecification","valueRequired":true,"valueName":"search_term_string"}}],"inLanguage":"hu"}]}},"_links":{"self":[{"href":"https:\/\/www.hotelneuwirt.at\/hu\/wp-json\/wp\/v2\/pages\/2111","targetHints":{"allow":["GET"]}}],"collection":[{"href":"https:\/\/www.hotelneuwirt.at\/hu\/wp-json\/wp\/v2\/pages"}],"about":[{"href":"https:\/\/www.hotelneuwirt.at\/hu\/wp-json\/wp\/v2\/types\/page"}],"author":[{"embeddable":true,"href":"https:\/\/www.hotelneuwirt.at\/hu\/wp-json\/wp\/v2\/users\/1"}],"replies":[{"embeddable":true,"href":"https:\/\/www.hotelneuwirt.at\/hu\/wp-json\/wp\/v2\/comments?post=2111"}],"version-history":[{"count":0,"href":"https:\/\/www.hotelneuwirt.at\/hu\/wp-json\/wp\/v2\/pages\/2111\/revisions"}],"up":[{"embeddable":true,"href":"https:\/\/www.hotelneuwirt.at\/hu\/wp-json\/wp\/v2\/pages\/2118"}],"wp:attachment":[{"href":"https:\/\/www.hotelneuwirt.at\/hu\/wp-json\/wp\/v2\/media?parent=2111"}],"curies":[{"name":"wp","href":"https:\/\/api.w.org\/{rel}","templated":true}]}}