{"id":2109,"date":"2017-08-30T16:10:27","date_gmt":"2017-08-30T14:10:27","guid":{"rendered":"https:\/\/www.hotelneuwirt.at\/hotelbewertungen\/"},"modified":"2019-05-18T09:21:48","modified_gmt":"2019-05-18T07:21:48","slug":"ertekeles","status":"publish","type":"page","link":"https:\/\/www.hotelneuwirt.at\/hu\/szalloda-mauterndorf\/ertekeles\/","title":{"rendered":"Sz\u00e1llod\u00e1nk \u00e9rt\u00e9kel\u00e9se"},"content":{"rendered":"<div class=\"wpb-content-wrapper\"><p>[vc_row][vc_column][vc_column_text]<\/p>\n<h2>A vend\u00e9gek mondt\u00e1k r\u00f3lunk<\/h2>\n<h1>Sz\u00e1llod\u00e1nk \u00e9rt\u00e9kel\u00e9se<\/h1>\n<p>[\/vc_column_text][vc_separator][\/vc_column][\/vc_row][vc_row][vc_column width=&#8221;1\/4&#8243;][vc_raw_html]JTNDc2NyaXB0JTIwc3JjJTNEJTIyaHR0cHMlM0ElMkYlMkZ3d3cuaG9saWRheWNoZWNrLmRlJTJGd2lkZ2V0cyUzRnN0ZXAlM0Rjb2RlJTI2dHlwZSUzRGNvZGUlMjZvcHRpb25zJTNEaG90ZWwtMS0xNjg1MDUtZGVfREUtcy1iLTEtMi0tLTAlMjIlMjB0eXBlJTNEJTIydGV4dCUyRmphdmFzY3JpcHQlMjIlM0UlM0MlMkZzY3JpcHQlM0UlM0NkaXYlMjBpZCUzRCUyMmhvbGlkYXljaGVjay13aWRnZXQtaG90ZWwtMS0xNjg1MDUtZGVfREUtcy1iLTEtMi0tLTAlMjIlM0UlM0NkaXYlMjBpZCUzRCUyMmhvbGlkYXljaGVja193aWRnZXRfcGxhY2Vob2xkZXItMTY4NTA1JTIyJTIwc3R5bGUlM0QlMjJiYWNrZ3JvdW5kJTNBJTIwcmdiJTI4MCUyQyUyMDg4JTJDJTIwMTYyJTI5JTNCJTIwcGFkZGluZyUzQSUyMDVweCUzQiUyMHdpZHRoJTNBJTIwMTIwcHglM0IlMjIlM0UlM0NhJTIwaHJlZiUzRCUyMmh0dHBzJTNBJTJGJTJGd3d3LmhvbGlkYXljaGVjay5kZSUyRmhpJTJGaG90ZWwtbmV1d2lydCUyRmZlNzFlZGMxLTVhN2UtM2VhYi1iZjk3LTI1YzA4NmI4ODgyZSUyMiUzRSUzQ2ltZyUyMGFsdCUzRCUyMkhvdGVscyUyMG1pdCUyMEhvdGVsYmV3ZXJ0dW5nZW4lMjBiZWklMjBIb2xpZGF5Q2hlY2slMjIlMjBzcmMlM0QlMjJodHRwcyUzQSUyRiUyRnd3dy5ob2xpZGF5Y2hlY2suZGUlMkZ3aWRnZXRzJTJGbG9nb194bGFyZ2UucG5nJTIyJTIwYm9yZGVyJTNEJTIyMCUyMiUzRSUzQyUyRmElM0UlM0MlMkZkaXYlM0UlM0MlMkZkaXYlM0U=[\/vc_raw_html][\/vc_column][vc_column width=&#8221;3\/4&#8243;][vc_column_text]<\/p>\n<p style=\"text-align: center;\">Kedves Vend\u00e9geink!<\/p>\n<p style=\"text-align: center;\">\u0150szint\u00e9n k\u00f6sz\u00f6nj\u00fck v\u00e9lem\u00e9nyeiket \u00e9s bizalmukat sz\u00e1llod\u00e1nk ir\u00e1nt.<\/p>\n<p style=\"text-align: center;\">Nap mint nap az\u00e9rt dolgozunk, hogy megfelelj\u00fcnk az \u00d6n\u00f6k elv\u00e1r\u00e1sainak. V\u00e9lem\u00e9ny\u00fck fontos sz\u00e1munkra, mert ezzel tudjuk folyamatosan jav\u00edtani szolg\u00e1ltat\u00e1saink sz\u00ednvonal\u00e1t.<\/p>\n<p style=\"text-align: center;\">B\u00edzunk abban, hogy mihamarabb sz\u00e1llod\u00e1nk vend\u00e9gei k\u00f6z\u00f6tt \u00fcdv\u00f6z\u00f6lhetj\u00fck \u00d6n\u00f6ket!<\/p>\n<p style=\"text-align: center;\">Rita \u00e9s D\u00e1niel<\/p>\n<p>[\/vc_column_text][\/vc_column][\/vc_row][vc_row][vc_column][vc_raw_html]JTNDc2NyaXB0JTIwc3JjJTNEJTIyaHR0cHMlM0ElMkYlMkZ3d3cuaG9saWRheWNoZWNrLmF0JTJGd2lkZ2V0cyUzRnN0ZXAlM0Rjb2RlJTI2dHlwZSUzRGNvZGUlMjZvcHRpb25zJTNEaG90ZWwtMS0xNjg1MDUtZGVfQVQtbC13LTAtMS0xLTUtMSUyMiUyMHR5cGUlM0QlMjJ0ZXh0JTJGamF2YXNjcmlwdCUyMiUzRSUzQyUyRnNjcmlwdCUzRSUzQ2RpdiUyMGlkJTNEJTIyaG9saWRheWNoZWNrLXdpZGdldC1ob3RlbC0xLTE2ODUwNS1kZV9BVC1sLXctMC0xLTEtNS0xJTIyJTNFJTNDZGl2JTIwaWQlM0QlMjJob2xpZGF5Y2hlY2tfd2lkZ2V0X3BsYWNlaG9sZGVyLTE2ODUwNSUyMiUyMHN0eWxlJTNEJTIyd2lkdGglM0ExMjBweCUzQnBhZGRpbmclM0E1cHglM0JiYWNrZ3JvdW5kJTNBJTIzMDA1OGEyJTNCJTIyJTNFJTNDYSUyMGhyZWYlM0QlMjJodHRwcyUzQSUyRiUyRnd3dy5ob2xpZGF5Y2hlY2suYXQlMkZoaSUyRmhvdGVsLW5ldXdpcnQlMkZmZTcxZWRjMS01YTdlLTNlYWItYmY5Ny0yNWMwODZiODg4MmUlMjIlM0UlM0NpbWclMjBhbHQlM0QlMjJIb3RlbHMlMjBtaXQlMjBIb3RlbGJld2VydHVuZ2VuJTIwYmVpJTIwSG9saWRheUNoZWNrJTIyJTIwc3JjJTNEJTIyaHR0cHMlM0ElMkYlMkZ3d3cuaG9saWRheWNoZWNrLmF0JTJGd2lkZ2V0cyUyRmxvZ29feGxhcmdlLnBuZyUyMiUyMGJvcmRlciUzRCUyMjAlMjIlM0UlM0MlMkZhJTNFJTNDJTJGZGl2JTNFJTNDJTJGZGl2JTNF[\/vc_raw_html][\/vc_column][\/vc_row]<\/p>\n<\/div>","protected":false},"excerpt":{"rendered":"<p>[vc_row][vc_column][vc_column_text] A vend\u00e9gek mondt\u00e1k r\u00f3lunk Sz\u00e1llod\u00e1nk \u00e9rt\u00e9kel\u00e9se [\/vc_column_text][vc_separator][\/vc_column][\/vc_row][vc_row][vc_column width=&#8221;1\/4&#8243;][vc_raw_html]JTNDc2NyaXB0JTIwc3JjJTNEJTIyaHR0cHMlM0ElMkYlMkZ3d3cuaG9saWRheWNoZWNrLmRlJTJGd2lkZ2V0cyUzRnN0ZXAlM0Rjb2RlJTI2dHlwZSUzRGNvZGUlMjZvcHRpb25zJTNEaG90ZWwtMS0xNjg1MDUtZGVfREUtcy1iLTEtMi0tLTAlMjIlMjB0eXBlJTNEJTIydGV4dCUyRmphdmFzY3JpcHQlMjIlM0UlM0MlMkZzY3JpcHQlM0UlM0NkaXYlMjBpZCUzRCUyMmhvbGlkYXljaGVjay13aWRnZXQtaG90ZWwtMS0xNjg1MDUtZGVfREUtcy1iLTEtMi0tLTAlMjIlM0UlM0NkaXYlMjBpZCUzRCUyMmhvbGlkYXljaGVja193aWRnZXRfcGxhY2Vob2xkZXItMTY4NTA1JTIyJTIwc3R5bGUlM0QlMjJiYWNrZ3JvdW5kJTNBJTIwcmdiJTI4MCUyQyUyMDg4JTJDJTIwMTYyJTI5JTNCJTIwcGFkZGluZyUzQSUyMDVweCUzQiUyMHdpZHRoJTNBJTIwMTIwcHglM0IlMjIlM0UlM0NhJTIwaHJlZiUzRCUyMmh0dHBzJTNBJTJGJTJGd3d3LmhvbGlkYXljaGVjay5kZSUyRmhpJTJGaG90ZWwtbmV1d2lydCUyRmZlNzFlZGMxLTVhN2UtM2VhYi1iZjk3LTI1YzA4NmI4ODgyZSUyMiUzRSUzQ2ltZyUyMGFsdCUzRCUyMkhvdGVscyUyMG1pdCUyMEhvdGVsYmV3ZXJ0dW5nZW4lMjBiZWklMjBIb2xpZGF5Q2hlY2slMjIlMjBzcmMlM0QlMjJodHRwcyUzQSUyRiUyRnd3dy5ob2xpZGF5Y2hlY2suZGUlMkZ3aWRnZXRzJTJGbG9nb194bGFyZ2UucG5nJTIyJTIwYm9yZGVyJTNEJTIyMCUyMiUzRSUzQyUyRmElM0UlM0MlMkZkaXYlM0UlM0MlMkZkaXYlM0U=[\/vc_raw_html][\/vc_column][vc_column width=&#8221;3\/4&#8243;][vc_column_text] Kedves Vend\u00e9geink! \u0150szint\u00e9n k\u00f6sz\u00f6nj\u00fck v\u00e9lem\u00e9nyeiket \u00e9s bizalmukat sz\u00e1llod\u00e1nk ir\u00e1nt. Nap mint nap az\u00e9rt dolgozunk, hogy megfelelj\u00fcnk az \u00d6n\u00f6k elv\u00e1r\u00e1sainak. V\u00e9lem\u00e9ny\u00fck fontos sz\u00e1munkra, mert ezzel tudjuk folyamatosan jav\u00edtani szolg\u00e1ltat\u00e1saink sz\u00ednvonal\u00e1t. B\u00edzunk abban, hogy mihamarabb sz\u00e1llod\u00e1nk vend\u00e9gei k\u00f6z\u00f6tt \u00fcdv\u00f6z\u00f6lhetj\u00fck \u00d6n\u00f6ket! Rita \u00e9s D\u00e1niel [\/vc_column_text][\/vc_column][\/vc_row][vc_row][vc_column][vc_raw_html]JTNDc2NyaXB0JTIwc3JjJTNEJTIyaHR0cHMlM0ElMkYlMkZ3d3cuaG9saWRheWNoZWNrLmF0JTJGd2lkZ2V0cyUzRnN0ZXAlM0Rjb2RlJTI2dHlwZSUzRGNvZGUlMjZvcHRpb25zJTNEaG90ZWwtMS0xNjg1MDUtZGVfQVQtbC13LTAtMS0xLTUtMSUyMiUyMHR5cGUlM0QlMjJ0ZXh0JTJGamF2YXNjcmlwdCUyMiUzRSUzQyUyRnNjcmlwdCUzRSUzQ2RpdiUyMGlkJTNEJTIyaG9saWRheWNoZWNrLXdpZGdldC1ob3RlbC0xLTE2ODUwNS1kZV9BVC1sLXctMC0xLTEtNS0xJTIyJTNFJTNDZGl2JTIwaWQlM0QlMjJob2xpZGF5Y2hlY2tfd2lkZ2V0X3BsYWNlaG9sZGVyLTE2ODUwNSUyMiUyMHN0eWxlJTNEJTIyd2lkdGglM0ExMjBweCUzQnBhZGRpbmclM0E1cHglM0JiYWNrZ3JvdW5kJTNBJTIzMDA1OGEyJTNCJTIyJTNFJTNDYSUyMGhyZWYlM0QlMjJodHRwcyUzQSUyRiUyRnd3dy5ob2xpZGF5Y2hlY2suYXQlMkZoaSUyRmhvdGVsLW5ldXdpcnQlMkZmZTcxZWRjMS01YTdlLTNlYWItYmY5Ny0yNWMwODZiODg4MmUlMjIlM0UlM0NpbWclMjBhbHQlM0QlMjJIb3RlbHMlMjBtaXQlMjBIb3RlbGJld2VydHVuZ2VuJTIwYmVpJTIwSG9saWRheUNoZWNrJTIyJTIwc3JjJTNEJTIyaHR0cHMlM0ElMkYlMkZ3d3cuaG9saWRheWNoZWNrLmF0JTJGd2lkZ2V0cyUyRmxvZ29feGxhcmdlLnBuZyUyMiUyMGJvcmRlciUzRCUyMjAlMjIlM0UlM0MlMkZhJTNFJTNDJTJGZGl2JTNFJTNDJTJGZGl2JTNF[\/vc_raw_html][\/vc_column][\/vc_row]<\/p>\n\n<p><a class=\"readmore btn btn-default btn-default btn-block\" href=\"https:\/\/www.hotelneuwirt.at\/hu\/szalloda-mauterndorf\/ertekeles\/\">Read More<\/a><\/p>","protected":false},"author":1,"featured_media":2110,"parent":2118,"menu_order":0,"comment_status":"closed","ping_status":"closed","template":"","meta":{"_acf_changed":false,"rs_blank_template":"","rs_page_bg_color":"","slide_template_v7":"","footnotes":""},"class_list":["post-2109","page","type-page","status-publish","has-post-thumbnail","hentry"],"acf":[],"yoast_head":"<!-- This site is optimized with the Yoast SEO plugin v27.4 - https:\/\/yoast.com\/product\/yoast-seo-wordpress\/ -->\n<title>Sz\u00e1llod\u00e1nk \u00e9rt\u00e9kel\u00e9se - Hotel Neuwirt<\/title>\n<meta name=\"robots\" content=\"index, follow, max-snippet:-1, max-image-preview:large, max-video-preview:-1\" \/>\n<link rel=\"canonical\" href=\"https:\/\/www.hotelneuwirt.at\/hotel-mauterndorf\/hotelbewertungen\/\" \/>\n<meta property=\"og:locale\" content=\"hu_HU\" \/>\n<meta property=\"og:type\" content=\"article\" \/>\n<meta property=\"og:title\" content=\"Sz\u00e1llod\u00e1nk \u00e9rt\u00e9kel\u00e9se - Hotel Neuwirt\" \/>\n<meta property=\"og:description\" content=\"[vc_row][vc_column][vc_column_text] A vend\u00e9gek mondt\u00e1k r\u00f3lunk Sz\u00e1llod\u00e1nk \u00e9rt\u00e9kel\u00e9se [\/vc_column_text][vc_separator][\/vc_column][\/vc_row][vc_row][vc_column width=&#8221;1\/4&#8243;][vc_raw_html]JTNDc2NyaXB0JTIwc3JjJTNEJTIyaHR0cHMlM0ElMkYlMkZ3d3cuaG9saWRheWNoZWNrLmRlJTJGd2lkZ2V0cyUzRnN0ZXAlM0Rjb2RlJTI2dHlwZSUzRGNvZGUlMjZvcHRpb25zJTNEaG90ZWwtMS0xNjg1MDUtZGVfREUtcy1iLTEtMi0tLTAlMjIlMjB0eXBlJTNEJTIydGV4dCUyRmphdmFzY3JpcHQlMjIlM0UlM0MlMkZzY3JpcHQlM0UlM0NkaXYlMjBpZCUzRCUyMmhvbGlkYXljaGVjay13aWRnZXQtaG90ZWwtMS0xNjg1MDUtZGVfREUtcy1iLTEtMi0tLTAlMjIlM0UlM0NkaXYlMjBpZCUzRCUyMmhvbGlkYXljaGVja193aWRnZXRfcGxhY2Vob2xkZXItMTY4NTA1JTIyJTIwc3R5bGUlM0QlMjJiYWNrZ3JvdW5kJTNBJTIwcmdiJTI4MCUyQyUyMDg4JTJDJTIwMTYyJTI5JTNCJTIwcGFkZGluZyUzQSUyMDVweCUzQiUyMHdpZHRoJTNBJTIwMTIwcHglM0IlMjIlM0UlM0NhJTIwaHJlZiUzRCUyMmh0dHBzJTNBJTJGJTJGd3d3LmhvbGlkYXljaGVjay5kZSUyRmhpJTJGaG90ZWwtbmV1d2lydCUyRmZlNzFlZGMxLTVhN2UtM2VhYi1iZjk3LTI1YzA4NmI4ODgyZSUyMiUzRSUzQ2ltZyUyMGFsdCUzRCUyMkhvdGVscyUyMG1pdCUyMEhvdGVsYmV3ZXJ0dW5nZW4lMjBiZWklMjBIb2xpZGF5Q2hlY2slMjIlMjBzcmMlM0QlMjJodHRwcyUzQSUyRiUyRnd3dy5ob2xpZGF5Y2hlY2suZGUlMkZ3aWRnZXRzJTJGbG9nb194bGFyZ2UucG5nJTIyJTIwYm9yZGVyJTNEJTIyMCUyMiUzRSUzQyUyRmElM0UlM0MlMkZkaXYlM0UlM0MlMkZkaXYlM0U=[\/vc_raw_html][\/vc_column][vc_column width=&#8221;3\/4&#8243;][vc_column_text] Kedves Vend\u00e9geink! \u0150szint\u00e9n k\u00f6sz\u00f6nj\u00fck v\u00e9lem\u00e9nyeiket \u00e9s bizalmukat sz\u00e1llod\u00e1nk ir\u00e1nt. Nap mint nap az\u00e9rt dolgozunk, hogy megfelelj\u00fcnk az \u00d6n\u00f6k elv\u00e1r\u00e1sainak. V\u00e9lem\u00e9ny\u00fck fontos sz\u00e1munkra, mert ezzel tudjuk folyamatosan jav\u00edtani szolg\u00e1ltat\u00e1saink sz\u00ednvonal\u00e1t. B\u00edzunk abban, hogy mihamarabb sz\u00e1llod\u00e1nk vend\u00e9gei k\u00f6z\u00f6tt \u00fcdv\u00f6z\u00f6lhetj\u00fck \u00d6n\u00f6ket! Rita \u00e9s D\u00e1niel [\/vc_column_text][\/vc_column][\/vc_row][vc_row][vc_column][vc_raw_html]JTNDc2NyaXB0JTIwc3JjJTNEJTIyaHR0cHMlM0ElMkYlMkZ3d3cuaG9saWRheWNoZWNrLmF0JTJGd2lkZ2V0cyUzRnN0ZXAlM0Rjb2RlJTI2dHlwZSUzRGNvZGUlMjZvcHRpb25zJTNEaG90ZWwtMS0xNjg1MDUtZGVfQVQtbC13LTAtMS0xLTUtMSUyMiUyMHR5cGUlM0QlMjJ0ZXh0JTJGamF2YXNjcmlwdCUyMiUzRSUzQyUyRnNjcmlwdCUzRSUzQ2RpdiUyMGlkJTNEJTIyaG9saWRheWNoZWNrLXdpZGdldC1ob3RlbC0xLTE2ODUwNS1kZV9BVC1sLXctMC0xLTEtNS0xJTIyJTNFJTNDZGl2JTIwaWQlM0QlMjJob2xpZGF5Y2hlY2tfd2lkZ2V0X3BsYWNlaG9sZGVyLTE2ODUwNSUyMiUyMHN0eWxlJTNEJTIyd2lkdGglM0ExMjBweCUzQnBhZGRpbmclM0E1cHglM0JiYWNrZ3JvdW5kJTNBJTIzMDA1OGEyJTNCJTIyJTNFJTNDYSUyMGhyZWYlM0QlMjJodHRwcyUzQSUyRiUyRnd3dy5ob2xpZGF5Y2hlY2suYXQlMkZoaSUyRmhvdGVsLW5ldXdpcnQlMkZmZTcxZWRjMS01YTdlLTNlYWItYmY5Ny0yNWMwODZiODg4MmUlMjIlM0UlM0NpbWclMjBhbHQlM0QlMjJIb3RlbHMlMjBtaXQlMjBIb3RlbGJld2VydHVuZ2VuJTIwYmVpJTIwSG9saWRheUNoZWNrJTIyJTIwc3JjJTNEJTIyaHR0cHMlM0ElMkYlMkZ3d3cuaG9saWRheWNoZWNrLmF0JTJGd2lkZ2V0cyUyRmxvZ29feGxhcmdlLnBuZyUyMiUyMGJvcmRlciUzRCUyMjAlMjIlM0UlM0MlMkZhJTNFJTNDJTJGZGl2JTNFJTNDJTJGZGl2JTNF[\/vc_raw_html][\/vc_column][\/vc_row]\" \/>\n<meta property=\"og:url\" content=\"https:\/\/www.hotelneuwirt.at\/hotel-mauterndorf\/hotelbewertungen\/\" \/>\n<meta property=\"og:site_name\" content=\"Hotel Neuwirt\" \/>\n<meta property=\"article:modified_time\" content=\"2019-05-18T07:21:48+00:00\" \/>\n<meta property=\"og:image\" content=\"https:\/\/www.hotelneuwirt.at\/wp-content\/uploads\/bewertungen-zimmer-hotel-mauterndorf-neuwirt1.jpg\" \/>\n\t<meta property=\"og:image:width\" content=\"1920\" \/>\n\t<meta property=\"og:image:height\" content=\"750\" \/>\n\t<meta property=\"og:image:type\" content=\"image\/jpeg\" \/>\n<meta name=\"twitter:card\" content=\"summary_large_image\" \/>\n<meta name=\"twitter:label1\" content=\"Becs\u00fclt olvas\u00e1si id\u0151\" \/>\n\t<meta name=\"twitter:data1\" content=\"2 perc\" \/>\n<script type=\"application\/ld+json\" class=\"yoast-schema-graph\">{\"@context\":\"https:\\\/\\\/schema.org\",\"@graph\":[{\"@type\":\"WebPage\",\"@id\":\"https:\\\/\\\/www.hotelneuwirt.at\\\/hotel-mauterndorf\\\/hotelbewertungen\\\/\",\"url\":\"https:\\\/\\\/www.hotelneuwirt.at\\\/hotel-mauterndorf\\\/hotelbewertungen\\\/\",\"name\":\"Sz\u00e1llod\u00e1nk \u00e9rt\u00e9kel\u00e9se - Hotel Neuwirt\",\"isPartOf\":{\"@id\":\"https:\\\/\\\/www.hotelneuwirt.at\\\/#website\"},\"primaryImageOfPage\":{\"@id\":\"https:\\\/\\\/www.hotelneuwirt.at\\\/hotel-mauterndorf\\\/hotelbewertungen\\\/#primaryimage\"},\"image\":{\"@id\":\"https:\\\/\\\/www.hotelneuwirt.at\\\/hotel-mauterndorf\\\/hotelbewertungen\\\/#primaryimage\"},\"thumbnailUrl\":\"https:\\\/\\\/www.hotelneuwirt.at\\\/wp-content\\\/uploads\\\/bewertungen-zimmer-hotel-mauterndorf-neuwirt1.jpg\",\"datePublished\":\"2017-08-30T14:10:27+00:00\",\"dateModified\":\"2019-05-18T07:21:48+00:00\",\"breadcrumb\":{\"@id\":\"https:\\\/\\\/www.hotelneuwirt.at\\\/hotel-mauterndorf\\\/hotelbewertungen\\\/#breadcrumb\"},\"inLanguage\":\"hu\",\"potentialAction\":[{\"@type\":\"ReadAction\",\"target\":[\"https:\\\/\\\/www.hotelneuwirt.at\\\/hotel-mauterndorf\\\/hotelbewertungen\\\/\"]}]},{\"@type\":\"ImageObject\",\"inLanguage\":\"hu\",\"@id\":\"https:\\\/\\\/www.hotelneuwirt.at\\\/hotel-mauterndorf\\\/hotelbewertungen\\\/#primaryimage\",\"url\":\"https:\\\/\\\/www.hotelneuwirt.at\\\/wp-content\\\/uploads\\\/bewertungen-zimmer-hotel-mauterndorf-neuwirt1.jpg\",\"contentUrl\":\"https:\\\/\\\/www.hotelneuwirt.at\\\/wp-content\\\/uploads\\\/bewertungen-zimmer-hotel-mauterndorf-neuwirt1.jpg\",\"width\":1920,\"height\":750},{\"@type\":\"BreadcrumbList\",\"@id\":\"https:\\\/\\\/www.hotelneuwirt.at\\\/hotel-mauterndorf\\\/hotelbewertungen\\\/#breadcrumb\",\"itemListElement\":[{\"@type\":\"ListItem\",\"position\":1,\"name\":\"Startseite\",\"item\":\"https:\\\/\\\/www.hotelneuwirt.at\\\/hu\\\/\"},{\"@type\":\"ListItem\",\"position\":2,\"name\":\"A hotel\",\"item\":\"https:\\\/\\\/www.hotelneuwirt.at\\\/hu\\\/szalloda-mauterndorf\\\/\"},{\"@type\":\"ListItem\",\"position\":3,\"name\":\"Sz\u00e1llod\u00e1nk \u00e9rt\u00e9kel\u00e9se\"}]},{\"@type\":\"WebSite\",\"@id\":\"https:\\\/\\\/www.hotelneuwirt.at\\\/#website\",\"url\":\"https:\\\/\\\/www.hotelneuwirt.at\\\/\",\"name\":\"Hotel Neuwirt\",\"description\":\"3 Sterne Hotel in Mauterndorf\",\"potentialAction\":[{\"@type\":\"SearchAction\",\"target\":{\"@type\":\"EntryPoint\",\"urlTemplate\":\"https:\\\/\\\/www.hotelneuwirt.at\\\/?s={search_term_string}\"},\"query-input\":{\"@type\":\"PropertyValueSpecification\",\"valueRequired\":true,\"valueName\":\"search_term_string\"}}],\"inLanguage\":\"hu\"}]}<\/script>\n<!-- \/ Yoast SEO plugin. -->","yoast_head_json":{"title":"Sz\u00e1llod\u00e1nk \u00e9rt\u00e9kel\u00e9se - Hotel Neuwirt","robots":{"index":"index","follow":"follow","max-snippet":"max-snippet:-1","max-image-preview":"max-image-preview:large","max-video-preview":"max-video-preview:-1"},"canonical":"https:\/\/www.hotelneuwirt.at\/hotel-mauterndorf\/hotelbewertungen\/","og_locale":"hu_HU","og_type":"article","og_title":"Sz\u00e1llod\u00e1nk \u00e9rt\u00e9kel\u00e9se - Hotel Neuwirt","og_description":"[vc_row][vc_column][vc_column_text] A vend\u00e9gek mondt\u00e1k r\u00f3lunk Sz\u00e1llod\u00e1nk \u00e9rt\u00e9kel\u00e9se [\/vc_column_text][vc_separator][\/vc_column][\/vc_row][vc_row][vc_column width=&#8221;1\/4&#8243;][vc_raw_html]JTNDc2NyaXB0JTIwc3JjJTNEJTIyaHR0cHMlM0ElMkYlMkZ3d3cuaG9saWRheWNoZWNrLmRlJTJGd2lkZ2V0cyUzRnN0ZXAlM0Rjb2RlJTI2dHlwZSUzRGNvZGUlMjZvcHRpb25zJTNEaG90ZWwtMS0xNjg1MDUtZGVfREUtcy1iLTEtMi0tLTAlMjIlMjB0eXBlJTNEJTIydGV4dCUyRmphdmFzY3JpcHQlMjIlM0UlM0MlMkZzY3JpcHQlM0UlM0NkaXYlMjBpZCUzRCUyMmhvbGlkYXljaGVjay13aWRnZXQtaG90ZWwtMS0xNjg1MDUtZGVfREUtcy1iLTEtMi0tLTAlMjIlM0UlM0NkaXYlMjBpZCUzRCUyMmhvbGlkYXljaGVja193aWRnZXRfcGxhY2Vob2xkZXItMTY4NTA1JTIyJTIwc3R5bGUlM0QlMjJiYWNrZ3JvdW5kJTNBJTIwcmdiJTI4MCUyQyUyMDg4JTJDJTIwMTYyJTI5JTNCJTIwcGFkZGluZyUzQSUyMDVweCUzQiUyMHdpZHRoJTNBJTIwMTIwcHglM0IlMjIlM0UlM0NhJTIwaHJlZiUzRCUyMmh0dHBzJTNBJTJGJTJGd3d3LmhvbGlkYXljaGVjay5kZSUyRmhpJTJGaG90ZWwtbmV1d2lydCUyRmZlNzFlZGMxLTVhN2UtM2VhYi1iZjk3LTI1YzA4NmI4ODgyZSUyMiUzRSUzQ2ltZyUyMGFsdCUzRCUyMkhvdGVscyUyMG1pdCUyMEhvdGVsYmV3ZXJ0dW5nZW4lMjBiZWklMjBIb2xpZGF5Q2hlY2slMjIlMjBzcmMlM0QlMjJodHRwcyUzQSUyRiUyRnd3dy5ob2xpZGF5Y2hlY2suZGUlMkZ3aWRnZXRzJTJGbG9nb194bGFyZ2UucG5nJTIyJTIwYm9yZGVyJTNEJTIyMCUyMiUzRSUzQyUyRmElM0UlM0MlMkZkaXYlM0UlM0MlMkZkaXYlM0U=[\/vc_raw_html][\/vc_column][vc_column width=&#8221;3\/4&#8243;][vc_column_text] Kedves Vend\u00e9geink! \u0150szint\u00e9n k\u00f6sz\u00f6nj\u00fck v\u00e9lem\u00e9nyeiket \u00e9s bizalmukat sz\u00e1llod\u00e1nk ir\u00e1nt. Nap mint nap az\u00e9rt dolgozunk, hogy megfelelj\u00fcnk az \u00d6n\u00f6k elv\u00e1r\u00e1sainak. V\u00e9lem\u00e9ny\u00fck fontos sz\u00e1munkra, mert ezzel tudjuk folyamatosan jav\u00edtani szolg\u00e1ltat\u00e1saink sz\u00ednvonal\u00e1t. B\u00edzunk abban, hogy mihamarabb sz\u00e1llod\u00e1nk vend\u00e9gei k\u00f6z\u00f6tt \u00fcdv\u00f6z\u00f6lhetj\u00fck \u00d6n\u00f6ket! Rita \u00e9s D\u00e1niel [\/vc_column_text][\/vc_column][\/vc_row][vc_row][vc_column][vc_raw_html]JTNDc2NyaXB0JTIwc3JjJTNEJTIyaHR0cHMlM0ElMkYlMkZ3d3cuaG9saWRheWNoZWNrLmF0JTJGd2lkZ2V0cyUzRnN0ZXAlM0Rjb2RlJTI2dHlwZSUzRGNvZGUlMjZvcHRpb25zJTNEaG90ZWwtMS0xNjg1MDUtZGVfQVQtbC13LTAtMS0xLTUtMSUyMiUyMHR5cGUlM0QlMjJ0ZXh0JTJGamF2YXNjcmlwdCUyMiUzRSUzQyUyRnNjcmlwdCUzRSUzQ2RpdiUyMGlkJTNEJTIyaG9saWRheWNoZWNrLXdpZGdldC1ob3RlbC0xLTE2ODUwNS1kZV9BVC1sLXctMC0xLTEtNS0xJTIyJTNFJTNDZGl2JTIwaWQlM0QlMjJob2xpZGF5Y2hlY2tfd2lkZ2V0X3BsYWNlaG9sZGVyLTE2ODUwNSUyMiUyMHN0eWxlJTNEJTIyd2lkdGglM0ExMjBweCUzQnBhZGRpbmclM0E1cHglM0JiYWNrZ3JvdW5kJTNBJTIzMDA1OGEyJTNCJTIyJTNFJTNDYSUyMGhyZWYlM0QlMjJodHRwcyUzQSUyRiUyRnd3dy5ob2xpZGF5Y2hlY2suYXQlMkZoaSUyRmhvdGVsLW5ldXdpcnQlMkZmZTcxZWRjMS01YTdlLTNlYWItYmY5Ny0yNWMwODZiODg4MmUlMjIlM0UlM0NpbWclMjBhbHQlM0QlMjJIb3RlbHMlMjBtaXQlMjBIb3RlbGJld2VydHVuZ2VuJTIwYmVpJTIwSG9saWRheUNoZWNrJTIyJTIwc3JjJTNEJTIyaHR0cHMlM0ElMkYlMkZ3d3cuaG9saWRheWNoZWNrLmF0JTJGd2lkZ2V0cyUyRmxvZ29feGxhcmdlLnBuZyUyMiUyMGJvcmRlciUzRCUyMjAlMjIlM0UlM0MlMkZhJTNFJTNDJTJGZGl2JTNFJTNDJTJGZGl2JTNF[\/vc_raw_html][\/vc_column][\/vc_row]","og_url":"https:\/\/www.hotelneuwirt.at\/hotel-mauterndorf\/hotelbewertungen\/","og_site_name":"Hotel Neuwirt","article_modified_time":"2019-05-18T07:21:48+00:00","og_image":[{"width":1920,"height":750,"url":"https:\/\/www.hotelneuwirt.at\/wp-content\/uploads\/bewertungen-zimmer-hotel-mauterndorf-neuwirt1.jpg","type":"image\/jpeg"}],"twitter_card":"summary_large_image","twitter_misc":{"Becs\u00fclt olvas\u00e1si id\u0151":"2 perc"},"schema":{"@context":"https:\/\/schema.org","@graph":[{"@type":"WebPage","@id":"https:\/\/www.hotelneuwirt.at\/hotel-mauterndorf\/hotelbewertungen\/","url":"https:\/\/www.hotelneuwirt.at\/hotel-mauterndorf\/hotelbewertungen\/","name":"Sz\u00e1llod\u00e1nk \u00e9rt\u00e9kel\u00e9se - Hotel Neuwirt","isPartOf":{"@id":"https:\/\/www.hotelneuwirt.at\/#website"},"primaryImageOfPage":{"@id":"https:\/\/www.hotelneuwirt.at\/hotel-mauterndorf\/hotelbewertungen\/#primaryimage"},"image":{"@id":"https:\/\/www.hotelneuwirt.at\/hotel-mauterndorf\/hotelbewertungen\/#primaryimage"},"thumbnailUrl":"https:\/\/www.hotelneuwirt.at\/wp-content\/uploads\/bewertungen-zimmer-hotel-mauterndorf-neuwirt1.jpg","datePublished":"2017-08-30T14:10:27+00:00","dateModified":"2019-05-18T07:21:48+00:00","breadcrumb":{"@id":"https:\/\/www.hotelneuwirt.at\/hotel-mauterndorf\/hotelbewertungen\/#breadcrumb"},"inLanguage":"hu","potentialAction":[{"@type":"ReadAction","target":["https:\/\/www.hotelneuwirt.at\/hotel-mauterndorf\/hotelbewertungen\/"]}]},{"@type":"ImageObject","inLanguage":"hu","@id":"https:\/\/www.hotelneuwirt.at\/hotel-mauterndorf\/hotelbewertungen\/#primaryimage","url":"https:\/\/www.hotelneuwirt.at\/wp-content\/uploads\/bewertungen-zimmer-hotel-mauterndorf-neuwirt1.jpg","contentUrl":"https:\/\/www.hotelneuwirt.at\/wp-content\/uploads\/bewertungen-zimmer-hotel-mauterndorf-neuwirt1.jpg","width":1920,"height":750},{"@type":"BreadcrumbList","@id":"https:\/\/www.hotelneuwirt.at\/hotel-mauterndorf\/hotelbewertungen\/#breadcrumb","itemListElement":[{"@type":"ListItem","position":1,"name":"Startseite","item":"https:\/\/www.hotelneuwirt.at\/hu\/"},{"@type":"ListItem","position":2,"name":"A hotel","item":"https:\/\/www.hotelneuwirt.at\/hu\/szalloda-mauterndorf\/"},{"@type":"ListItem","position":3,"name":"Sz\u00e1llod\u00e1nk \u00e9rt\u00e9kel\u00e9se"}]},{"@type":"WebSite","@id":"https:\/\/www.hotelneuwirt.at\/#website","url":"https:\/\/www.hotelneuwirt.at\/","name":"Hotel Neuwirt","description":"3 Sterne Hotel in Mauterndorf","potentialAction":[{"@type":"SearchAction","target":{"@type":"EntryPoint","urlTemplate":"https:\/\/www.hotelneuwirt.at\/?s={search_term_string}"},"query-input":{"@type":"PropertyValueSpecification","valueRequired":true,"valueName":"search_term_string"}}],"inLanguage":"hu"}]}},"_links":{"self":[{"href":"https:\/\/www.hotelneuwirt.at\/hu\/wp-json\/wp\/v2\/pages\/2109","targetHints":{"allow":["GET"]}}],"collection":[{"href":"https:\/\/www.hotelneuwirt.at\/hu\/wp-json\/wp\/v2\/pages"}],"about":[{"href":"https:\/\/www.hotelneuwirt.at\/hu\/wp-json\/wp\/v2\/types\/page"}],"author":[{"embeddable":true,"href":"https:\/\/www.hotelneuwirt.at\/hu\/wp-json\/wp\/v2\/users\/1"}],"replies":[{"embeddable":true,"href":"https:\/\/www.hotelneuwirt.at\/hu\/wp-json\/wp\/v2\/comments?post=2109"}],"version-history":[{"count":0,"href":"https:\/\/www.hotelneuwirt.at\/hu\/wp-json\/wp\/v2\/pages\/2109\/revisions"}],"up":[{"embeddable":true,"href":"https:\/\/www.hotelneuwirt.at\/hu\/wp-json\/wp\/v2\/pages\/2118"}],"wp:featuredmedia":[{"embeddable":true,"href":"https:\/\/www.hotelneuwirt.at\/hu\/wp-json\/wp\/v2\/media\/2110"}],"wp:attachment":[{"href":"https:\/\/www.hotelneuwirt.at\/hu\/wp-json\/wp\/v2\/media?parent=2109"}],"curies":[{"name":"wp","href":"https:\/\/api.w.org\/{rel}","templated":true}]}}