{"id":2107,"date":"2017-08-30T16:10:46","date_gmt":"2017-08-30T14:10:46","guid":{"rendered":"https:\/\/www.hotelneuwirt.at\/buchungsinformationen\/"},"modified":"2024-01-16T19:01:14","modified_gmt":"2024-01-16T18:01:14","slug":"foglalasi-informaciok","status":"publish","type":"page","link":"https:\/\/www.hotelneuwirt.at\/hu\/szalloda-mauterndorf\/foglalasi-informaciok\/","title":{"rendered":"Foglal\u00e1si inform\u00e1ci\u00f3k"},"content":{"rendered":"<div class=\"wpb-content-wrapper\"><p>[vc_row][vc_column][vc_column_text]<\/p>\n<h2>Az \u00d6n 3 csillagos Neuwirt sz\u00e1llod\u00e1ja<\/h2>\n<h1>Foglal\u00e1si inform\u00e1ci\u00f3k<\/h1>\n<p>[\/vc_column_text][vc_separator][\/vc_column][\/vc_row][vc_row][vc_column width=&#8221;1\/2&#8243;][vc_tta_accordion active_section=&#8221;false&#8221; collapsible_all=&#8221;true&#8221;][vc_tta_section title=&#8221;\u00c9rkez\u00e9s \u00e9s elutaz\u00e1s&#8221; tab_id=&#8221;1473664743486-f4a3defd-1254&#8243;][vc_column_text]Az \u00e9rkez\u00e9s napj\u00e1n a szob\u00e1kat 14.00 \u00f3r\u00e1t\u00f3l foglalhatj\u00e1k el. Elutaz\u00e1s napj\u00e1n pedig szeretettel k\u00e9rj\u00fck \u00d6n\u00f6ket, hogy szob\u00e1ikat 10.00 \u00f3r\u00e1ig sz\u00edveskedjenek elhagyni.[\/vc_column_text][\/vc_tta_section][vc_tta_section title=&#8221;Parkol\u00e1s&#8221; tab_id=&#8221;1473665067531-6cafd915-3172&#8243;][vc_column_text]Sz\u00e1llod\u00e1nk saj\u00e1t parkol\u00f3ja ingyenes \u00e1ll vend\u00e9geink rendelkez\u00e9s\u00e9re.<\/p>\n<p>[\/vc_column_text][\/vc_tta_section][vc_tta_section title=&#8221;Sz\u00e1llodai szolg\u00e1ltat\u00e1sok&#8221; tab_id=&#8221;1473664743399-1436f024-2672&#8243;][vc_column_text]Az \u00d6n\u00f6k t\u00f6k\u00e9letes komfort \u00e9rzete fontos sz\u00e1munkra. Ez\u00e9rt sz\u00e1llod\u00e1nk az al\u00e1bbi szolg\u00e1ltat\u00e1sokat bocs\u00e1tja rendelkez\u00e9s\u00fckre itt tart\u00f3zkod\u00e1suk ideje alatt:<\/p>\n<p>&nbsp;<\/p>\n<ul>\n<li>Wellness szolg\u00e1ltat\u00e1s a tet\u0151t\u00e9rben napoz\u00f3terasszal<\/li>\n<li>K\u00f6z\u00f6ss\u00e9gi t\u00e9r a sz\u00e1lloda f\u00f6ldszintj\u00e9n<\/li>\n<li>K\u00e9r\u00e9sre hotelb\u00e1r<\/li>\n<li>S\u00edl\u00e9c \u00e9s s\u00edcip\u0151 t\u00e1rol\u00f3 forr\u00f3 leveg\u0151s cip\u0151sz\u00e1r\u00edt\u00f3val az alagsorban<\/li>\n<li>Ingyenes Wifi a sz\u00e1lloda eg\u00e9sz ter\u00fclet\u00e9n<\/li>\n<li>Gyermek j\u00e1tsz\u00f3 szoba DVD lej\u00e1tsz\u00f3val \u00e9s magyar nyelv\u0171 filmekkel<\/li>\n<li>K\u00fcl\u00f6nf\u00e9le t\u00e1rsasj\u00e1t\u00e9kok kicsiknek \u00e9s nagyoknak egyar\u00e1nt<\/li>\n<li>Szobai sz\u00e9f<\/li>\n<li>K\u00f6zponti sz\u00e9f<\/li>\n<\/ul>\n<p>[\/vc_column_text][\/vc_tta_section][vc_tta_section title=&#8221;Nem doh\u00e1nyz\u00f3 sz\u00e1ll\u00e1s&#8221; tab_id=&#8221;1473665568535-fab8516e-315c&#8221;][vc_column_text]Sz\u00e1llod\u00e1nk nem doh\u00e1nyz\u00f3 sz\u00e1ll\u00e1shely. K\u00e9rj\u00fck doh\u00e1nyozzanak a szabadban. K\u00f6sz\u00f6nj\u00fck, hogy tekintettel vannak a k\u00f6rnyezet\u00fckben \u00e9l\u0151 emberek eg\u00e9szs\u00e9g\u00e9re.<\/p>\n<p>[\/vc_column_text][\/vc_tta_section][vc_tta_section title=&#8221;Ell\u00e1t\u00e1s&#8221; tab_id=&#8221;1473665653820-42623039-6e2f&#8221;][vc_column_text]Sz\u00e1llod\u00e1nkban a szob\u00e1hoz az al\u00e1bbi ell\u00e1t\u00e1si lehet\u0151s\u00e9gek k\u00f6z\u00fcl v\u00e1laszthatnak:<\/p>\n<p>&nbsp;<\/p>\n<ul>\n<li>B\u00fcf\u00e9reggeli: A b\u00fcf\u00e9 asztalunkon megtal\u00e1lhat\u00f3 nagy v\u00e1laszt\u00e9kban b\u0151s\u00e9ges meleg \u00e9s hideg reggeli. K\u00e9zm\u0171ves gyulai kolb\u00e1sz k\u00fcl\u00f6nb\u00f6z\u0151 \u00edzes\u00edt\u00e9ssel, saj\u00e1t k\u00e9sz\u00edt\u00e9s\u0171 \u00e9s f\u00fcst\u00f6l\u00e9s\u0171 s\u00fclt sonka, szalonna, toj\u00e1s\u00e9telek, lecs\u00f3. Gy\u00fcm\u00f6lcs \u00e9s nat\u00far joghurtok, gabonapelyhek, felv\u00e1gottak, sajtok, k\u00e9zm\u0171ves \u00e9s saj\u00e1t k\u00e9sz\u00edt\u00e9s\u0171 p\u00e9ks\u00fctem\u00e9nyek, saj\u00e1t k\u00e9sz\u00edt\u00e9s\u0171 lekv\u00e1rok.<\/li>\n<li>B\u00fcf\u00e9vacsora: 3 fog\u00e1sb\u00f3l \u00e1ll\u00f3 sv\u00e9dasztalos b\u00fcf\u00e9vacsora sal\u00e1tab\u00fcf\u00e9vel. A b\u00fcf\u00e9vacsor\u00e1nk k\u00e9t k\u00fcl\u00f6nb\u00f6z\u0151 fajta levest, 3 f\u0151\u00e9telt \u00e9s egy napi desszertet tartalmaz. \u00c9teleink k\u00f6z\u00f6tt legink\u00e1bb a trad\u00edcion\u00e1lis magyarorsz\u00e1gi n\u00e9met, magyar \u00e9s a nemzetk\u00f6zi konyha \u00e9telei tal\u00e1lhat\u00f3ak meg.<\/li>\n<\/ul>\n<p>[\/vc_column_text][\/vc_tta_section][vc_tta_section title=&#8221;Gyermekeknek sz\u00f3l\u00f3 szolg\u00e1ltat\u00e1saink&#8221; tab_id=&#8221;1473666828990-b42aa386-d750&#8243;][vc_column_text]Sz\u00e1llod\u00e1nk gyermekbar\u00e1t sz\u00e1ll\u00e1shely. Szolg\u00e1ltat\u00e1saink k\u00f6z\u00f6tt megtal\u00e1lhat\u00f3:<\/p>\n<p>&nbsp;<\/p>\n<ul>\n<li>Gazdagon berendezett gyermekj\u00e1tsz\u00f3 szoba sz\u00e1mtalan vid\u00e1m j\u00e1t\u00e9kkal,<\/li>\n<li>DVD lej\u00e1tsz\u00f3 sz\u00e1mos magyar nyelv\u0171 anim\u00e1ci\u00f3s \u00e9s csal\u00e1di filmmel,<\/li>\n<li>Gyermek p\u00f3t\u00e1gy illetve baba kis\u00e1gy \u00e1gynem\u0171vel,<\/li>\n<li>Az \u00e9tteremben etet\u0151sz\u00e9k a legkisebbek r\u00e9sz\u00e9re,<\/li>\n<li>Cumis\u00fcveg meleg\u00edt\u0151, minih\u0171t\u0151 k\u00e9r\u00e9sre,<\/li>\n<li>\u00c9teleinkkel is igyeksz\u00fcnk a gyermekek kedv\u00e9ben j\u00e1rni.<\/li>\n<\/ul>\n<p>[\/vc_column_text][\/vc_tta_section][vc_tta_section title=&#8221;Ingyenes s\u00edbusz&#8221; tab_id=&#8221;1473681838252-9945ae91-7cb5&#8243;][vc_column_text]T\u00e9len a k\u00f6rnyez\u0151 s\u00edp\u00e1ly\u00e1k ingyenes s\u00edbusz j\u00e1ratokkal \u00e9rhet\u0151k el. A legk\u00f6zelebbi s\u00edp\u00e1ly\u00e1ra k\u00f6zleked\u0151<strong> s\u00edbusz meg\u00e1ll\u00f3ja k\u00f6zvetlen\u00fcl a hotel parkol\u00f3ja sark\u00e1n tal\u00e1lhat\u00f3<\/strong>. A tov\u00e1bbi s\u00edp\u00e1ly\u00e1kra k\u00f6zleked\u0151 s\u00edbuszok meg\u00e1ll\u00f3ja kb. 200 m\u00e9terre el\u00e9rhet\u0151.[\/vc_column_text][\/vc_tta_section][vc_tta_section title=&#8221;B\u00e9rl\u00e9s&#8221; tab_id=&#8221;1504773352271-c8b41354-6ec3&#8243;][vc_column_text]Sz\u00e1llod\u00e1nkt\u00f3l nem messze a telep\u00fcl\u00e9sen tal\u00e1lhat\u00f3 k\u00f6lcs\u00f6nz\u0151ben nagy v\u00e1laszt\u00e9kkal megtal\u00e1lhat\u00f3k a t\u00e9li \u00e9s a ny\u00e1ri sportokhoz megfelel\u0151 felszerel\u00e9sek. Sz\u00e1llod\u00e1nk vend\u00e9gei a LungauCard felmutat\u00e1s\u00e1val a k\u00f6lcs\u00f6nz\u00e9s \u00e1r\u00e1b\u00f3l 10 % kedvezm\u00e9nyt kapnak.<\/p>\n<p>[\/vc_column_text][\/vc_tta_section][vc_tta_section title=&#8221;Wellness szolg\u00e1ltat\u00e1s&#8221; tab_id=&#8221;1504773374340-7530f381-578a&#8221;][vc_column_text]Ingyenesen rendelkez\u00e9s\u00fckre \u00e1ll\u00f3 Wellness r\u00e9szleg\u00fcnkben megtal\u00e1lhat\u00f3:<\/p>\n<p>&nbsp;<\/p>\n<ul>\n<li>pezsg\u0151k\u00e1d<\/li>\n<li>finn szauna<\/li>\n<li>g\u0151zkabin<\/li>\n<li>kneipp d\u00e9zsa<\/li>\n<li>\u00e9lm\u00e9nyzuhany<\/li>\n<li>pihen\u0151 szoba<\/li>\n<li>relax\u00e1l\u00f3 kabin<\/li>\n<li>napoz\u00f3 tet\u0151 terasz<\/li>\n<\/ul>\n<p>[\/vc_column_text][\/vc_tta_section][\/vc_tta_accordion][\/vc_column][vc_column width=&#8221;1\/2&#8243;][vc_tta_accordion active_section=&#8221;false&#8221; collapsible_all=&#8221;true&#8221;][vc_tta_section title=&#8221;Lungau k\u00e1rtya&#8221; tab_id=&#8221;1473666950135-4031d4a5-4441&#8243;][vc_column_text]A <a href=\"https:\/\/www.hotelneuwirt.at\/urlaub-lungau\/lungau-card\/\">Lungau vend\u00e9gk\u00e1rtya<\/a> sz\u00e1mtalan ingyenesen illetve kedvezm\u00e9nyesen ig\u00e9nybe vehet\u0151 kedvezm\u00e9nyt biztos\u00edt vend\u00e9geinknek.<\/p>\n<p>A k\u00e1rty\u00e1t vend\u00e9geink r\u00e9sz\u00e9re ingyenesen biztos\u00edtjuk.[\/vc_column_text][\/vc_tta_section][vc_tta_section title=&#8221;H\u00e1zi\u00e1llat&#8221; tab_id=&#8221;1473666950406-3beddfcd-8f0f&#8221;][vc_column_text]Ha szeretn\u00e9 elhozni hozz\u00e1nk h\u00e1zi kedvenc\u00e9t, el\u0151zetes k\u00e9rd\u00e9s\u00e9re sz\u00edvesen \u00e1llunk rendelkez\u00e9s\u00e9re. H\u00e1zi\u00e1llat napi d\u00edja 15 Euro ell\u00e1t\u00e1s n\u00e9lk\u00fcl.[\/vc_column_text][\/vc_tta_section][vc_tta_section title=&#8221;Internet \u00e9s Wifi&#8221; tab_id=&#8221;1473668986901-0c6dfc6e-8660&#8243;][vc_column_text]Sz\u00e1llod\u00e1nk eg\u00e9sz ter\u00fclet\u00e9n ingyenes WIFI \u00e1ll a vend\u00e9geink rendelkez\u00e9s\u00e9re.[\/vc_column_text][\/vc_tta_section][vc_tta_section title=&#8221;Idegenforgalmi ad\u00f3 \u00e9s infrastrukt\u00fara fejleszt\u00e9si d\u00edj&#8221; tab_id=&#8221;1473666950662-069fcfdd-734d&#8221;][vc_column_text]Az idegenforgalmi ad\u00f3t \u00e1raink nem tartalmazz\u00e1k. Az idegenforgalmi ad\u00f3 m\u00e9rt\u00e9ke szem\u00e9lyenk\u00e9nt \u00e9s \u00e9jszak\u00e1nk\u00e9nt 15 \u00e9ves kort\u00f3l 2 Euro. T\u00e1j\u00e9koztatjuk \u00d6n\u00f6ket tov\u00e1bb\u00e1, hogy a helyi \u00d6nkorm\u00e1nyzat 2019. \u00e1prilis\u00e1t\u00f3l bevezette az ifrastrukt\u00fara fejleszt\u00e9si d\u00edj\u00e1t is, melynek m\u00e9rt\u00e9ke szem\u00e9lyenk\u00e9nt \u00e9s \u00e9jszak\u00e1nk\u00e9nt 6 \u00e9ves kor felett 1 Euro.<\/p>\n<p>[\/vc_column_text][\/vc_tta_section][vc_tta_section title=&#8221;Gyermek kedvezm\u00e9nyek&#8221; tab_id=&#8221;1473669794127-53609b0d-9562&#8243;][vc_column_text]A sz\u00fcl\u0151vel egy szob\u00e1ban elhelyezett gyermekek r\u00e9sz\u00e9re az al\u00e1bbi gyermek kedvezm\u00e9nyeket biztos\u00edtjuk:<\/p>\n<ul>\n<li>0 \u2013 5,9 \u00e9ves korig: &#8211; 100 %<\/li>\n<li>6 \u2013 14,9 \u00e9ves korig: &#8211; 50 %<\/li>\n<\/ul>\n<p>[\/vc_column_text][\/vc_tta_section][vc_tta_section title=&#8221;Egy\u00e1gyas fel\u00e1r&#8221; tab_id=&#8221;1473666950930-9ee6cf36-b891&#8243;][vc_column_text]Franci\u00e1gyas illetve k\u00e9t\u00e1gyas szob\u00e1ban egy szem\u00e9ly r\u00e9sz\u00e9re felsz\u00e1m\u00edtand\u00f3 egy\u00e1gyas fel\u00e1r 30 Euro \u00e9jszak\u00e1nk\u00e9nt.[\/vc_column_text][\/vc_tta_section][vc_tta_section title=&#8221;Fizet\u00e9si m\u00f3dok&#8221; tab_id=&#8221;1473666951193-b834a35e-de31&#8243;][vc_column_text]A Hotelban az al\u00e1bbi fizet\u00e9si m\u00f3dok \u00e1llnak az \u00d6n\u00f6k rendelkez\u00e9s\u00e9re:<\/p>\n<ul>\n<li>k\u00e9szp\u00e9nz<\/li>\n<li>bankk\u00e1rtya (Master, Maestro, Amerikan Express, Visa&#8230;)<\/li>\n<\/ul>\n<p>[\/vc_column_text][\/vc_tta_section][\/vc_tta_accordion][\/vc_column][\/vc_row][vc_row css=&#8221;.vc_custom_1504773660808{margin-top: 30px !important;}&#8221;][vc_column width=&#8221;1\/3&#8243;][vc_column_text]<span class=\"button-grau\"><a href=\"https:\/\/www.hotelneuwirt.at\/hu\/szobak-mauterndorf\/\">Szob\u00e1k \u00e9s \u00e1rak<\/a><\/span>[\/vc_column_text][\/vc_column][vc_column width=&#8221;1\/3&#8243;][vc_column_text]<span class=\"button-block\"><a href=\"https:\/\/www.hotelneuwirt.at\/hu\/szalloda-mauterndorf\/azonnali-foglalas\/\">Azonnali foglal\u00e1s<\/a><\/span>[\/vc_column_text][\/vc_column][vc_column width=&#8221;1\/3&#8243;][vc_column_text]<span class=\"button-grau\"><a href=\"https:\/\/www.hotelneuwirt.at\/hu\/szalloda-mauterndorf\/ajanlat-keres\/\">\u00c9rdekl\u0151d\u00e9s<\/a><\/span>[\/vc_column_text][\/vc_column][\/vc_row]<\/p>\n<\/div>","protected":false},"excerpt":{"rendered":"<p>[vc_row][vc_column][vc_column_text] Az \u00d6n 3 csillagos Neuwirt sz\u00e1llod\u00e1ja Foglal\u00e1si inform\u00e1ci\u00f3k [\/vc_column_text][vc_separator][\/vc_column][\/vc_row][vc_row][vc_column width=&#8221;1\/2&#8243;][vc_tta_accordion active_section=&#8221;false&#8221; collapsible_all=&#8221;true&#8221;][vc_tta_section title=&#8221;\u00c9rkez\u00e9s \u00e9s elutaz\u00e1s&#8221; tab_id=&#8221;1473664743486-f4a3defd-1254&#8243;][vc_column_text]Az \u00e9rkez\u00e9s napj\u00e1n a szob\u00e1kat 14.00 \u00f3r\u00e1t\u00f3l foglalhatj\u00e1k el. Elutaz\u00e1s napj\u00e1n pedig szeretettel k\u00e9rj\u00fck \u00d6n\u00f6ket, hogy szob\u00e1ikat 10.00 \u00f3r\u00e1ig sz\u00edveskedjenek elhagyni.[\/vc_column_text][\/vc_tta_section][vc_tta_section title=&#8221;Parkol\u00e1s&#8221; tab_id=&#8221;1473665067531-6cafd915-3172&#8243;][vc_column_text]Sz\u00e1llod\u00e1nk saj\u00e1t parkol\u00f3ja ingyenes \u00e1ll vend\u00e9geink rendelkez\u00e9s\u00e9re. [\/vc_column_text][\/vc_tta_section][vc_tta_section title=&#8221;Sz\u00e1llodai szolg\u00e1ltat\u00e1sok&#8221; tab_id=&#8221;1473664743399-1436f024-2672&#8243;][vc_column_text]Az \u00d6n\u00f6k t\u00f6k\u00e9letes komfort \u00e9rzete fontos sz\u00e1munkra. &hellip;<\/p>\n\n<p><a class=\"readmore btn btn-default btn-default btn-block\" href=\"https:\/\/www.hotelneuwirt.at\/hu\/szalloda-mauterndorf\/foglalasi-informaciok\/\">Read More<\/a><\/p>","protected":false},"author":1,"featured_media":2108,"parent":2118,"menu_order":0,"comment_status":"closed","ping_status":"closed","template":"","meta":{"_acf_changed":false,"rs_blank_template":"","rs_page_bg_color":"","slide_template_v7":"","footnotes":""},"class_list":["post-2107","page","type-page","status-publish","has-post-thumbnail","hentry"],"acf":[],"yoast_head":"<!-- This site is optimized with the Yoast SEO plugin v27.3 - https:\/\/yoast.com\/product\/yoast-seo-wordpress\/ -->\n<title>Foglal\u00e1si inform\u00e1ci\u00f3k - Sz\u00fcnid\u0151 a Neuwirt hotelben Mauterndorfban<\/title>\n<meta name=\"description\" content=\"A foglal\u00e1si inform\u00e1ci\u00f3kban tal\u00e1lja a t\u00e9nyleges inform\u00e1ci\u00f3kat a ny\u00e1ri \u00e9s t\u00e9li pihen\u00e9sre vonatkoz\u00f3an a Neuwirt hotelben.\" \/>\n<meta name=\"robots\" content=\"index, follow, max-snippet:-1, max-image-preview:large, max-video-preview:-1\" \/>\n<link rel=\"canonical\" href=\"https:\/\/www.hotelneuwirt.at\/hu\/szalloda-mauterndorf\/foglalasi-informaciok\/\" \/>\n<meta property=\"og:locale\" content=\"hu_HU\" \/>\n<meta property=\"og:type\" content=\"article\" \/>\n<meta property=\"og:title\" content=\"Foglal\u00e1si inform\u00e1ci\u00f3k - Sz\u00fcnid\u0151 a Neuwirt hotelben Mauterndorfban\" \/>\n<meta property=\"og:description\" content=\"A foglal\u00e1si inform\u00e1ci\u00f3kban tal\u00e1lja a t\u00e9nyleges inform\u00e1ci\u00f3kat a ny\u00e1ri \u00e9s t\u00e9li pihen\u00e9sre vonatkoz\u00f3an a Neuwirt hotelben.\" \/>\n<meta property=\"og:url\" content=\"https:\/\/www.hotelneuwirt.at\/hu\/szalloda-mauterndorf\/foglalasi-informaciok\/\" \/>\n<meta property=\"og:site_name\" content=\"Hotel Neuwirt\" \/>\n<meta property=\"article:modified_time\" content=\"2024-01-16T18:01:14+00:00\" \/>\n<meta property=\"og:image\" content=\"https:\/\/www.hotelneuwirt.at\/wp-content\/uploads\/buchungsinformationen-zimmer-mauterndorf-hotel-neuwirt-beitrag.jpg\" \/>\n\t<meta property=\"og:image:width\" content=\"1920\" \/>\n\t<meta property=\"og:image:height\" content=\"750\" \/>\n\t<meta property=\"og:image:type\" content=\"image\/jpeg\" \/>\n<meta name=\"twitter:card\" content=\"summary_large_image\" \/>\n<meta name=\"twitter:label1\" content=\"Becs\u00fclt olvas\u00e1si id\u0151\" \/>\n\t<meta name=\"twitter:data1\" content=\"3 perc\" \/>\n<script type=\"application\/ld+json\" class=\"yoast-schema-graph\">{\"@context\":\"https:\\\/\\\/schema.org\",\"@graph\":[{\"@type\":\"WebPage\",\"@id\":\"https:\\\/\\\/www.hotelneuwirt.at\\\/hu\\\/szalloda-mauterndorf\\\/foglalasi-informaciok\\\/\",\"url\":\"https:\\\/\\\/www.hotelneuwirt.at\\\/hu\\\/szalloda-mauterndorf\\\/foglalasi-informaciok\\\/\",\"name\":\"Foglal\u00e1si inform\u00e1ci\u00f3k - Sz\u00fcnid\u0151 a Neuwirt hotelben Mauterndorfban\",\"isPartOf\":{\"@id\":\"https:\\\/\\\/www.hotelneuwirt.at\\\/#website\"},\"primaryImageOfPage\":{\"@id\":\"https:\\\/\\\/www.hotelneuwirt.at\\\/hu\\\/szalloda-mauterndorf\\\/foglalasi-informaciok\\\/#primaryimage\"},\"image\":{\"@id\":\"https:\\\/\\\/www.hotelneuwirt.at\\\/hu\\\/szalloda-mauterndorf\\\/foglalasi-informaciok\\\/#primaryimage\"},\"thumbnailUrl\":\"https:\\\/\\\/www.hotelneuwirt.at\\\/wp-content\\\/uploads\\\/buchungsinformationen-zimmer-mauterndorf-hotel-neuwirt-beitrag.jpg\",\"datePublished\":\"2017-08-30T14:10:46+00:00\",\"dateModified\":\"2024-01-16T18:01:14+00:00\",\"description\":\"A foglal\u00e1si inform\u00e1ci\u00f3kban tal\u00e1lja a t\u00e9nyleges inform\u00e1ci\u00f3kat a ny\u00e1ri \u00e9s t\u00e9li pihen\u00e9sre vonatkoz\u00f3an a Neuwirt hotelben.\",\"breadcrumb\":{\"@id\":\"https:\\\/\\\/www.hotelneuwirt.at\\\/hu\\\/szalloda-mauterndorf\\\/foglalasi-informaciok\\\/#breadcrumb\"},\"inLanguage\":\"hu\",\"potentialAction\":[{\"@type\":\"ReadAction\",\"target\":[\"https:\\\/\\\/www.hotelneuwirt.at\\\/hu\\\/szalloda-mauterndorf\\\/foglalasi-informaciok\\\/\"]}]},{\"@type\":\"ImageObject\",\"inLanguage\":\"hu\",\"@id\":\"https:\\\/\\\/www.hotelneuwirt.at\\\/hu\\\/szalloda-mauterndorf\\\/foglalasi-informaciok\\\/#primaryimage\",\"url\":\"https:\\\/\\\/www.hotelneuwirt.at\\\/wp-content\\\/uploads\\\/buchungsinformationen-zimmer-mauterndorf-hotel-neuwirt-beitrag.jpg\",\"contentUrl\":\"https:\\\/\\\/www.hotelneuwirt.at\\\/wp-content\\\/uploads\\\/buchungsinformationen-zimmer-mauterndorf-hotel-neuwirt-beitrag.jpg\",\"width\":1920,\"height\":750},{\"@type\":\"BreadcrumbList\",\"@id\":\"https:\\\/\\\/www.hotelneuwirt.at\\\/hu\\\/szalloda-mauterndorf\\\/foglalasi-informaciok\\\/#breadcrumb\",\"itemListElement\":[{\"@type\":\"ListItem\",\"position\":1,\"name\":\"Startseite\",\"item\":\"https:\\\/\\\/www.hotelneuwirt.at\\\/hu\\\/\"},{\"@type\":\"ListItem\",\"position\":2,\"name\":\"A hotel\",\"item\":\"https:\\\/\\\/www.hotelneuwirt.at\\\/hu\\\/szalloda-mauterndorf\\\/\"},{\"@type\":\"ListItem\",\"position\":3,\"name\":\"Foglal\u00e1si inform\u00e1ci\u00f3k\"}]},{\"@type\":\"WebSite\",\"@id\":\"https:\\\/\\\/www.hotelneuwirt.at\\\/#website\",\"url\":\"https:\\\/\\\/www.hotelneuwirt.at\\\/\",\"name\":\"Hotel Neuwirt\",\"description\":\"3 Sterne Hotel in Mauterndorf\",\"potentialAction\":[{\"@type\":\"SearchAction\",\"target\":{\"@type\":\"EntryPoint\",\"urlTemplate\":\"https:\\\/\\\/www.hotelneuwirt.at\\\/?s={search_term_string}\"},\"query-input\":{\"@type\":\"PropertyValueSpecification\",\"valueRequired\":true,\"valueName\":\"search_term_string\"}}],\"inLanguage\":\"hu\"}]}<\/script>\n<!-- \/ Yoast SEO plugin. -->","yoast_head_json":{"title":"Foglal\u00e1si inform\u00e1ci\u00f3k - Sz\u00fcnid\u0151 a Neuwirt hotelben Mauterndorfban","description":"A foglal\u00e1si inform\u00e1ci\u00f3kban tal\u00e1lja a t\u00e9nyleges inform\u00e1ci\u00f3kat a ny\u00e1ri \u00e9s t\u00e9li pihen\u00e9sre vonatkoz\u00f3an a Neuwirt hotelben.","robots":{"index":"index","follow":"follow","max-snippet":"max-snippet:-1","max-image-preview":"max-image-preview:large","max-video-preview":"max-video-preview:-1"},"canonical":"https:\/\/www.hotelneuwirt.at\/hu\/szalloda-mauterndorf\/foglalasi-informaciok\/","og_locale":"hu_HU","og_type":"article","og_title":"Foglal\u00e1si inform\u00e1ci\u00f3k - Sz\u00fcnid\u0151 a Neuwirt hotelben Mauterndorfban","og_description":"A foglal\u00e1si inform\u00e1ci\u00f3kban tal\u00e1lja a t\u00e9nyleges inform\u00e1ci\u00f3kat a ny\u00e1ri \u00e9s t\u00e9li pihen\u00e9sre vonatkoz\u00f3an a Neuwirt hotelben.","og_url":"https:\/\/www.hotelneuwirt.at\/hu\/szalloda-mauterndorf\/foglalasi-informaciok\/","og_site_name":"Hotel Neuwirt","article_modified_time":"2024-01-16T18:01:14+00:00","og_image":[{"width":1920,"height":750,"url":"https:\/\/www.hotelneuwirt.at\/wp-content\/uploads\/buchungsinformationen-zimmer-mauterndorf-hotel-neuwirt-beitrag.jpg","type":"image\/jpeg"}],"twitter_card":"summary_large_image","twitter_misc":{"Becs\u00fclt olvas\u00e1si id\u0151":"3 perc"},"schema":{"@context":"https:\/\/schema.org","@graph":[{"@type":"WebPage","@id":"https:\/\/www.hotelneuwirt.at\/hu\/szalloda-mauterndorf\/foglalasi-informaciok\/","url":"https:\/\/www.hotelneuwirt.at\/hu\/szalloda-mauterndorf\/foglalasi-informaciok\/","name":"Foglal\u00e1si inform\u00e1ci\u00f3k - Sz\u00fcnid\u0151 a Neuwirt hotelben Mauterndorfban","isPartOf":{"@id":"https:\/\/www.hotelneuwirt.at\/#website"},"primaryImageOfPage":{"@id":"https:\/\/www.hotelneuwirt.at\/hu\/szalloda-mauterndorf\/foglalasi-informaciok\/#primaryimage"},"image":{"@id":"https:\/\/www.hotelneuwirt.at\/hu\/szalloda-mauterndorf\/foglalasi-informaciok\/#primaryimage"},"thumbnailUrl":"https:\/\/www.hotelneuwirt.at\/wp-content\/uploads\/buchungsinformationen-zimmer-mauterndorf-hotel-neuwirt-beitrag.jpg","datePublished":"2017-08-30T14:10:46+00:00","dateModified":"2024-01-16T18:01:14+00:00","description":"A foglal\u00e1si inform\u00e1ci\u00f3kban tal\u00e1lja a t\u00e9nyleges inform\u00e1ci\u00f3kat a ny\u00e1ri \u00e9s t\u00e9li pihen\u00e9sre vonatkoz\u00f3an a Neuwirt hotelben.","breadcrumb":{"@id":"https:\/\/www.hotelneuwirt.at\/hu\/szalloda-mauterndorf\/foglalasi-informaciok\/#breadcrumb"},"inLanguage":"hu","potentialAction":[{"@type":"ReadAction","target":["https:\/\/www.hotelneuwirt.at\/hu\/szalloda-mauterndorf\/foglalasi-informaciok\/"]}]},{"@type":"ImageObject","inLanguage":"hu","@id":"https:\/\/www.hotelneuwirt.at\/hu\/szalloda-mauterndorf\/foglalasi-informaciok\/#primaryimage","url":"https:\/\/www.hotelneuwirt.at\/wp-content\/uploads\/buchungsinformationen-zimmer-mauterndorf-hotel-neuwirt-beitrag.jpg","contentUrl":"https:\/\/www.hotelneuwirt.at\/wp-content\/uploads\/buchungsinformationen-zimmer-mauterndorf-hotel-neuwirt-beitrag.jpg","width":1920,"height":750},{"@type":"BreadcrumbList","@id":"https:\/\/www.hotelneuwirt.at\/hu\/szalloda-mauterndorf\/foglalasi-informaciok\/#breadcrumb","itemListElement":[{"@type":"ListItem","position":1,"name":"Startseite","item":"https:\/\/www.hotelneuwirt.at\/hu\/"},{"@type":"ListItem","position":2,"name":"A hotel","item":"https:\/\/www.hotelneuwirt.at\/hu\/szalloda-mauterndorf\/"},{"@type":"ListItem","position":3,"name":"Foglal\u00e1si inform\u00e1ci\u00f3k"}]},{"@type":"WebSite","@id":"https:\/\/www.hotelneuwirt.at\/#website","url":"https:\/\/www.hotelneuwirt.at\/","name":"Hotel Neuwirt","description":"3 Sterne Hotel in Mauterndorf","potentialAction":[{"@type":"SearchAction","target":{"@type":"EntryPoint","urlTemplate":"https:\/\/www.hotelneuwirt.at\/?s={search_term_string}"},"query-input":{"@type":"PropertyValueSpecification","valueRequired":true,"valueName":"search_term_string"}}],"inLanguage":"hu"}]}},"_links":{"self":[{"href":"https:\/\/www.hotelneuwirt.at\/hu\/wp-json\/wp\/v2\/pages\/2107","targetHints":{"allow":["GET"]}}],"collection":[{"href":"https:\/\/www.hotelneuwirt.at\/hu\/wp-json\/wp\/v2\/pages"}],"about":[{"href":"https:\/\/www.hotelneuwirt.at\/hu\/wp-json\/wp\/v2\/types\/page"}],"author":[{"embeddable":true,"href":"https:\/\/www.hotelneuwirt.at\/hu\/wp-json\/wp\/v2\/users\/1"}],"replies":[{"embeddable":true,"href":"https:\/\/www.hotelneuwirt.at\/hu\/wp-json\/wp\/v2\/comments?post=2107"}],"version-history":[{"count":0,"href":"https:\/\/www.hotelneuwirt.at\/hu\/wp-json\/wp\/v2\/pages\/2107\/revisions"}],"up":[{"embeddable":true,"href":"https:\/\/www.hotelneuwirt.at\/hu\/wp-json\/wp\/v2\/pages\/2118"}],"wp:featuredmedia":[{"embeddable":true,"href":"https:\/\/www.hotelneuwirt.at\/hu\/wp-json\/wp\/v2\/media\/2108"}],"wp:attachment":[{"href":"https:\/\/www.hotelneuwirt.at\/hu\/wp-json\/wp\/v2\/media?parent=2107"}],"curies":[{"name":"wp","href":"https:\/\/api.w.org\/{rel}","templated":true}]}}