{"id":2105,"date":"2017-08-30T16:11:19","date_gmt":"2017-08-30T14:11:19","guid":{"rendered":"https:\/\/www.hotelneuwirt.at\/online-buchen\/"},"modified":"2021-08-26T15:17:59","modified_gmt":"2021-08-26T13:17:59","slug":"azonnali-foglalas","status":"publish","type":"page","link":"https:\/\/www.hotelneuwirt.at\/hu\/szalloda-mauterndorf\/azonnali-foglalas\/","title":{"rendered":"Azonnali foglal\u00e1s"},"content":{"rendered":"<div class=\"wpb-content-wrapper\"><p>[vc_row][vc_column][vc_column_text]<\/p>\n<h2>A 3 csillagos Neuwirt Hotel<\/h2>\n<h1>Azonnali foglal\u00e1s<\/h1>\n<p>[\/vc_column_text][vc_separator][\/vc_column][\/vc_row][vc_row][vc_column][vc_column_text]<\/p>\n<p style=\"text-align: center;\">A foglal\u00e1sokat kezel\u0151 rendszer\u00fcnkkel \u00d6n\u00f6k hitelk\u00e1rtya n\u00e9lk\u00fcl a k\u00edv\u00e1nt szob\u00e1t lefoglalhatj\u00e1k.<\/p>\n<p style=\"text-align: center;\">Amennyiben a k\u00edv\u00e1nt id\u0151szakban nem lehets\u00e9ges az azonnali foglal\u00e1s, ne habozzon k\u00f6zvetlen\u00fcl m\u0171k\u00f6d\u0151 el\u00e9rhet\u0151s\u00e9geinken felkeresni benn\u00fcnket.<\/p>\n<p style=\"text-align: center;\">Mi biztosan megtal\u00e1ljuk \u00d6nnek a megfelel\u0151 szob\u00e1t!<\/p>\n<p>[\/vc_column_text][\/vc_column][\/vc_row][vc_row][vc_column offset=&#8221;vc_hidden-sm vc_hidden-xs&#8221;][vc_raw_html]JTNDc2NyaXB0JTNFJTBBJTA5JTA5JTA5d2luZG93LmR3JTIwJTNEJTIwd2luZG93LmR3JTIwJTdDJTdDJTIwZnVuY3Rpb24lMjAlMjglMjklMjAlN0IlMjAlMjhkdy5xJTIwJTNEJTIwZHcucSUyMCU3QyU3QyUyMCU1QiU1RCUyOS5wdXNoJTI4YXJndW1lbnRzJTI5JTIwJTdEJTNCJTBBJTA5JTA5JTA5ZHclMjglMEElMDklMDklMDklMDklMjdzZXR0aW5ncyUyNyUyQyUwQSUwOSUwOSUwOSUwOSUyNzgyMzhiZDFkLTdkZDUtNGNlMy1hMjlkLWI5ZDdiMDRiOTQ3MCUyNyUyQyUwQSUwOSUwOSUwOSUwOSU3QiUwQSUwOSUwOSUwOSUwOSUwOSUyMmNvbnRleHQlMjIlM0ElMjAlN0IlMEElMDklMDklMDklMDklMDklMDklMjJzZXJ2aWNlSWRzJTIyJTNBJTIwJTVCJTVEJTJDJTBBJTA5JTA5JTA5JTA5JTA5JTA5JTIycHJvZHVjdElkcyUyMiUzQSUyMCU1QiU1RCUwQSUwOSUwOSUwOSUwOSUwOSU3RCUyQyUwQSUwOSUwOSUwOSUwOSUwOSUyMmxhbmclMjIlM0ElMjAlMjdodSUyNyUwQSUwOSUwOSUwOSUwOSU3RCUwQSUwOSUwOSUwOSUyOSUzQiUwQSUwOSUwOSUzQyUyRnNjcmlwdCUzRSUwQSUwOSUwOSUzQ3NjcmlwdCUyMGFzeW5jJTIwc3JjJTNEJTIyaHR0cHMlM0ElMkYlMkZ3ZWI1LmRlc2tsaW5lLm5ldCUyRnN0YXJ0JTJGQUNDV0VCU0FMWiUyRjgyMzhiZDFkLTdkZDUtNGNlMy1hMjlkLWI5ZDdiMDRiOTQ3MCUyRmluZGV4LmpzJTIyJTNFJTNDJTJGc2NyaXB0JTNF[\/vc_raw_html][\/vc_column][\/vc_row][vc_row][vc_column offset=&#8221;vc_hidden-lg vc_hidden-md&#8221;][\/vc_column][\/vc_row]<\/p>\n<\/div>","protected":false},"excerpt":{"rendered":"<p>[vc_row][vc_column][vc_column_text] A 3 csillagos Neuwirt Hotel Azonnali foglal\u00e1s [\/vc_column_text][vc_separator][\/vc_column][\/vc_row][vc_row][vc_column][vc_column_text] A foglal\u00e1sokat kezel\u0151 rendszer\u00fcnkkel \u00d6n\u00f6k hitelk\u00e1rtya n\u00e9lk\u00fcl a k\u00edv\u00e1nt szob\u00e1t lefoglalhatj\u00e1k. Amennyiben a k\u00edv\u00e1nt id\u0151szakban nem lehets\u00e9ges az azonnali foglal\u00e1s, ne habozzon k\u00f6zvetlen\u00fcl m\u0171k\u00f6d\u0151 el\u00e9rhet\u0151s\u00e9geinken felkeresni benn\u00fcnket. Mi biztosan megtal\u00e1ljuk \u00d6nnek a megfelel\u0151 szob\u00e1t! [\/vc_column_text][\/vc_column][\/vc_row][vc_row][vc_column offset=&#8221;vc_hidden-sm vc_hidden-xs&#8221;][vc_raw_html]JTNDc2NyaXB0JTNFJTBBJTA5JTA5JTA5d2luZG93LmR3JTIwJTNEJTIwd2luZG93LmR3JTIwJTdDJTdDJTIwZnVuY3Rpb24lMjAlMjglMjklMjAlN0IlMjAlMjhkdy5xJTIwJTNEJTIwZHcucSUyMCU3QyU3QyUyMCU1QiU1RCUyOS5wdXNoJTI4YXJndW1lbnRzJTI5JTIwJTdEJTNCJTBBJTA5JTA5JTA5ZHclMjglMEElMDklMDklMDklMDklMjdzZXR0aW5ncyUyNyUyQyUwQSUwOSUwOSUwOSUwOSUyNzgyMzhiZDFkLTdkZDUtNGNlMy1hMjlkLWI5ZDdiMDRiOTQ3MCUyNyUyQyUwQSUwOSUwOSUwOSUwOSU3QiUwQSUwOSUwOSUwOSUwOSUwOSUyMmNvbnRleHQlMjIlM0ElMjAlN0IlMEElMDklMDklMDklMDklMDklMDklMjJzZXJ2aWNlSWRzJTIyJTNBJTIwJTVCJTVEJTJDJTBBJTA5JTA5JTA5JTA5JTA5JTA5JTIycHJvZHVjdElkcyUyMiUzQSUyMCU1QiU1RCUwQSUwOSUwOSUwOSUwOSUwOSU3RCUyQyUwQSUwOSUwOSUwOSUwOSUwOSUyMmxhbmclMjIlM0ElMjAlMjdodSUyNyUwQSUwOSUwOSUwOSUwOSU3RCUwQSUwOSUwOSUwOSUyOSUzQiUwQSUwOSUwOSUzQyUyRnNjcmlwdCUzRSUwQSUwOSUwOSUzQ3NjcmlwdCUyMGFzeW5jJTIwc3JjJTNEJTIyaHR0cHMlM0ElMkYlMkZ3ZWI1LmRlc2tsaW5lLm5ldCUyRnN0YXJ0JTJGQUNDV0VCU0FMWiUyRjgyMzhiZDFkLTdkZDUtNGNlMy1hMjlkLWI5ZDdiMDRiOTQ3MCUyRmluZGV4LmpzJTIyJTNFJTNDJTJGc2NyaXB0JTNF[\/vc_raw_html][\/vc_column][\/vc_row][vc_row][vc_column offset=&#8221;vc_hidden-lg vc_hidden-md&#8221;][\/vc_column][\/vc_row]<\/p>\n\n<p><a class=\"readmore btn btn-default btn-default btn-block\" href=\"https:\/\/www.hotelneuwirt.at\/hu\/szalloda-mauterndorf\/azonnali-foglalas\/\">Read More<\/a><\/p>","protected":false},"author":1,"featured_media":2054,"parent":2118,"menu_order":0,"comment_status":"closed","ping_status":"closed","template":"","meta":{"_acf_changed":false,"rs_blank_template":"","rs_page_bg_color":"","slide_template_v7":"","footnotes":""},"class_list":["post-2105","page","type-page","status-publish","has-post-thumbnail","hentry"],"acf":[],"yoast_head":"<!-- This site is optimized with the Yoast SEO plugin v27.4 - https:\/\/yoast.com\/product\/yoast-seo-wordpress\/ -->\n<title>Azonnali foglal\u00e1s - Szoba a Neuwirt hotelben<\/title>\n<meta name=\"description\" content=\"Azonnali foglal\u00e1s - foglalja le a k\u00edv\u00e1nt szob\u00e1t a Neuwirt hotelben.\" \/>\n<meta name=\"robots\" content=\"index, follow, max-snippet:-1, max-image-preview:large, max-video-preview:-1\" \/>\n<link rel=\"canonical\" href=\"https:\/\/www.hotelneuwirt.at\/hotel-mauterndorf\/online-buchen\/\" \/>\n<meta property=\"og:locale\" content=\"hu_HU\" \/>\n<meta property=\"og:type\" content=\"article\" \/>\n<meta property=\"og:title\" content=\"Azonnali foglal\u00e1s - Szoba a Neuwirt hotelben\" \/>\n<meta property=\"og:description\" content=\"Azonnali foglal\u00e1s - foglalja le a k\u00edv\u00e1nt szob\u00e1t a Neuwirt hotelben.\" \/>\n<meta property=\"og:url\" content=\"https:\/\/www.hotelneuwirt.at\/hotel-mauterndorf\/online-buchen\/\" \/>\n<meta property=\"og:site_name\" content=\"Hotel Neuwirt\" \/>\n<meta property=\"article:modified_time\" content=\"2021-08-26T13:17:59+00:00\" \/>\n<meta property=\"og:image\" content=\"https:\/\/www.hotelneuwirt.at\/wp-content\/uploads\/online-buchen-zimmer-hotel-mauterndorf-neuwirt1.jpg\" \/>\n\t<meta property=\"og:image:width\" content=\"1920\" \/>\n\t<meta property=\"og:image:height\" content=\"750\" \/>\n\t<meta property=\"og:image:type\" content=\"image\/jpeg\" \/>\n<meta name=\"twitter:card\" content=\"summary_large_image\" \/>\n<meta name=\"twitter:label1\" content=\"Becs\u00fclt olvas\u00e1si id\u0151\" \/>\n\t<meta name=\"twitter:data1\" content=\"1 perc\" \/>\n<script type=\"application\/ld+json\" class=\"yoast-schema-graph\">{\"@context\":\"https:\\\/\\\/schema.org\",\"@graph\":[{\"@type\":\"WebPage\",\"@id\":\"https:\\\/\\\/www.hotelneuwirt.at\\\/hotel-mauterndorf\\\/online-buchen\\\/\",\"url\":\"https:\\\/\\\/www.hotelneuwirt.at\\\/hotel-mauterndorf\\\/online-buchen\\\/\",\"name\":\"Azonnali foglal\u00e1s - Szoba a Neuwirt hotelben\",\"isPartOf\":{\"@id\":\"https:\\\/\\\/www.hotelneuwirt.at\\\/#website\"},\"primaryImageOfPage\":{\"@id\":\"https:\\\/\\\/www.hotelneuwirt.at\\\/hotel-mauterndorf\\\/online-buchen\\\/#primaryimage\"},\"image\":{\"@id\":\"https:\\\/\\\/www.hotelneuwirt.at\\\/hotel-mauterndorf\\\/online-buchen\\\/#primaryimage\"},\"thumbnailUrl\":\"https:\\\/\\\/www.hotelneuwirt.at\\\/wp-content\\\/uploads\\\/online-buchen-zimmer-hotel-mauterndorf-neuwirt1.jpg\",\"datePublished\":\"2017-08-30T14:11:19+00:00\",\"dateModified\":\"2021-08-26T13:17:59+00:00\",\"description\":\"Azonnali foglal\u00e1s - foglalja le a k\u00edv\u00e1nt szob\u00e1t a Neuwirt hotelben.\",\"breadcrumb\":{\"@id\":\"https:\\\/\\\/www.hotelneuwirt.at\\\/hotel-mauterndorf\\\/online-buchen\\\/#breadcrumb\"},\"inLanguage\":\"hu\",\"potentialAction\":[{\"@type\":\"ReadAction\",\"target\":[\"https:\\\/\\\/www.hotelneuwirt.at\\\/hotel-mauterndorf\\\/online-buchen\\\/\"]}]},{\"@type\":\"ImageObject\",\"inLanguage\":\"hu\",\"@id\":\"https:\\\/\\\/www.hotelneuwirt.at\\\/hotel-mauterndorf\\\/online-buchen\\\/#primaryimage\",\"url\":\"https:\\\/\\\/www.hotelneuwirt.at\\\/wp-content\\\/uploads\\\/online-buchen-zimmer-hotel-mauterndorf-neuwirt1.jpg\",\"contentUrl\":\"https:\\\/\\\/www.hotelneuwirt.at\\\/wp-content\\\/uploads\\\/online-buchen-zimmer-hotel-mauterndorf-neuwirt1.jpg\",\"width\":1920,\"height\":750},{\"@type\":\"BreadcrumbList\",\"@id\":\"https:\\\/\\\/www.hotelneuwirt.at\\\/hotel-mauterndorf\\\/online-buchen\\\/#breadcrumb\",\"itemListElement\":[{\"@type\":\"ListItem\",\"position\":1,\"name\":\"Startseite\",\"item\":\"https:\\\/\\\/www.hotelneuwirt.at\\\/hu\\\/\"},{\"@type\":\"ListItem\",\"position\":2,\"name\":\"A hotel\",\"item\":\"https:\\\/\\\/www.hotelneuwirt.at\\\/hu\\\/szalloda-mauterndorf\\\/\"},{\"@type\":\"ListItem\",\"position\":3,\"name\":\"Azonnali foglal\u00e1s\"}]},{\"@type\":\"WebSite\",\"@id\":\"https:\\\/\\\/www.hotelneuwirt.at\\\/#website\",\"url\":\"https:\\\/\\\/www.hotelneuwirt.at\\\/\",\"name\":\"Hotel Neuwirt\",\"description\":\"3 Sterne Hotel in Mauterndorf\",\"potentialAction\":[{\"@type\":\"SearchAction\",\"target\":{\"@type\":\"EntryPoint\",\"urlTemplate\":\"https:\\\/\\\/www.hotelneuwirt.at\\\/?s={search_term_string}\"},\"query-input\":{\"@type\":\"PropertyValueSpecification\",\"valueRequired\":true,\"valueName\":\"search_term_string\"}}],\"inLanguage\":\"hu\"}]}<\/script>\n<!-- \/ Yoast SEO plugin. -->","yoast_head_json":{"title":"Azonnali foglal\u00e1s - Szoba a Neuwirt hotelben","description":"Azonnali foglal\u00e1s - foglalja le a k\u00edv\u00e1nt szob\u00e1t a Neuwirt hotelben.","robots":{"index":"index","follow":"follow","max-snippet":"max-snippet:-1","max-image-preview":"max-image-preview:large","max-video-preview":"max-video-preview:-1"},"canonical":"https:\/\/www.hotelneuwirt.at\/hotel-mauterndorf\/online-buchen\/","og_locale":"hu_HU","og_type":"article","og_title":"Azonnali foglal\u00e1s - Szoba a Neuwirt hotelben","og_description":"Azonnali foglal\u00e1s - foglalja le a k\u00edv\u00e1nt szob\u00e1t a Neuwirt hotelben.","og_url":"https:\/\/www.hotelneuwirt.at\/hotel-mauterndorf\/online-buchen\/","og_site_name":"Hotel Neuwirt","article_modified_time":"2021-08-26T13:17:59+00:00","og_image":[{"width":1920,"height":750,"url":"https:\/\/www.hotelneuwirt.at\/wp-content\/uploads\/online-buchen-zimmer-hotel-mauterndorf-neuwirt1.jpg","type":"image\/jpeg"}],"twitter_card":"summary_large_image","twitter_misc":{"Becs\u00fclt olvas\u00e1si id\u0151":"1 perc"},"schema":{"@context":"https:\/\/schema.org","@graph":[{"@type":"WebPage","@id":"https:\/\/www.hotelneuwirt.at\/hotel-mauterndorf\/online-buchen\/","url":"https:\/\/www.hotelneuwirt.at\/hotel-mauterndorf\/online-buchen\/","name":"Azonnali foglal\u00e1s - Szoba a Neuwirt hotelben","isPartOf":{"@id":"https:\/\/www.hotelneuwirt.at\/#website"},"primaryImageOfPage":{"@id":"https:\/\/www.hotelneuwirt.at\/hotel-mauterndorf\/online-buchen\/#primaryimage"},"image":{"@id":"https:\/\/www.hotelneuwirt.at\/hotel-mauterndorf\/online-buchen\/#primaryimage"},"thumbnailUrl":"https:\/\/www.hotelneuwirt.at\/wp-content\/uploads\/online-buchen-zimmer-hotel-mauterndorf-neuwirt1.jpg","datePublished":"2017-08-30T14:11:19+00:00","dateModified":"2021-08-26T13:17:59+00:00","description":"Azonnali foglal\u00e1s - foglalja le a k\u00edv\u00e1nt szob\u00e1t a Neuwirt hotelben.","breadcrumb":{"@id":"https:\/\/www.hotelneuwirt.at\/hotel-mauterndorf\/online-buchen\/#breadcrumb"},"inLanguage":"hu","potentialAction":[{"@type":"ReadAction","target":["https:\/\/www.hotelneuwirt.at\/hotel-mauterndorf\/online-buchen\/"]}]},{"@type":"ImageObject","inLanguage":"hu","@id":"https:\/\/www.hotelneuwirt.at\/hotel-mauterndorf\/online-buchen\/#primaryimage","url":"https:\/\/www.hotelneuwirt.at\/wp-content\/uploads\/online-buchen-zimmer-hotel-mauterndorf-neuwirt1.jpg","contentUrl":"https:\/\/www.hotelneuwirt.at\/wp-content\/uploads\/online-buchen-zimmer-hotel-mauterndorf-neuwirt1.jpg","width":1920,"height":750},{"@type":"BreadcrumbList","@id":"https:\/\/www.hotelneuwirt.at\/hotel-mauterndorf\/online-buchen\/#breadcrumb","itemListElement":[{"@type":"ListItem","position":1,"name":"Startseite","item":"https:\/\/www.hotelneuwirt.at\/hu\/"},{"@type":"ListItem","position":2,"name":"A hotel","item":"https:\/\/www.hotelneuwirt.at\/hu\/szalloda-mauterndorf\/"},{"@type":"ListItem","position":3,"name":"Azonnali foglal\u00e1s"}]},{"@type":"WebSite","@id":"https:\/\/www.hotelneuwirt.at\/#website","url":"https:\/\/www.hotelneuwirt.at\/","name":"Hotel Neuwirt","description":"3 Sterne Hotel in Mauterndorf","potentialAction":[{"@type":"SearchAction","target":{"@type":"EntryPoint","urlTemplate":"https:\/\/www.hotelneuwirt.at\/?s={search_term_string}"},"query-input":{"@type":"PropertyValueSpecification","valueRequired":true,"valueName":"search_term_string"}}],"inLanguage":"hu"}]}},"_links":{"self":[{"href":"https:\/\/www.hotelneuwirt.at\/hu\/wp-json\/wp\/v2\/pages\/2105","targetHints":{"allow":["GET"]}}],"collection":[{"href":"https:\/\/www.hotelneuwirt.at\/hu\/wp-json\/wp\/v2\/pages"}],"about":[{"href":"https:\/\/www.hotelneuwirt.at\/hu\/wp-json\/wp\/v2\/types\/page"}],"author":[{"embeddable":true,"href":"https:\/\/www.hotelneuwirt.at\/hu\/wp-json\/wp\/v2\/users\/1"}],"replies":[{"embeddable":true,"href":"https:\/\/www.hotelneuwirt.at\/hu\/wp-json\/wp\/v2\/comments?post=2105"}],"version-history":[{"count":0,"href":"https:\/\/www.hotelneuwirt.at\/hu\/wp-json\/wp\/v2\/pages\/2105\/revisions"}],"up":[{"embeddable":true,"href":"https:\/\/www.hotelneuwirt.at\/hu\/wp-json\/wp\/v2\/pages\/2118"}],"wp:featuredmedia":[{"embeddable":true,"href":"https:\/\/www.hotelneuwirt.at\/hu\/wp-json\/wp\/v2\/media\/2054"}],"wp:attachment":[{"href":"https:\/\/www.hotelneuwirt.at\/hu\/wp-json\/wp\/v2\/media?parent=2105"}],"curies":[{"name":"wp","href":"https:\/\/api.w.org\/{rel}","templated":true}]}}