{"id":2103,"date":"2017-08-30T16:11:40","date_gmt":"2017-08-30T14:11:40","guid":{"rendered":"https:\/\/www.hotelneuwirt.at\/zimmer-mauterndorf\/"},"modified":"2020-03-08T15:39:04","modified_gmt":"2020-03-08T14:39:04","slug":"szobak-mauterndorf","status":"publish","type":"page","link":"https:\/\/www.hotelneuwirt.at\/hu\/szobak-mauterndorf\/","title":{"rendered":"Szob\u00e1k &#038; \u00c1rak"},"content":{"rendered":"<div class=\"wpb-content-wrapper\"><p>[vc_row][vc_column][vc_column_text]<\/p>\n<h2>\u00dcdv\u00f6z\u00f6lj\u00fck a Neuwirt Hotelben<\/h2>\n<h1>V\u00e1laszthat\u00f3 szob\u00e1k<\/h1>\n<p>[\/vc_column_text][vc_separator][\/vc_column][\/vc_row][vc_row][vc_column][vc_column_text]<\/p>\n<p style=\"text-align: center;\"> Isten hozta az ausztriai Mauterndorfban tal\u00e1lhat\u00f3 <a href=\"https:\/\/www.hotelneuwirt.at\/hu\">3 csillagos Hotel Neuwirtban.<\/a> Sz\u00e1llod\u00e1nk Salzburg tartom\u00e1ny d\u00e9li cs\u00fccsk\u00e9ben tal\u00e1lhat\u00f3 Lungaui r\u00e9gi\u00f3ban Obertauern mellett helyezkedik el. Minden szob\u00e1nk izl\u00e9ses eleganci\u00e1val berendezett. A mott\u00f3nk: <strong>komfort \u00e9s min\u0151s\u00e9g.<\/strong> Ez l\u00e1tszik a szob\u00e1ink berendez\u00e9sein is, mely a tiszta fa b\u00fatorokban \u00e9s a k\u00e9nyelmes berendez\u00e9si t\u00e1rgyakon is megnyilv\u00e1nul.  <strong>Szob\u00e1ink<\/strong> mindegyike <strong>zuhanyz\u00f3val vagy f\u00fcrd\u0151k\u00e1ddal illetve k\u00fcl\u00f6n WC-vel, K\u00e1bel TV-vel, telefonnal, sz\u00e9ffel \u00e9s ingyenes internet el\u00e9rhet\u0151s\u00e9ggel<\/strong> van felszerelve.  A szob\u00e1ban tal\u00e1lhat\u00f3 <strong>k\u00e9nyelmes kanap\u00e9<\/strong> alkalmas pihen\u00e9sre, egy j\u00f3 besz\u00e9lget\u00e9sre, vagy csak egyszer\u0171en egy kis olvasgat\u00e1sra. A wellness r\u00e9szleg\u00fcnk haszn\u00e1lat\u00e1hoz sz\u00fcks\u00e9ges f\u00fcrd\u0151k\u00f6nt\u00f6s \u00e9s szauna t\u00f6r\u00f6lk\u00f6z\u0151, mely a recepci\u00f3n\u00e1l ig\u00e9nyelhet\u0151, eg\u00e9sz t\u00e9len, egy alkalommal ingyenesen vend\u00e9geink rendelkez\u00e9s\u00e9re \u00e1ll. Sz\u00e1llod\u00e1nk emeletei, a h\u00e1zban m\u0171k\u00f6d\u0151 szem\u00e9lyi felvon\u00f3val mindenki \u00e1ltal k\u00f6nnyen megk\u00f6zel\u00edthet\u0151k.  A<strong> Neuwirt Hotel<\/strong> a <strong>k\u00f6zponthoz k\u00f6zeli elhelyezked\u00e9se<\/strong> miatt ide\u00e1lis hely a pihenni v\u00e1gy\u00f3k r\u00e9sz\u00e9re t\u00e9len \u00e9s ny\u00e1ron egyar\u00e1nt.<\/p>\n<p>[\/vc_column_text][\/vc_column][\/vc_row][vc_row el_class=&#8221;ganze-breite zimmeruebersicht&#8221;][vc_column][vc_column_text]<\/p>\n<h3>\u00c1lom az<\/h3>\n<h4>Egy- \u00e9s k\u00e9t\u00e1gyas szob\u00e1kban<\/h4>\n<p>[\/vc_column_text][vc_row_inner][vc_column_inner width=&#8221;1\/2&#8243;]<div tabindex=\"0\" class=\"ult-new-ib ult-ib-effect-style15  ult-ib-resp  \" data-min-width=\"768\" data-max-width=\"900\" style=\"background:#000000;\" data-opacity=\"1\" data-hover-opacity=\"0.8\" ><img decoding=\"async\" class=\"ult-new-ib-img\" style=\"opacity:1;\" alt=\"Zimmer in Mauterndorf, Lungau - 3 Sterne Hotel Neuwirt\" src=\"https:\/\/www.hotelneuwirt.at\/wp-content\/uploads\/moserkopf-zimmer-mauterndorf-hotel-neuwirt.jpg\"   \/><div id=\"interactive-banner-wrap-6526\" class=\"ult-new-ib-desc\" style=\"\"><h2 class=\"ult-new-ib-title ult-responsive\"  data-ultimate-target='#interactive-banner-wrap-6526 .ult-new-ib-title'  data-responsive-json-new='{\"font-size\":\"\",\"line-height\":\"\"}'  style=\"font-weight:normal;\">Egy\u00e1gyas szoba<\/h2><\/div><a class=\"ult-new-ib-link\" href=\"https:\/\/www.hotelneuwirt.at\/hu\/szobak-mauterndorf\/moserkopf-egyagyas\/\"  ><\/a><\/div>[\/vc_column_inner][vc_column_inner width=&#8221;1\/2&#8243;]<div tabindex=\"0\" class=\"ult-new-ib ult-ib-effect-style15  ult-ib-resp  \" data-min-width=\"768\" data-max-width=\"900\" style=\"background:#000000;\" data-opacity=\"1\" data-hover-opacity=\"0.8\" ><img decoding=\"async\" class=\"ult-new-ib-img\" style=\"opacity:1;\" alt=\"Zimmer in Mauterndorf, Lungau - 3 Sterne Hotel Neuwirt\" src=\"https:\/\/www.hotelneuwirt.at\/wp-content\/uploads\/preber-zimmer-mauterndorf-hotel-neuwirt.jpg\"   \/><div id=\"interactive-banner-wrap-2603\" class=\"ult-new-ib-desc\" style=\"\"><h2 class=\"ult-new-ib-title ult-responsive\"  data-ultimate-target='#interactive-banner-wrap-2603 .ult-new-ib-title'  data-responsive-json-new='{\"font-size\":\"\",\"line-height\":\"\"}'  style=\"font-weight:normal;\">K\u00e9t\u00e1gyas szoba<\/h2><\/div><a class=\"ult-new-ib-link\" href=\"https:\/\/www.hotelneuwirt.at\/hu\/szobak-mauterndorf\/preber-ketagyas-szoba\/\"  ><\/a><\/div>[\/vc_column_inner][\/vc_row_inner][vc_separator][\/vc_column][\/vc_row][vc_row el_class=&#8221;ganze-breite zimmeruebersicht&#8221;][vc_column][vc_column_text]<\/p>\n<h3>Pihen\u00e9s a<\/h3>\n<h4>Francia\u00e1gyas szob\u00e1kban<\/h4>\n<p>[\/vc_column_text][vc_row_inner][vc_column_inner width=&#8221;1\/2&#8243;]<div tabindex=\"0\" class=\"ult-new-ib ult-ib-effect-style15  ult-ib-resp  \" data-min-width=\"768\" data-max-width=\"900\" style=\"background:#000000;\" data-opacity=\"1\" data-hover-opacity=\"0.8\" ><img decoding=\"async\" class=\"ult-new-ib-img\" style=\"opacity:1;\" alt=\"Grosseck \u2013 Zimmer in Mauterndorf, Lungau - 3 Sterne Hotel Neuwirt\" src=\"https:\/\/www.hotelneuwirt.at\/wp-content\/uploads\/grosseck-zimmer-mauterndorf-hotel-neuwirt.jpg\"   \/><div id=\"interactive-banner-wrap-3373\" class=\"ult-new-ib-desc\" style=\"\"><h2 class=\"ult-new-ib-title ult-responsive\"  data-ultimate-target='#interactive-banner-wrap-3373 .ult-new-ib-title'  data-responsive-json-new='{\"font-size\":\"\",\"line-height\":\"\"}'  style=\"font-weight:normal;\">Grosseck<\/h2><div class=\"ult-new-ib-content ult-responsive\"  data-ultimate-target='#interactive-banner-wrap-3373 .ult-new-ib-content'  data-responsive-json-new='{\"font-size\":\"\",\"line-height\":\"\"}'  style=\"font-weight:normal;\"><p>K\u00e9t\u00e1gyas szoba nappalival \u00e9s erk\u00e9llyel<\/p><\/div><\/div><a class=\"ult-new-ib-link\" href=\"https:\/\/www.hotelneuwirt.at\/hu\/szobak-mauterndorf\/grosseck-franciaagyas-szoba\/\"  ><\/a><\/div>[\/vc_column_inner][vc_column_inner width=&#8221;1\/2&#8243;]<div tabindex=\"0\" class=\"ult-new-ib ult-ib-effect-style15  ult-ib-resp  \" data-min-width=\"768\" data-max-width=\"900\" style=\"background:#000000;\" data-opacity=\"1\" data-hover-opacity=\"0.8\" ><img decoding=\"async\" class=\"ult-new-ib-img\" style=\"opacity:1;\" alt=\"Zimmer in Mauterndorf, Lungau - 3 Sterne Hotel Neuwirt\" src=\"https:\/\/www.hotelneuwirt.at\/wp-content\/uploads\/speiereck-zimmer-mauterndorf-hotel-neuwirt.jpg\"   \/><div id=\"interactive-banner-wrap-5984\" class=\"ult-new-ib-desc\" style=\"\"><h2 class=\"ult-new-ib-title ult-responsive\"  data-ultimate-target='#interactive-banner-wrap-5984 .ult-new-ib-title'  data-responsive-json-new='{\"font-size\":\"\",\"line-height\":\"\"}'  style=\"font-weight:normal;\">Speiereck<\/h2><div class=\"ult-new-ib-content ult-responsive\"  data-ultimate-target='#interactive-banner-wrap-5984 .ult-new-ib-content'  data-responsive-json-new='{\"font-size\":\"\",\"line-height\":\"\"}'  style=\"font-weight:normal;\"><p>K\u00e9t\u00e1gyas szoba erk\u00e9llyel<\/p><\/div><\/div><a class=\"ult-new-ib-link\" href=\"https:\/\/www.hotelneuwirt.at\/hu\/szobak-mauterndorf\/speiereck-franciaagyas-szoba\/\"  ><\/a><\/div>[\/vc_column_inner][\/vc_row_inner][vc_row_inner][vc_column_inner width=&#8221;1\/2&#8243;]<div tabindex=\"0\" class=\"ult-new-ib ult-ib-effect-style15  ult-ib-resp  \" data-min-width=\"768\" data-max-width=\"900\" style=\"background:#000000;\" data-opacity=\"1\" data-hover-opacity=\"0.8\" ><img decoding=\"async\" class=\"ult-new-ib-img\" style=\"opacity:1;\" alt=\"null\" src=\"https:\/\/www.hotelneuwirt.at\/wp-content\/uploads\/DSC02693.jpg\"   \/><div id=\"interactive-banner-wrap-1740\" class=\"ult-new-ib-desc\" style=\"\"><h2 class=\"ult-new-ib-title ult-responsive\"  data-ultimate-target='#interactive-banner-wrap-1740 .ult-new-ib-title'  data-responsive-json-new='{\"font-size\":\"\",\"line-height\":\"\"}'  style=\"font-weight:normal;\">Fanningberg<\/h2><div class=\"ult-new-ib-content ult-responsive\"  data-ultimate-target='#interactive-banner-wrap-1740 .ult-new-ib-content'  data-responsive-json-new='{\"font-size\":\"\",\"line-height\":\"\"}'  style=\"font-weight:normal;\"><p>K\u00e9t\u00e1gyas szoba k\u00e1ddal<\/p><\/div><\/div><a class=\"ult-new-ib-link\" href=\"https:\/\/www.hotelneuwirt.at\/hu\/szobak-mauterndorf\/franciaagyas-fanningberg\/\"  ><\/a><\/div>[\/vc_column_inner][vc_column_inner width=&#8221;1\/2&#8243;]<div tabindex=\"0\" class=\"ult-new-ib ult-ib-effect-style15  ult-ib-resp  \" data-min-width=\"768\" data-max-width=\"900\" style=\"background:#000000;\" data-opacity=\"1\" data-hover-opacity=\"0.8\" ><img decoding=\"async\" class=\"ult-new-ib-img\" style=\"opacity:1;\" alt=\"null\" src=\"https:\/\/www.hotelneuwirt.at\/wp-content\/uploads\/DSC02715.jpg\"   \/><div id=\"interactive-banner-wrap-1264\" class=\"ult-new-ib-desc\" style=\"\"><h2 class=\"ult-new-ib-title ult-responsive\"  data-ultimate-target='#interactive-banner-wrap-1264 .ult-new-ib-title'  data-responsive-json-new='{\"font-size\":\"\",\"line-height\":\"\"}'  style=\"font-weight:normal;\">Mitterberg<\/h2><div class=\"ult-new-ib-content ult-responsive\"  data-ultimate-target='#interactive-banner-wrap-1264 .ult-new-ib-content'  data-responsive-json-new='{\"font-size\":\"\",\"line-height\":\"\"}'  style=\"font-weight:normal;\"><p>K\u00e9t\u00e1gyas szoba<\/p><\/div><\/div><a class=\"ult-new-ib-link\" href=\"https:\/\/www.hotelneuwirt.at\/hu\/szobak-mauterndorf\/franciaagyas-szoba-mitterberg\/\"  ><\/a><\/div>[\/vc_column_inner][\/vc_row_inner][vc_separator][\/vc_column][\/vc_row][vc_row el_class=&#8221;ganze-breite zimmeruebersicht&#8221;][vc_column][vc_row_inner][vc_column_inner width=&#8221;1\/2&#8243;][\/vc_column_inner][vc_column_inner width=&#8221;1\/2&#8243;][\/vc_column_inner][\/vc_row_inner][\/vc_column][\/vc_row][vc_row css=&#8221;.vc_custom_1504776560623{margin-top: 50px !important;}&#8221;][vc_column width=&#8221;1\/3&#8243;][vc_column_text]<span class=\"button-grau\"><a href=\"https:\/\/www.hotelneuwirt.at\/hotel-mauterndorf\/leistungen\/\">Szolg\u00e1ltat\u00e1sok<\/a><\/span>[\/vc_column_text][\/vc_column][vc_column width=&#8221;1\/3&#8243;][vc_column_text]<span class=\"button-grau\"><a href=\"https:\/\/www.hotelneuwirt.at\/hotel-mauterndorf\/buchungsinformationen\/\">Foglal\u00e1si inform\u00e1ci\u00f3k<\/a><\/span>[\/vc_column_text][\/vc_column][vc_column width=&#8221;1\/3&#8243;][vc_column_text]<span class=\"button-grau\"><a href=\"https:\/\/www.hotelneuwirt.at\/hu\/elerhetoseg\/ajanlat-keres\/\">\u00c9rdekl\u0151d\u00e9s<\/a><\/span>[\/vc_column_text][\/vc_column][\/vc_row]<\/p>\n<\/div>","protected":false},"excerpt":{"rendered":"<p>[vc_row][vc_column][vc_column_text] \u00dcdv\u00f6z\u00f6lj\u00fck a Neuwirt Hotelben V\u00e1laszthat\u00f3 szob\u00e1k [\/vc_column_text][vc_separator][\/vc_column][\/vc_row][vc_row][vc_column][vc_column_text] Isten hozta az ausztriai Mauterndorfban tal\u00e1lhat\u00f3 3 csillagos Hotel Neuwirtban. Sz\u00e1llod\u00e1nk Salzburg tartom\u00e1ny d\u00e9li cs\u00fccsk\u00e9ben tal\u00e1lhat\u00f3 Lungaui r\u00e9gi\u00f3ban Obertauern mellett helyezkedik el. Minden szob\u00e1nk izl\u00e9ses eleganci\u00e1val berendezett. A mott\u00f3nk: komfort \u00e9s min\u0151s\u00e9g. Ez l\u00e1tszik a szob\u00e1ink berendez\u00e9sein is, mely a tiszta fa b\u00fatorokban \u00e9s a k\u00e9nyelmes berendez\u00e9si &hellip;<\/p>\n\n<p><a class=\"readmore btn btn-default btn-default btn-block\" href=\"https:\/\/www.hotelneuwirt.at\/hu\/szobak-mauterndorf\/\">Read More<\/a><\/p>","protected":false},"author":1,"featured_media":2087,"parent":0,"menu_order":4,"comment_status":"closed","ping_status":"closed","template":"","meta":{"_acf_changed":false,"rs_blank_template":"","rs_page_bg_color":"","slide_template_v7":"","footnotes":""},"class_list":["post-2103","page","type-page","status-publish","has-post-thumbnail","hentry"],"acf":[],"yoast_head":"<!-- This site is optimized with the Yoast SEO plugin v27.5 - https:\/\/yoast.com\/product\/yoast-seo-wordpress\/ -->\n<title>K\u00e9nyelmes, vil\u00e1gos erk\u00e9lyes szob\u00e1k Mauterndorfban<\/title>\n<meta name=\"description\" content=\"A trad\u00edcion\u00e1lis Neuwirt hotelben komfortos \u00e9s k\u00e9nyelmes szob\u00e1inkkal v\u00e1rjuk a pihenni v\u00e1gy\u00f3kat: Wellness, sv\u00e9dasztalos reggeli, f\u00e9lpanzi\u00f3, Lungau k\u00e1rtya....\" \/>\n<meta name=\"robots\" content=\"index, follow, max-snippet:-1, max-image-preview:large, max-video-preview:-1\" \/>\n<link rel=\"canonical\" href=\"https:\/\/www.hotelneuwirt.at\/hu\/szobak-mauterndorf\/\" \/>\n<meta property=\"og:locale\" content=\"hu_HU\" \/>\n<meta property=\"og:type\" content=\"article\" \/>\n<meta property=\"og:title\" content=\"K\u00e9nyelmes, vil\u00e1gos erk\u00e9lyes szob\u00e1k Mauterndorfban\" \/>\n<meta property=\"og:description\" content=\"A trad\u00edcion\u00e1lis Neuwirt hotelben komfortos \u00e9s k\u00e9nyelmes szob\u00e1inkkal v\u00e1rjuk a pihenni v\u00e1gy\u00f3kat: Wellness, sv\u00e9dasztalos reggeli, f\u00e9lpanzi\u00f3, Lungau k\u00e1rtya....\" \/>\n<meta property=\"og:url\" content=\"https:\/\/www.hotelneuwirt.at\/hu\/szobak-mauterndorf\/\" \/>\n<meta property=\"og:site_name\" content=\"Hotel Neuwirt\" \/>\n<meta property=\"article:modified_time\" content=\"2020-03-08T14:39:04+00:00\" \/>\n<meta property=\"og:image\" content=\"https:\/\/www.hotelneuwirt.at\/wp-content\/uploads\/familiensuite8-zimmer-mauterndorf-hotel-neuwirt-beitrag-1.jpg\" \/>\n\t<meta property=\"og:image:width\" content=\"1920\" \/>\n\t<meta property=\"og:image:height\" content=\"750\" \/>\n\t<meta property=\"og:image:type\" content=\"image\/jpeg\" \/>\n<meta name=\"twitter:card\" content=\"summary_large_image\" \/>\n<meta name=\"twitter:label1\" content=\"Becs\u00fclt olvas\u00e1si id\u0151\" \/>\n\t<meta name=\"twitter:data1\" content=\"4 perc\" \/>\n<script type=\"application\/ld+json\" class=\"yoast-schema-graph\">{\"@context\":\"https:\\\/\\\/schema.org\",\"@graph\":[{\"@type\":\"WebPage\",\"@id\":\"https:\\\/\\\/www.hotelneuwirt.at\\\/hu\\\/szobak-mauterndorf\\\/\",\"url\":\"https:\\\/\\\/www.hotelneuwirt.at\\\/hu\\\/szobak-mauterndorf\\\/\",\"name\":\"K\u00e9nyelmes, vil\u00e1gos erk\u00e9lyes szob\u00e1k Mauterndorfban\",\"isPartOf\":{\"@id\":\"https:\\\/\\\/www.hotelneuwirt.at\\\/#website\"},\"primaryImageOfPage\":{\"@id\":\"https:\\\/\\\/www.hotelneuwirt.at\\\/hu\\\/szobak-mauterndorf\\\/#primaryimage\"},\"image\":{\"@id\":\"https:\\\/\\\/www.hotelneuwirt.at\\\/hu\\\/szobak-mauterndorf\\\/#primaryimage\"},\"thumbnailUrl\":\"https:\\\/\\\/www.hotelneuwirt.at\\\/wp-content\\\/uploads\\\/familiensuite8-zimmer-mauterndorf-hotel-neuwirt-beitrag-1.jpg\",\"datePublished\":\"2017-08-30T14:11:40+00:00\",\"dateModified\":\"2020-03-08T14:39:04+00:00\",\"description\":\"A trad\u00edcion\u00e1lis Neuwirt hotelben komfortos \u00e9s k\u00e9nyelmes szob\u00e1inkkal v\u00e1rjuk a pihenni v\u00e1gy\u00f3kat: Wellness, sv\u00e9dasztalos reggeli, f\u00e9lpanzi\u00f3, Lungau k\u00e1rtya....\",\"breadcrumb\":{\"@id\":\"https:\\\/\\\/www.hotelneuwirt.at\\\/hu\\\/szobak-mauterndorf\\\/#breadcrumb\"},\"inLanguage\":\"hu\",\"potentialAction\":[{\"@type\":\"ReadAction\",\"target\":[\"https:\\\/\\\/www.hotelneuwirt.at\\\/hu\\\/szobak-mauterndorf\\\/\"]}]},{\"@type\":\"ImageObject\",\"inLanguage\":\"hu\",\"@id\":\"https:\\\/\\\/www.hotelneuwirt.at\\\/hu\\\/szobak-mauterndorf\\\/#primaryimage\",\"url\":\"https:\\\/\\\/www.hotelneuwirt.at\\\/wp-content\\\/uploads\\\/familiensuite8-zimmer-mauterndorf-hotel-neuwirt-beitrag-1.jpg\",\"contentUrl\":\"https:\\\/\\\/www.hotelneuwirt.at\\\/wp-content\\\/uploads\\\/familiensuite8-zimmer-mauterndorf-hotel-neuwirt-beitrag-1.jpg\",\"width\":1920,\"height\":750},{\"@type\":\"BreadcrumbList\",\"@id\":\"https:\\\/\\\/www.hotelneuwirt.at\\\/hu\\\/szobak-mauterndorf\\\/#breadcrumb\",\"itemListElement\":[{\"@type\":\"ListItem\",\"position\":1,\"name\":\"Startseite\",\"item\":\"https:\\\/\\\/www.hotelneuwirt.at\\\/hu\\\/\"},{\"@type\":\"ListItem\",\"position\":2,\"name\":\"Szob\u00e1k &#038; \u00c1rak\"}]},{\"@type\":\"WebSite\",\"@id\":\"https:\\\/\\\/www.hotelneuwirt.at\\\/#website\",\"url\":\"https:\\\/\\\/www.hotelneuwirt.at\\\/\",\"name\":\"Hotel Neuwirt\",\"description\":\"3 Sterne Hotel in Mauterndorf\",\"potentialAction\":[{\"@type\":\"SearchAction\",\"target\":{\"@type\":\"EntryPoint\",\"urlTemplate\":\"https:\\\/\\\/www.hotelneuwirt.at\\\/?s={search_term_string}\"},\"query-input\":{\"@type\":\"PropertyValueSpecification\",\"valueRequired\":true,\"valueName\":\"search_term_string\"}}],\"inLanguage\":\"hu\"}]}<\/script>\n<!-- \/ Yoast SEO plugin. -->","yoast_head_json":{"title":"K\u00e9nyelmes, vil\u00e1gos erk\u00e9lyes szob\u00e1k Mauterndorfban","description":"A trad\u00edcion\u00e1lis Neuwirt hotelben komfortos \u00e9s k\u00e9nyelmes szob\u00e1inkkal v\u00e1rjuk a pihenni v\u00e1gy\u00f3kat: Wellness, sv\u00e9dasztalos reggeli, f\u00e9lpanzi\u00f3, Lungau k\u00e1rtya....","robots":{"index":"index","follow":"follow","max-snippet":"max-snippet:-1","max-image-preview":"max-image-preview:large","max-video-preview":"max-video-preview:-1"},"canonical":"https:\/\/www.hotelneuwirt.at\/hu\/szobak-mauterndorf\/","og_locale":"hu_HU","og_type":"article","og_title":"K\u00e9nyelmes, vil\u00e1gos erk\u00e9lyes szob\u00e1k Mauterndorfban","og_description":"A trad\u00edcion\u00e1lis Neuwirt hotelben komfortos \u00e9s k\u00e9nyelmes szob\u00e1inkkal v\u00e1rjuk a pihenni v\u00e1gy\u00f3kat: Wellness, sv\u00e9dasztalos reggeli, f\u00e9lpanzi\u00f3, Lungau k\u00e1rtya....","og_url":"https:\/\/www.hotelneuwirt.at\/hu\/szobak-mauterndorf\/","og_site_name":"Hotel Neuwirt","article_modified_time":"2020-03-08T14:39:04+00:00","og_image":[{"width":1920,"height":750,"url":"https:\/\/www.hotelneuwirt.at\/wp-content\/uploads\/familiensuite8-zimmer-mauterndorf-hotel-neuwirt-beitrag-1.jpg","type":"image\/jpeg"}],"twitter_card":"summary_large_image","twitter_misc":{"Becs\u00fclt olvas\u00e1si id\u0151":"4 perc"},"schema":{"@context":"https:\/\/schema.org","@graph":[{"@type":"WebPage","@id":"https:\/\/www.hotelneuwirt.at\/hu\/szobak-mauterndorf\/","url":"https:\/\/www.hotelneuwirt.at\/hu\/szobak-mauterndorf\/","name":"K\u00e9nyelmes, vil\u00e1gos erk\u00e9lyes szob\u00e1k Mauterndorfban","isPartOf":{"@id":"https:\/\/www.hotelneuwirt.at\/#website"},"primaryImageOfPage":{"@id":"https:\/\/www.hotelneuwirt.at\/hu\/szobak-mauterndorf\/#primaryimage"},"image":{"@id":"https:\/\/www.hotelneuwirt.at\/hu\/szobak-mauterndorf\/#primaryimage"},"thumbnailUrl":"https:\/\/www.hotelneuwirt.at\/wp-content\/uploads\/familiensuite8-zimmer-mauterndorf-hotel-neuwirt-beitrag-1.jpg","datePublished":"2017-08-30T14:11:40+00:00","dateModified":"2020-03-08T14:39:04+00:00","description":"A trad\u00edcion\u00e1lis Neuwirt hotelben komfortos \u00e9s k\u00e9nyelmes szob\u00e1inkkal v\u00e1rjuk a pihenni v\u00e1gy\u00f3kat: Wellness, sv\u00e9dasztalos reggeli, f\u00e9lpanzi\u00f3, Lungau k\u00e1rtya....","breadcrumb":{"@id":"https:\/\/www.hotelneuwirt.at\/hu\/szobak-mauterndorf\/#breadcrumb"},"inLanguage":"hu","potentialAction":[{"@type":"ReadAction","target":["https:\/\/www.hotelneuwirt.at\/hu\/szobak-mauterndorf\/"]}]},{"@type":"ImageObject","inLanguage":"hu","@id":"https:\/\/www.hotelneuwirt.at\/hu\/szobak-mauterndorf\/#primaryimage","url":"https:\/\/www.hotelneuwirt.at\/wp-content\/uploads\/familiensuite8-zimmer-mauterndorf-hotel-neuwirt-beitrag-1.jpg","contentUrl":"https:\/\/www.hotelneuwirt.at\/wp-content\/uploads\/familiensuite8-zimmer-mauterndorf-hotel-neuwirt-beitrag-1.jpg","width":1920,"height":750},{"@type":"BreadcrumbList","@id":"https:\/\/www.hotelneuwirt.at\/hu\/szobak-mauterndorf\/#breadcrumb","itemListElement":[{"@type":"ListItem","position":1,"name":"Startseite","item":"https:\/\/www.hotelneuwirt.at\/hu\/"},{"@type":"ListItem","position":2,"name":"Szob\u00e1k &#038; \u00c1rak"}]},{"@type":"WebSite","@id":"https:\/\/www.hotelneuwirt.at\/#website","url":"https:\/\/www.hotelneuwirt.at\/","name":"Hotel Neuwirt","description":"3 Sterne Hotel in Mauterndorf","potentialAction":[{"@type":"SearchAction","target":{"@type":"EntryPoint","urlTemplate":"https:\/\/www.hotelneuwirt.at\/?s={search_term_string}"},"query-input":{"@type":"PropertyValueSpecification","valueRequired":true,"valueName":"search_term_string"}}],"inLanguage":"hu"}]}},"_links":{"self":[{"href":"https:\/\/www.hotelneuwirt.at\/hu\/wp-json\/wp\/v2\/pages\/2103","targetHints":{"allow":["GET"]}}],"collection":[{"href":"https:\/\/www.hotelneuwirt.at\/hu\/wp-json\/wp\/v2\/pages"}],"about":[{"href":"https:\/\/www.hotelneuwirt.at\/hu\/wp-json\/wp\/v2\/types\/page"}],"author":[{"embeddable":true,"href":"https:\/\/www.hotelneuwirt.at\/hu\/wp-json\/wp\/v2\/users\/1"}],"replies":[{"embeddable":true,"href":"https:\/\/www.hotelneuwirt.at\/hu\/wp-json\/wp\/v2\/comments?post=2103"}],"version-history":[{"count":0,"href":"https:\/\/www.hotelneuwirt.at\/hu\/wp-json\/wp\/v2\/pages\/2103\/revisions"}],"wp:featuredmedia":[{"embeddable":true,"href":"https:\/\/www.hotelneuwirt.at\/hu\/wp-json\/wp\/v2\/media\/2087"}],"wp:attachment":[{"href":"https:\/\/www.hotelneuwirt.at\/hu\/wp-json\/wp\/v2\/media?parent=2103"}],"curies":[{"name":"wp","href":"https:\/\/api.w.org\/{rel}","templated":true}]}}