{"id":2097,"date":"2017-08-30T16:12:18","date_gmt":"2017-08-30T14:12:18","guid":{"rendered":"https:\/\/www.hotelneuwirt.at\/doppelzimmer-speiereck\/"},"modified":"2025-10-15T10:41:15","modified_gmt":"2025-10-15T08:41:15","slug":"speiereck-franciaagyas-szoba","status":"publish","type":"page","link":"https:\/\/www.hotelneuwirt.at\/hu\/szobak-mauterndorf\/speiereck-franciaagyas-szoba\/","title":{"rendered":"&#8220;Speiereck&#8221; francia\u00e1gyas szoba"},"content":{"rendered":"<div class=\"wpb-content-wrapper\"><p>[vc_row][vc_column][vc_column_text]<\/p>\n<h2>2 szem\u00e9ly r\u00e9sz\u00e9re, kb. 24 m<sup>2<\/sup><\/h2>\n<h1>&#8220;Speiereck&#8221; Francia\u00e1gyas szoba<\/h1>\n<p>[\/vc_column_text][vc_separator][\/vc_column][\/vc_row][vc_row][vc_column width=&#8221;1\/2&#8243;][vc_gallery interval=&#8221;3&#8243; images=&#8221;2098,2385,2386&#8243; img_size=&#8221;medium&#8221; css=&#8221;.vc_custom_1505830643137{margin-top: 35px !important;}&#8221;][\/vc_column][vc_column width=&#8221;1\/2&#8243;][vc_column_text css=&#8221;.vc_custom_1557327217637{margin-bottom: 30px !important;}&#8221;]<\/p>\n<h3>Francia\u00e1gyas szoba kialak\u00edt\u00e1sa<\/h3>\n<p>[\/vc_column_text][vc_column_text]<\/p>\n<ul>\n<li>Zuhanyoz\u00f3\/WC<\/li>\n<li>Erk\u00e9ly<\/li>\n<li>K\u00e1bel TV, Telefon<\/li>\n<li>WIFI<\/li>\n<li>Sz\u00e9f<\/li>\n<li>K\u00e9nyelmes fotel<\/li>\n<li>Hajsz\u00e1r\u00edt\u00f3<\/li>\n<\/ul>\n<p>[\/vc_column_text][vc_row_inner css=&#8221;.vc_custom_1504765146901{margin-top: 0px !important;}&#8221;][vc_column_inner width=&#8221;1\/2&#8243;][vc_column_text]<span class=\"button-block\"><a href=\"https:\/\/www.hotelneuwirt.at\/hu\/szalloda-mauterndorf\/azonnali-foglalas\/\">Azonnali foglal\u00e1s<\/a><\/span>[\/vc_column_text][\/vc_column_inner][vc_column_inner width=&#8221;1\/2&#8243;][vc_column_text]<span class=\"button-grau\"><a href=\"https:\/\/www.hotelneuwirt.at\/hu\/szalloda-mauterndorf\/ajanlat-keres\/\">\u00c9rdekl\u0151d\u00e9s<\/a><\/span>[\/vc_column_text][\/vc_column_inner][\/vc_row_inner][\/vc_column][\/vc_row][vc_row][vc_column][vc_tta_tabs][vc_tta_section title=&#8221;T\u00e9li \u00e1rak&#8221; tab_id=&#8221;1504764608692-8869b779-40a0ccac-9d03&#8243;][vc_column_text]<\/p>\n<h6>T\u00e9li \u00e1rak min.3 \u00e9jszak\u00e1s tart\u00f3zkod\u00e1s eset\u00e9n<\/h6>\n<p>[\/vc_column_text]\n<table id=\"tablepress-24\" class=\"tablepress tablepress-id-24\">\n<thead>\n<tr class=\"row-1\">\n\t<th class=\"column-1\">K\u00e9t\u00e1gyas szoba <br \/>\n\"Speiereck\"<\/th><th class=\"column-2\"><br \/>\nel\u0151\/ut\u00f3szezon<\/th><th class=\"column-3\"><br \/>\nmell\u00e9kszezon<\/th><th class=\"column-4\">f\u0151szezon<\/th><th class=\"column-5\">\u00fcnnepek<\/th>\n<\/tr>\n<\/thead>\n<tbody class=\"row-striping row-hover\">\n<tr class=\"row-2\">\n\t<td class=\"column-1\">Reggeli<\/td><td class=\"column-2\">70 Euro<\/td><td class=\"column-3\">70 Euro<\/td><td class=\"column-4\">80 Euro<\/td><td class=\"column-5\">85 Euro<\/td>\n<\/tr>\n<tr class=\"row-3\">\n\t<td class=\"column-1\">F\u00e9lpanzi\u00f3<\/td><td class=\"column-2\">110 Euro<\/td><td class=\"column-3\">110 Euro<\/td><td class=\"column-4\">120 Euro<\/td><td class=\"column-5\">125 Euro<\/td>\n<\/tr>\n<\/tbody>\n<\/table>\n<!-- #tablepress-24 from cache -->[vc_column_text css=&#8221;.vc_custom_1760517530280{margin-bottom: 0px !important;}&#8221;]\u00c1raink szem\u00e9lyenk\u00e9nt \u00e9s \u00e9jszak\u00e1nk\u00e9nt EURO-ban \u00e9rtend\u0151k.<\/p>\n<p>Az \u00e1rak az idegenforgalmi ad\u00f3t nem tartalmazz\u00e1k. Az idegenforgalmi ad\u00f3 6-15 \u00e9ves korig 2\u20ac, 15 \u00e9v felett 4\u20ac szem\u00e9lyenk\u00e9nt \u00e9s \u00e9jszak\u00e1nk\u00e9nt.<\/p>\n<div class=\"btn-bubble-icon\"><\/div>\n<p>[\/vc_column_text][\/vc_tta_section][vc_tta_section title=&#8221;Ny\u00e1ri \u00e1rak&#8221; tab_id=&#8221;1504764022176-ab39fdd1-0a85ccac-9d03&#8243;][vc_column_text]<\/p>\n<h6>Ny\u00e1ri \u00e1rak min.3 \u00e9jszak\u00e1s tart\u00f3zkod\u00e1s eset\u00e9n<\/h6>\n<p>[\/vc_column_text]\n<table id=\"tablepress-23\" class=\"tablepress tablepress-id-23\">\n<thead>\n<tr class=\"row-1\">\n\t<th class=\"column-1\">K\u00e9t\u00e1gyas szoba <br \/>\n\"Speiereck\"<\/th><td class=\"column-2\"><\/td><th class=\"column-3\"><br \/>\nut\u00f3szezon<\/th><th class=\"column-4\">f\u0151szezon<\/th>\n<\/tr>\n<\/thead>\n<tbody class=\"row-striping row-hover\">\n<tr class=\"row-2\">\n\t<td class=\"column-1\">Reggeli<\/td><td class=\"column-2\">62 Euro<\/td><td class=\"column-3\">65 Euro<\/td><td class=\"column-4\">67 Euro<\/td>\n<\/tr>\n<tr class=\"row-3\">\n\t<td class=\"column-1\">F\u00e9lpanzi\u00f3<\/td><td class=\"column-2\">102 Euro<\/td><td class=\"column-3\">105 Euro<\/td><td class=\"column-4\">107 Euro<\/td>\n<\/tr>\n<\/tbody>\n<\/table>\n<!-- #tablepress-23 from cache -->[vc_column_text css=&#8221;.vc_custom_1760517519638{margin-bottom: 0px !important;}&#8221;]\u00c1raink szem\u00e9lyenk\u00e9nt \u00e9s \u00e9jszak\u00e1nk\u00e9nt EURO-ban \u00e9rtend\u0151k.<\/p>\n<p>Az \u00e1rak az idegenforgalmi ad\u00f3t nem tartalmazz\u00e1k. Az idegenforgalmi ad\u00f3 6-15 \u00e9ves korig 2\u20ac, 15 \u00e9v felett 4\u20ac szem\u00e9lyenk\u00e9nt \u00e9s \u00e9jszak\u00e1nk\u00e9nt.<\/p>\n<div class=\"btn-bubble-icon\"><\/div>\n<p>[\/vc_column_text][\/vc_tta_section][vc_tta_section title=&#8221;Tel\u00edtetts\u00e9g&#8221; tab_id=&#8221;1505831694058-534edc60-9ee1&#8243;][vc_column_text]<\/p>\n<h6>Szoba tel\u00edtetts\u00e9g<\/h6>\n<p>[\/vc_column_text][vc_raw_html]JTNDaWZyYW1lJTIwc3JjJTNEJTIyaHR0cHMlM0ElMkYlMkZ3ZWI0LmRlc2tsaW5lLm5ldCUyRmFjY29tbW9kYXRpb25zYWx6YnVyZ2VybGFuZCUyRmVuJTJGYXZhaWxhYmlsaXR5Y2FsZW5kYXIlMkZkZXRhaWwlMkZTQkclMkY1NDUzZTk0MC05MmI5LTQ2MzEtOGU3Ny0xMGFlY2I0ODE4ZWUlMkZIb3RlbF9OZXV3aXJ0JTNGbGtjcyUzRE1BVTAwMDM5JTI2dmlzaWJsZU1vbnRocyUzRDQlMjZwcm9kdWN0SURzJTNEMTkyYjMxMDAtYTYxYy00ZmRiLTg2ZjktYzM3YjdmMjRkMjBhJTIyJTIwd2lkdGglM0QlMjIxMDAlMjUlMjIlMjBoZWlnaHQlM0QlMjIzNzBweCUyMiUzRSUzQyUyRmlmcmFtZSUzRQ==[\/vc_raw_html][\/vc_tta_section][\/vc_tta_tabs][\/vc_column][\/vc_row][vc_row css=&#8221;.vc_custom_1558518535760{margin-bottom: 10px !important;}&#8221;][vc_column]<div class=\"templatera_shortcode\"><style type=\"text\/css\" data-type=\"vc_shortcodes-custom-css\">.vc_custom_1509454814158{margin-bottom: 20px !important;}.vc_custom_1558423041745{margin-bottom: 0px !important;}<\/style><div class=\"vc_row wpb_row vc_row-fluid\"><div class=\"wpb_column vc_column_container vc_col-sm-12\"><div class=\"vc_column-inner\"><div class=\"wpb_wrapper\">\n\t<div class=\"wpb_text_column wpb_content_element vc_custom_1509454814158\" >\n\t\t<div class=\"wpb_wrapper\">\n\t\t\t<h3>Inclusives<\/h3>\n\n\t\t<\/div>\n\t<\/div>\n<div class=\"vc_row wpb_row vc_inner vc_row-fluid\"><div class=\"wpb_column vc_column_container vc_col-sm-6\"><div class=\"vc_column-inner\"><div class=\"wpb_wrapper\">\n\t<div class=\"wpb_text_column wpb_content_element vc_custom_1558423041745\" >\n\t\t<div class=\"wpb_wrapper\">\n\t\t\t<ul>\n<li>B\u0151s\u00e9ges b\u00fcf\u00e9reggeli \u00e9s 3 fog\u00e1sos sv\u00e9dasztalos vacsora magyar \u00e9s magyarorsz\u00e1gi n\u00e9met k\u00fcl\u00f6nlegess\u00e9gekkel<\/li>\n<li>T\u00e1gas Wellness szaun\u00e1val, g\u0151zkabinnal, hidegk\u00f6d zuhannyal, kneipp d\u00e9zs\u00e1val, pezsg\u0151k\u00e1ddal \u00e9s pihen\u0151szob\u00e1val<\/li>\n<li>Napoz\u00f3 tet\u0151terasz csod\u00e1latos kil\u00e1t\u00e1ssal<\/li>\n<\/ul>\n\n\t\t<\/div>\n\t<\/div>\n<\/div><\/div><\/div><div class=\"wpb_column vc_column_container vc_col-sm-6\"><div class=\"vc_column-inner\"><div class=\"wpb_wrapper\">\n\t<div class=\"wpb_text_column wpb_content_element\" >\n\t\t<div class=\"wpb_wrapper\">\n\t\t\t<ul>\n<li>B\u0151s\u00e9ges hotelfelszerel\u00e9s: k\u00f6z\u00f6ss\u00e9gi helys\u00e9gek, s\u00ed \u00e9s ker\u00e9kp\u00e1rt\u00e1rol\u00f3 helys\u00e9g, gyermekj\u00e1tsz\u00f3<\/li>\n<li>Ingyenes Wifi<\/li>\n<li>Sok tov\u00e1bbi kellemes szolg\u00e1ltat\u00e1s vend\u00e9geink r\u00e9sz\u00e9re<\/li>\n<\/ul>\n\n\t\t<\/div>\n\t<\/div>\n<\/div><\/div><\/div><\/div><\/div><\/div><\/div><\/div><\/div>[\/vc_column][\/vc_row][vc_row][vc_column width=&#8221;1\/3&#8243;][vc_column_text]<span class=\"button-grau\"><a href=\"https:\/\/www.hotelneuwirt.at\/hu\/szalloda-mauterndorf\/foglalasi-informaciok\/\">Foglal\u00e1si inform\u00e1ci\u00f3k<\/a><\/span>[\/vc_column_text][\/vc_column][vc_column width=&#8221;1\/3&#8243;][vc_column_text]<span class=\"button-grau\"><a href=\"https:\/\/www.hotelneuwirt.at\/hu\/szalloda-mauterndorf\/szolgaltatasaink\/\">Ingyenes szolg\u00e1ltat\u00e1sok<\/a><\/span>[\/vc_column_text][\/vc_column][vc_column width=&#8221;1\/3&#8243;][vc_column_text]<span class=\"button-grau\"><a href=\"https:\/\/www.hotelneuwirt.at\/hu\/szobak-mauterndorf\/\">Szob\u00e1ink<\/a><\/span>[\/vc_column_text][\/vc_column][\/vc_row]<\/p>\n<\/div>","protected":false},"excerpt":{"rendered":"2 szem\u00e9ly r\u00e9sz\u00e9re, kb. 24 m2 \"Speiereck\" Francia\u00e1gyas szoba Francia\u00e1gyas szoba kialak\u00edt\u00e1sa Zuhanyoz\u00f3\/WC Erk\u00e9ly K\u00e1bel TV, Telefon WIFI Sz\u00e9f K\u00e9nyelmes fotel Hajsz\u00e1r\u00edt\u00f3 Azonnali foglal\u00e1s \u00c9rdekl\u0151d\u00e9s T\u00e9li \u00e1rakNy\u00e1ri \u00e1rakTel\u00edtetts\u00e9gT\u00e9li \u00e1rak T\u00e9li \u00e1rak\u00a0min.3 \u00e9jszak\u00e1s tart\u00f3zkod\u00e1s eset\u00e9n K\u00e9t\u00e1gyas szoba \"Speiereck\" el\u0151\/ut\u00f3szezon mell\u00e9kszezonf\u0151szezon\u00fcnnepek Reggeli70 Euro70 Euro80 Euro85 Euro F\u00e9lpanzi\u00f3110 Euro110 Euro120 Euro125 Euro \u00c1raink szem\u00e9lyenk\u00e9nt \u00e9s \u00e9jszak\u00e1nk\u00e9nt EURO-ban \u00e9rtend\u0151k. &hellip;\n<p><a class=\"readmore btn btn-default btn-default btn-block\" href=\"https:\/\/www.hotelneuwirt.at\/hu\/szobak-mauterndorf\/speiereck-franciaagyas-szoba\/\">Read More<\/a><\/p>","protected":false},"author":1,"featured_media":2099,"parent":2103,"menu_order":0,"comment_status":"closed","ping_status":"closed","template":"","meta":{"_acf_changed":false,"rs_blank_template":"","rs_page_bg_color":"","slide_template_v7":"","footnotes":""},"class_list":["post-2097","page","type-page","status-publish","has-post-thumbnail","hentry"],"acf":[],"yoast_head":"<!-- This site is optimized with the Yoast SEO plugin v27.3 - https:\/\/yoast.com\/product\/yoast-seo-wordpress\/ -->\n<title>Francia\u00e1gyas szoba Mauterndorfban kb. 21 m2<\/title>\n<meta name=\"description\" content=\"T\u00f6ltse szabads\u00e1g\u00e1t k\u00e9nyelmes francia\u00e1gyas szob\u00e1nkban K\u00e1bel TV, ingyenes WIFI, fotel, f\u00fcrd\u0151szoba.\" \/>\n<meta name=\"robots\" content=\"index, follow, max-snippet:-1, max-image-preview:large, max-video-preview:-1\" \/>\n<link rel=\"canonical\" href=\"https:\/\/www.hotelneuwirt.at\/hu\/szobak-mauterndorf\/speiereck-franciaagyas-szoba\/\" \/>\n<meta property=\"og:locale\" content=\"hu_HU\" \/>\n<meta property=\"og:type\" content=\"article\" \/>\n<meta property=\"og:title\" content=\"Francia\u00e1gyas szoba Mauterndorfban kb. 21 m2\" \/>\n<meta property=\"og:description\" content=\"T\u00f6ltse szabads\u00e1g\u00e1t k\u00e9nyelmes francia\u00e1gyas szob\u00e1nkban K\u00e1bel TV, ingyenes WIFI, fotel, f\u00fcrd\u0151szoba.\" \/>\n<meta property=\"og:url\" content=\"https:\/\/www.hotelneuwirt.at\/hu\/szobak-mauterndorf\/speiereck-franciaagyas-szoba\/\" \/>\n<meta property=\"og:site_name\" content=\"Hotel Neuwirt\" \/>\n<meta property=\"article:modified_time\" content=\"2025-10-15T08:41:15+00:00\" \/>\n<meta property=\"og:image\" content=\"https:\/\/www.hotelneuwirt.at\/wp-content\/uploads\/speiereck-zimmer-mauterndorf-hotel-neuwirt-beitrag.jpg\" \/>\n\t<meta property=\"og:image:width\" content=\"1920\" \/>\n\t<meta property=\"og:image:height\" content=\"750\" \/>\n\t<meta property=\"og:image:type\" content=\"image\/jpeg\" \/>\n<meta name=\"twitter:card\" content=\"summary_large_image\" \/>\n<meta name=\"twitter:label1\" content=\"Becs\u00fclt olvas\u00e1si id\u0151\" \/>\n\t<meta name=\"twitter:data1\" content=\"2 perc\" \/>\n<script type=\"application\/ld+json\" class=\"yoast-schema-graph\">{\"@context\":\"https:\\\/\\\/schema.org\",\"@graph\":[{\"@type\":\"WebPage\",\"@id\":\"https:\\\/\\\/www.hotelneuwirt.at\\\/hu\\\/szobak-mauterndorf\\\/speiereck-franciaagyas-szoba\\\/\",\"url\":\"https:\\\/\\\/www.hotelneuwirt.at\\\/hu\\\/szobak-mauterndorf\\\/speiereck-franciaagyas-szoba\\\/\",\"name\":\"Francia\u00e1gyas szoba Mauterndorfban kb. 21 m2\",\"isPartOf\":{\"@id\":\"https:\\\/\\\/www.hotelneuwirt.at\\\/#website\"},\"primaryImageOfPage\":{\"@id\":\"https:\\\/\\\/www.hotelneuwirt.at\\\/hu\\\/szobak-mauterndorf\\\/speiereck-franciaagyas-szoba\\\/#primaryimage\"},\"image\":{\"@id\":\"https:\\\/\\\/www.hotelneuwirt.at\\\/hu\\\/szobak-mauterndorf\\\/speiereck-franciaagyas-szoba\\\/#primaryimage\"},\"thumbnailUrl\":\"https:\\\/\\\/www.hotelneuwirt.at\\\/wp-content\\\/uploads\\\/speiereck-zimmer-mauterndorf-hotel-neuwirt-beitrag.jpg\",\"datePublished\":\"2017-08-30T14:12:18+00:00\",\"dateModified\":\"2025-10-15T08:41:15+00:00\",\"description\":\"T\u00f6ltse szabads\u00e1g\u00e1t k\u00e9nyelmes francia\u00e1gyas szob\u00e1nkban K\u00e1bel TV, ingyenes WIFI, fotel, f\u00fcrd\u0151szoba.\",\"breadcrumb\":{\"@id\":\"https:\\\/\\\/www.hotelneuwirt.at\\\/hu\\\/szobak-mauterndorf\\\/speiereck-franciaagyas-szoba\\\/#breadcrumb\"},\"inLanguage\":\"hu\",\"potentialAction\":[{\"@type\":\"ReadAction\",\"target\":[\"https:\\\/\\\/www.hotelneuwirt.at\\\/hu\\\/szobak-mauterndorf\\\/speiereck-franciaagyas-szoba\\\/\"]}]},{\"@type\":\"ImageObject\",\"inLanguage\":\"hu\",\"@id\":\"https:\\\/\\\/www.hotelneuwirt.at\\\/hu\\\/szobak-mauterndorf\\\/speiereck-franciaagyas-szoba\\\/#primaryimage\",\"url\":\"https:\\\/\\\/www.hotelneuwirt.at\\\/wp-content\\\/uploads\\\/speiereck-zimmer-mauterndorf-hotel-neuwirt-beitrag.jpg\",\"contentUrl\":\"https:\\\/\\\/www.hotelneuwirt.at\\\/wp-content\\\/uploads\\\/speiereck-zimmer-mauterndorf-hotel-neuwirt-beitrag.jpg\",\"width\":1920,\"height\":750},{\"@type\":\"BreadcrumbList\",\"@id\":\"https:\\\/\\\/www.hotelneuwirt.at\\\/hu\\\/szobak-mauterndorf\\\/speiereck-franciaagyas-szoba\\\/#breadcrumb\",\"itemListElement\":[{\"@type\":\"ListItem\",\"position\":1,\"name\":\"Startseite\",\"item\":\"https:\\\/\\\/www.hotelneuwirt.at\\\/hu\\\/\"},{\"@type\":\"ListItem\",\"position\":2,\"name\":\"Szob\u00e1k &#038; \u00c1rak\",\"item\":\"https:\\\/\\\/www.hotelneuwirt.at\\\/hu\\\/szobak-mauterndorf\\\/\"},{\"@type\":\"ListItem\",\"position\":3,\"name\":\"&#8220;Speiereck&#8221; francia\u00e1gyas szoba\"}]},{\"@type\":\"WebSite\",\"@id\":\"https:\\\/\\\/www.hotelneuwirt.at\\\/#website\",\"url\":\"https:\\\/\\\/www.hotelneuwirt.at\\\/\",\"name\":\"Hotel Neuwirt\",\"description\":\"3 Sterne Hotel in Mauterndorf\",\"potentialAction\":[{\"@type\":\"SearchAction\",\"target\":{\"@type\":\"EntryPoint\",\"urlTemplate\":\"https:\\\/\\\/www.hotelneuwirt.at\\\/?s={search_term_string}\"},\"query-input\":{\"@type\":\"PropertyValueSpecification\",\"valueRequired\":true,\"valueName\":\"search_term_string\"}}],\"inLanguage\":\"hu\"}]}<\/script>\n<!-- \/ Yoast SEO plugin. -->","yoast_head_json":{"title":"Francia\u00e1gyas szoba Mauterndorfban kb. 21 m2","description":"T\u00f6ltse szabads\u00e1g\u00e1t k\u00e9nyelmes francia\u00e1gyas szob\u00e1nkban K\u00e1bel TV, ingyenes WIFI, fotel, f\u00fcrd\u0151szoba.","robots":{"index":"index","follow":"follow","max-snippet":"max-snippet:-1","max-image-preview":"max-image-preview:large","max-video-preview":"max-video-preview:-1"},"canonical":"https:\/\/www.hotelneuwirt.at\/hu\/szobak-mauterndorf\/speiereck-franciaagyas-szoba\/","og_locale":"hu_HU","og_type":"article","og_title":"Francia\u00e1gyas szoba Mauterndorfban kb. 21 m2","og_description":"T\u00f6ltse szabads\u00e1g\u00e1t k\u00e9nyelmes francia\u00e1gyas szob\u00e1nkban K\u00e1bel TV, ingyenes WIFI, fotel, f\u00fcrd\u0151szoba.","og_url":"https:\/\/www.hotelneuwirt.at\/hu\/szobak-mauterndorf\/speiereck-franciaagyas-szoba\/","og_site_name":"Hotel Neuwirt","article_modified_time":"2025-10-15T08:41:15+00:00","og_image":[{"width":1920,"height":750,"url":"https:\/\/www.hotelneuwirt.at\/wp-content\/uploads\/speiereck-zimmer-mauterndorf-hotel-neuwirt-beitrag.jpg","type":"image\/jpeg"}],"twitter_card":"summary_large_image","twitter_misc":{"Becs\u00fclt olvas\u00e1si id\u0151":"2 perc"},"schema":{"@context":"https:\/\/schema.org","@graph":[{"@type":"WebPage","@id":"https:\/\/www.hotelneuwirt.at\/hu\/szobak-mauterndorf\/speiereck-franciaagyas-szoba\/","url":"https:\/\/www.hotelneuwirt.at\/hu\/szobak-mauterndorf\/speiereck-franciaagyas-szoba\/","name":"Francia\u00e1gyas szoba Mauterndorfban kb. 21 m2","isPartOf":{"@id":"https:\/\/www.hotelneuwirt.at\/#website"},"primaryImageOfPage":{"@id":"https:\/\/www.hotelneuwirt.at\/hu\/szobak-mauterndorf\/speiereck-franciaagyas-szoba\/#primaryimage"},"image":{"@id":"https:\/\/www.hotelneuwirt.at\/hu\/szobak-mauterndorf\/speiereck-franciaagyas-szoba\/#primaryimage"},"thumbnailUrl":"https:\/\/www.hotelneuwirt.at\/wp-content\/uploads\/speiereck-zimmer-mauterndorf-hotel-neuwirt-beitrag.jpg","datePublished":"2017-08-30T14:12:18+00:00","dateModified":"2025-10-15T08:41:15+00:00","description":"T\u00f6ltse szabads\u00e1g\u00e1t k\u00e9nyelmes francia\u00e1gyas szob\u00e1nkban K\u00e1bel TV, ingyenes WIFI, fotel, f\u00fcrd\u0151szoba.","breadcrumb":{"@id":"https:\/\/www.hotelneuwirt.at\/hu\/szobak-mauterndorf\/speiereck-franciaagyas-szoba\/#breadcrumb"},"inLanguage":"hu","potentialAction":[{"@type":"ReadAction","target":["https:\/\/www.hotelneuwirt.at\/hu\/szobak-mauterndorf\/speiereck-franciaagyas-szoba\/"]}]},{"@type":"ImageObject","inLanguage":"hu","@id":"https:\/\/www.hotelneuwirt.at\/hu\/szobak-mauterndorf\/speiereck-franciaagyas-szoba\/#primaryimage","url":"https:\/\/www.hotelneuwirt.at\/wp-content\/uploads\/speiereck-zimmer-mauterndorf-hotel-neuwirt-beitrag.jpg","contentUrl":"https:\/\/www.hotelneuwirt.at\/wp-content\/uploads\/speiereck-zimmer-mauterndorf-hotel-neuwirt-beitrag.jpg","width":1920,"height":750},{"@type":"BreadcrumbList","@id":"https:\/\/www.hotelneuwirt.at\/hu\/szobak-mauterndorf\/speiereck-franciaagyas-szoba\/#breadcrumb","itemListElement":[{"@type":"ListItem","position":1,"name":"Startseite","item":"https:\/\/www.hotelneuwirt.at\/hu\/"},{"@type":"ListItem","position":2,"name":"Szob\u00e1k &#038; \u00c1rak","item":"https:\/\/www.hotelneuwirt.at\/hu\/szobak-mauterndorf\/"},{"@type":"ListItem","position":3,"name":"&#8220;Speiereck&#8221; francia\u00e1gyas szoba"}]},{"@type":"WebSite","@id":"https:\/\/www.hotelneuwirt.at\/#website","url":"https:\/\/www.hotelneuwirt.at\/","name":"Hotel Neuwirt","description":"3 Sterne Hotel in Mauterndorf","potentialAction":[{"@type":"SearchAction","target":{"@type":"EntryPoint","urlTemplate":"https:\/\/www.hotelneuwirt.at\/?s={search_term_string}"},"query-input":{"@type":"PropertyValueSpecification","valueRequired":true,"valueName":"search_term_string"}}],"inLanguage":"hu"}]}},"_links":{"self":[{"href":"https:\/\/www.hotelneuwirt.at\/hu\/wp-json\/wp\/v2\/pages\/2097","targetHints":{"allow":["GET"]}}],"collection":[{"href":"https:\/\/www.hotelneuwirt.at\/hu\/wp-json\/wp\/v2\/pages"}],"about":[{"href":"https:\/\/www.hotelneuwirt.at\/hu\/wp-json\/wp\/v2\/types\/page"}],"author":[{"embeddable":true,"href":"https:\/\/www.hotelneuwirt.at\/hu\/wp-json\/wp\/v2\/users\/1"}],"replies":[{"embeddable":true,"href":"https:\/\/www.hotelneuwirt.at\/hu\/wp-json\/wp\/v2\/comments?post=2097"}],"version-history":[{"count":0,"href":"https:\/\/www.hotelneuwirt.at\/hu\/wp-json\/wp\/v2\/pages\/2097\/revisions"}],"up":[{"embeddable":true,"href":"https:\/\/www.hotelneuwirt.at\/hu\/wp-json\/wp\/v2\/pages\/2103"}],"wp:featuredmedia":[{"embeddable":true,"href":"https:\/\/www.hotelneuwirt.at\/hu\/wp-json\/wp\/v2\/media\/2099"}],"wp:attachment":[{"href":"https:\/\/www.hotelneuwirt.at\/hu\/wp-json\/wp\/v2\/media?parent=2097"}],"curies":[{"name":"wp","href":"https:\/\/api.w.org\/{rel}","templated":true}]}}