{"id":2094,"date":"2017-08-30T16:12:32","date_gmt":"2017-08-30T14:12:32","guid":{"rendered":"https:\/\/www.hotelneuwirt.at\/doppelzimmer-fanningberg\/"},"modified":"2025-10-15T10:41:38","modified_gmt":"2025-10-15T08:41:38","slug":"franciaagyas-fanningberg","status":"publish","type":"page","link":"https:\/\/www.hotelneuwirt.at\/hu\/szobak-mauterndorf\/franciaagyas-fanningberg\/","title":{"rendered":"&#8220;Fanningberg&#8221; Francia\u00e1gyas szoba"},"content":{"rendered":"<div class=\"wpb-content-wrapper\"><p>[vc_row][vc_column][vc_column_text]<\/p>\n<h2>2 szem\u00e9lyes, kb. 30 m<sup>2<\/sup><\/h2>\n<h1>&#8220;Fanningberg&#8221; francia\u00e1gyas szoba erk\u00e9ly n\u00e9lk\u00fcl<\/h1>\n<p>[\/vc_column_text][vc_separator][\/vc_column][\/vc_row][vc_row][vc_column width=&#8221;1\/2&#8243;][vc_gallery interval=&#8221;3&#8243; images=&#8221;2305,2306,2095&#8243; img_size=&#8221;medium&#8221; css=&#8221;.vc_custom_1505830711956{margin-top: 35px !important;}&#8221;][\/vc_column][vc_column width=&#8221;1\/2&#8243;][vc_column_text css=&#8221;.vc_custom_1551198579059{margin-bottom: 30px !important;}&#8221;]<\/p>\n<h3>Francia\u00e1gyas szoba berendez\u00e9se<\/h3>\n<p>[\/vc_column_text][vc_column_text]<\/p>\n<ul>\n<li>zuhanyz\u00f3\/WC vagy f\u00fcrd\u0151k\u00e1d\/WC<\/li>\n<li>K\u00e1bel TV &amp; telefon<\/li>\n<li>ingyenes internet, WIFI a sz\u00e1lloda eg\u00e9sz ter\u00fclet\u00e9n<\/li>\n<li>sz\u00e9f<\/li>\n<li>egyes szob\u00e1kban k\u00e9nyelmes, k\u00e9tszem\u00e9lyes kanap\u00e9 (amely k\u00e9nyelmes p\u00f3t\u00e1gyk\u00e9nt funkcion\u00e1l 2 gyermek, vagy ak\u00e1r 2 feln\u0151tt r\u00e9sz\u00e9re is)<\/li>\n<li>hajsz\u00e1r\u00edt\u00f3<\/li>\n<\/ul>\n<p>[\/vc_column_text][vc_row_inner css=&#8221;.vc_custom_1504765146901{margin-top: 0px !important;}&#8221;][vc_column_inner width=&#8221;1\/2&#8243;][vc_column_text]<span class=\"button-block\"><a href=\"https:\/\/www.hotelneuwirt.at\/hu\/szalloda-mauterndorf\/azonnali-foglalas\/\">Azonnali foglal\u00e1s<\/a><\/span>[\/vc_column_text][\/vc_column_inner][vc_column_inner width=&#8221;1\/2&#8243;][vc_column_text]<span class=\"button-grau\"><a href=\"https:\/\/www.hotelneuwirt.at\/hu\/szalloda-mauterndorf\/ajanlat-keres\/\">\u00c9rdekl\u0151d\u00e9s<\/a><\/span>[\/vc_column_text][\/vc_column_inner][\/vc_row_inner][\/vc_column][\/vc_row][vc_row][vc_column][vc_tta_tabs][vc_tta_section title=&#8221;T\u00e9li \u00e1rak&#8221; tab_id=&#8221;1504764608692-8869b779-40a0966a-73a6&#8243;][vc_column_text]<\/p>\n<h6>T\u00e9li \u00e1rak min.3 \u00e9jszak\u00e1s tart\u00f3zkod\u00e1s eset\u00e9n<\/h6>\n<p>[\/vc_column_text]\n<table id=\"tablepress-26\" class=\"tablepress tablepress-id-26\">\n<thead>\n<tr class=\"row-1\">\n\t<th class=\"column-1\">K\u00e9t\u00e1gyas szoba <br \/>\n\"Fanningberg\"<\/th><th class=\"column-2\"><br \/>\nel\u0151\/ut\u00f3szezon<\/th><th class=\"column-3\"><br \/>\nmell\u00e9kszezon<\/th><th class=\"column-4\">f\u0151szezon<\/th><th class=\"column-5\">\u00fcnnepek<\/th>\n<\/tr>\n<\/thead>\n<tbody class=\"row-striping row-hover\">\n<tr class=\"row-2\">\n\t<td class=\"column-1\">Reggeli<\/td><td class=\"column-2\">77 Euro<\/td><td class=\"column-3\">77 Euro<\/td><td class=\"column-4\">88 Euro<\/td><td class=\"column-5\">93 Euro<\/td>\n<\/tr>\n<tr class=\"row-3\">\n\t<td class=\"column-1\">F\u00e9lpanzi\u00f3<\/td><td class=\"column-2\">117 Euro<\/td><td class=\"column-3\">117 Euro<\/td><td class=\"column-4\">128 Euro<\/td><td class=\"column-5\">133 Euro<\/td>\n<\/tr>\n<\/tbody>\n<\/table>\n[vc_column_text css=&#8221;.vc_custom_1760517489087{margin-bottom: 0px !important;}&#8221;]\u00c1raink szem\u00e9lyenk\u00e9nt \u00e9s \u00e9jszak\u00e1nk\u00e9nt EURO-ban \u00e9rtend\u0151k.<\/p>\n<p>Az \u00e1rak az idegenforgalmi ad\u00f3t nem tartalmazz\u00e1k. Az idegenforgalmi ad\u00f3 6-15 \u00e9ves korig 2\u20ac, 15 \u00e9v felett 4\u20ac szem\u00e9lyenk\u00e9nt \u00e9s \u00e9jszak\u00e1nk\u00e9nt.<\/p>\n<div class=\"btn-bubble-icon\"><\/div>\n<p>[\/vc_column_text][\/vc_tta_section][vc_tta_section title=&#8221;Ny\u00e1ri \u00e1rak&#8221; tab_id=&#8221;1504764022176-ab39fdd1-0a85966a-73a6&#8243;][vc_column_text]<\/p>\n<h6>Ny\u00e1ri \u00e1rak min.3 \u00e9jszak\u00e1s tart\u00f3zkod\u00e1s eset\u00e9n<\/h6>\n<p>[\/vc_column_text]\n<table id=\"tablepress-25\" class=\"tablepress tablepress-id-25\">\n<thead>\n<tr class=\"row-1\">\n\t<th class=\"column-1\">K\u00e9t\u00e1gyas szoba <br \/>\n\"Fanningberg\"<\/th><th class=\"column-2\"><br \/>\nel\u0151szezon<\/th><th class=\"column-3\"><br \/>\nut\u00f3szezon<\/th><th class=\"column-4\">f\u0151szezon<\/th>\n<\/tr>\n<\/thead>\n<tbody class=\"row-striping row-hover\">\n<tr class=\"row-2\">\n\t<td class=\"column-1\">Reggeli<\/td><td class=\"column-2\">69 Euro<\/td><td class=\"column-3\">73 Euro<\/td><td class=\"column-4\">75 Euro<\/td>\n<\/tr>\n<tr class=\"row-3\">\n\t<td class=\"column-1\">F\u00e9lpanzi\u00f3<\/td><td class=\"column-2\">109 Euro<\/td><td class=\"column-3\">113 Euro<\/td><td class=\"column-4\">115 Euro<\/td>\n<\/tr>\n<\/tbody>\n<\/table>\n[vc_column_text css=&#8221;.vc_custom_1760517480050{margin-bottom: 0px !important;}&#8221;]\u00c1raink szem\u00e9lyenk\u00e9nt \u00e9s \u00e9jszak\u00e1nk\u00e9nt EURO-ban \u00e9rtend\u0151k.<\/p>\n<p>Az \u00e1rak az idegenforgalmi ad\u00f3t nem tartalmazz\u00e1k. Az idegenforgalmi ad\u00f3 6-15 \u00e9ves korig 2\u20ac, 15 \u00e9v felett 4\u20ac szem\u00e9lyenk\u00e9nt \u00e9s \u00e9jszak\u00e1nk\u00e9nt.<\/p>\n<div class=\"btn-bubble-icon\"><\/div>\n<p>[\/vc_column_text][\/vc_tta_section][vc_tta_section title=&#8221;Tel\u00edtetts\u00e9g&#8221; tab_id=&#8221;1505831830511-21e23080-2e55&#8243;][vc_column_text]<\/p>\n<h6>Szoba tel\u00edtetts\u00e9g<\/h6>\n<p>[\/vc_column_text][vc_raw_html]JTNDaWZyYW1lJTIwc3JjJTNEJTIyaHR0cHMlM0ElMkYlMkZ3ZWI0LmRlc2tsaW5lLm5ldCUyRmFjY29tbW9kYXRpb25zYWx6YnVyZ2VybGFuZCUyRmVuJTJGYXZhaWxhYmlsaXR5Y2FsZW5kYXIlMkZkZXRhaWwlMkZTQkclMkY1NDUzZTk0MC05MmI5LTQ2MzEtOGU3Ny0xMGFlY2I0ODE4ZWUlMkZIb3RlbF9OZXV3aXJ0JTNGbGtjcyUzRE1BVTAwMDM5JTI2dmlzaWJsZU1vbnRocyUzRDQlMjZwcm9kdWN0SURzJTNEMGZiNjZmNjktYzI1My00ZWFmLWFhMmItYTc3YmJjYzc1ZDUxJTIyJTIwd2lkdGglM0QlMjIxMDAlMjUlMjIlMjBoZWlnaHQlM0QlMjIzNzBweCUyMiUzRSUzQyUyRmlmcmFtZSUzRQ==[\/vc_raw_html][\/vc_tta_section][\/vc_tta_tabs][\/vc_column][\/vc_row][vc_row][vc_column]<div class=\"templatera_shortcode\"><style type=\"text\/css\" data-type=\"vc_shortcodes-custom-css\">.vc_custom_1509454814158{margin-bottom: 20px !important;}.vc_custom_1558423041745{margin-bottom: 0px !important;}<\/style><div class=\"vc_row wpb_row vc_row-fluid\"><div class=\"wpb_column vc_column_container vc_col-sm-12\"><div class=\"vc_column-inner\"><div class=\"wpb_wrapper\">\n\t<div class=\"wpb_text_column wpb_content_element vc_custom_1509454814158\" >\n\t\t<div class=\"wpb_wrapper\">\n\t\t\t<h3>Inclusives<\/h3>\n\n\t\t<\/div>\n\t<\/div>\n<div class=\"vc_row wpb_row vc_inner vc_row-fluid\"><div class=\"wpb_column vc_column_container vc_col-sm-6\"><div class=\"vc_column-inner\"><div class=\"wpb_wrapper\">\n\t<div class=\"wpb_text_column wpb_content_element vc_custom_1558423041745\" >\n\t\t<div class=\"wpb_wrapper\">\n\t\t\t<ul>\n<li>B\u0151s\u00e9ges b\u00fcf\u00e9reggeli \u00e9s 3 fog\u00e1sos sv\u00e9dasztalos vacsora magyar \u00e9s magyarorsz\u00e1gi n\u00e9met k\u00fcl\u00f6nlegess\u00e9gekkel<\/li>\n<li>T\u00e1gas Wellness szaun\u00e1val, g\u0151zkabinnal, hidegk\u00f6d zuhannyal, kneipp d\u00e9zs\u00e1val, pezsg\u0151k\u00e1ddal \u00e9s pihen\u0151szob\u00e1val<\/li>\n<li>Napoz\u00f3 tet\u0151terasz csod\u00e1latos kil\u00e1t\u00e1ssal<\/li>\n<\/ul>\n\n\t\t<\/div>\n\t<\/div>\n<\/div><\/div><\/div><div class=\"wpb_column vc_column_container vc_col-sm-6\"><div class=\"vc_column-inner\"><div class=\"wpb_wrapper\">\n\t<div class=\"wpb_text_column wpb_content_element\" >\n\t\t<div class=\"wpb_wrapper\">\n\t\t\t<ul>\n<li>B\u0151s\u00e9ges hotelfelszerel\u00e9s: k\u00f6z\u00f6ss\u00e9gi helys\u00e9gek, s\u00ed \u00e9s ker\u00e9kp\u00e1rt\u00e1rol\u00f3 helys\u00e9g, gyermekj\u00e1tsz\u00f3<\/li>\n<li>Ingyenes Wifi<\/li>\n<li>Sok tov\u00e1bbi kellemes szolg\u00e1ltat\u00e1s vend\u00e9geink r\u00e9sz\u00e9re<\/li>\n<\/ul>\n\n\t\t<\/div>\n\t<\/div>\n<\/div><\/div><\/div><\/div><\/div><\/div><\/div><\/div><\/div>[\/vc_column][\/vc_row][vc_row][vc_column width=&#8221;1\/3&#8243;][vc_column_text]<span class=\"button-grau\"><a href=\"https:\/\/www.hotelneuwirt.at\/hu\/szalloda-mauterndorf\/foglalasi-informaciok\/\">Foglal\u00e1si inform\u00e1ci\u00f3k<\/a><\/span>[\/vc_column_text][\/vc_column][vc_column width=&#8221;1\/3&#8243;][vc_column_text]<span class=\"button-grau\"><a href=\"https:\/\/www.hotelneuwirt.at\/hu\/szalloda-mauterndorf\/szolgaltatasaink\/\">Hozz\u00e1tartoz\u00f3 szolg\u00e1ltat\u00e1sok<\/a><\/span>[\/vc_column_text][\/vc_column][vc_column width=&#8221;1\/3&#8243;][vc_column_text]<span class=\"button-grau\"><a href=\"https:\/\/www.hotelneuwirt.at\/hu\/szobak-mauterndorf\/\">Foglalhat\u00f3 szob\u00e1k<\/a><\/span>[\/vc_column_text][\/vc_column][\/vc_row]<\/p>\n<\/div>","protected":false},"excerpt":{"rendered":"2 szem\u00e9lyes,\u00a0kb. 30 m2 \"Fanningberg\" francia\u00e1gyas szoba\u00a0erk\u00e9ly n\u00e9lk\u00fcl Francia\u00e1gyas szoba berendez\u00e9se zuhanyz\u00f3\/WC vagy f\u00fcrd\u0151k\u00e1d\/WC K\u00e1bel TV &amp; telefon ingyenes internet, WIFI a sz\u00e1lloda eg\u00e9sz ter\u00fclet\u00e9n sz\u00e9f egyes szob\u00e1kban k\u00e9nyelmes, k\u00e9tszem\u00e9lyes kanap\u00e9\u00a0(amely k\u00e9nyelmes p\u00f3t\u00e1gyk\u00e9nt funkcion\u00e1l 2 gyermek, vagy ak\u00e1r 2 feln\u0151tt r\u00e9sz\u00e9re is) hajsz\u00e1r\u00edt\u00f3 Azonnali foglal\u00e1s \u00c9rdekl\u0151d\u00e9s T\u00e9li \u00e1rakNy\u00e1ri \u00e1rakTel\u00edtetts\u00e9gT\u00e9li \u00e1rak T\u00e9li \u00e1rak\u00a0min.3 \u00e9jszak\u00e1s tart\u00f3zkod\u00e1s eset\u00e9n &hellip;\n<p><a class=\"readmore btn btn-default btn-default btn-block\" href=\"https:\/\/www.hotelneuwirt.at\/hu\/szobak-mauterndorf\/franciaagyas-fanningberg\/\">Read More<\/a><\/p>","protected":false},"author":1,"featured_media":2096,"parent":2103,"menu_order":0,"comment_status":"closed","ping_status":"closed","template":"","meta":{"_acf_changed":false,"rs_blank_template":"","rs_page_bg_color":"","slide_template_v7":"","footnotes":""},"class_list":["post-2094","page","type-page","status-publish","has-post-thumbnail","hentry"],"acf":[],"yoast_head":"<!-- This site is optimized with the Yoast SEO plugin v27.3 - https:\/\/yoast.com\/product\/yoast-seo-wordpress\/ -->\n<title>Komfortos francia\u00e1gyas szoba kb. 24 m2 Mauterndorfban<\/title>\n<meta name=\"description\" content=\"K\u00e1bel-TV, ingyenes Internet, sz\u00e9f, k\u00e9nyelmes kanap\u00e9 (k\u00e9nyelmes p\u00f3t\u00e1gy 2 gyermek, vagy ak\u00e1r 2 feln\u0151tt r\u00e9sz\u00e9re), f\u00fcrd\u0151szoba,... v\u00e1rja \u00d6nt a kb. 24 m-es francia\u00e1gyas szob\u00e1ban.\" \/>\n<meta name=\"robots\" content=\"index, follow, max-snippet:-1, max-image-preview:large, max-video-preview:-1\" \/>\n<link rel=\"canonical\" href=\"https:\/\/www.hotelneuwirt.at\/hu\/szobak-mauterndorf\/franciaagyas-fanningberg\/\" \/>\n<meta property=\"og:locale\" content=\"hu_HU\" \/>\n<meta property=\"og:type\" content=\"article\" \/>\n<meta property=\"og:title\" content=\"Komfortos francia\u00e1gyas szoba kb. 24 m2 Mauterndorfban\" \/>\n<meta property=\"og:description\" content=\"K\u00e1bel-TV, ingyenes Internet, sz\u00e9f, k\u00e9nyelmes kanap\u00e9 (k\u00e9nyelmes p\u00f3t\u00e1gy 2 gyermek, vagy ak\u00e1r 2 feln\u0151tt r\u00e9sz\u00e9re), f\u00fcrd\u0151szoba,... v\u00e1rja \u00d6nt a kb. 24 m-es francia\u00e1gyas szob\u00e1ban.\" \/>\n<meta property=\"og:url\" content=\"https:\/\/www.hotelneuwirt.at\/hu\/szobak-mauterndorf\/franciaagyas-fanningberg\/\" \/>\n<meta property=\"og:site_name\" content=\"Hotel Neuwirt\" \/>\n<meta property=\"article:modified_time\" content=\"2025-10-15T08:41:38+00:00\" \/>\n<meta property=\"og:image\" content=\"https:\/\/www.hotelneuwirt.at\/wp-content\/uploads\/fanningberg-zimmer-mauterndorf-hotel-neuwirt-beitrag.jpg\" \/>\n\t<meta property=\"og:image:width\" content=\"1920\" \/>\n\t<meta property=\"og:image:height\" content=\"750\" \/>\n\t<meta property=\"og:image:type\" content=\"image\/jpeg\" \/>\n<meta name=\"twitter:card\" content=\"summary_large_image\" \/>\n<meta name=\"twitter:label1\" content=\"Becs\u00fclt olvas\u00e1si id\u0151\" \/>\n\t<meta name=\"twitter:data1\" content=\"2 perc\" \/>\n<script type=\"application\/ld+json\" class=\"yoast-schema-graph\">{\"@context\":\"https:\\\/\\\/schema.org\",\"@graph\":[{\"@type\":\"WebPage\",\"@id\":\"https:\\\/\\\/www.hotelneuwirt.at\\\/hu\\\/szobak-mauterndorf\\\/franciaagyas-fanningberg\\\/\",\"url\":\"https:\\\/\\\/www.hotelneuwirt.at\\\/hu\\\/szobak-mauterndorf\\\/franciaagyas-fanningberg\\\/\",\"name\":\"Komfortos francia\u00e1gyas szoba kb. 24 m2 Mauterndorfban\",\"isPartOf\":{\"@id\":\"https:\\\/\\\/www.hotelneuwirt.at\\\/#website\"},\"primaryImageOfPage\":{\"@id\":\"https:\\\/\\\/www.hotelneuwirt.at\\\/hu\\\/szobak-mauterndorf\\\/franciaagyas-fanningberg\\\/#primaryimage\"},\"image\":{\"@id\":\"https:\\\/\\\/www.hotelneuwirt.at\\\/hu\\\/szobak-mauterndorf\\\/franciaagyas-fanningberg\\\/#primaryimage\"},\"thumbnailUrl\":\"https:\\\/\\\/www.hotelneuwirt.at\\\/wp-content\\\/uploads\\\/fanningberg-zimmer-mauterndorf-hotel-neuwirt-beitrag.jpg\",\"datePublished\":\"2017-08-30T14:12:32+00:00\",\"dateModified\":\"2025-10-15T08:41:38+00:00\",\"description\":\"K\u00e1bel-TV, ingyenes Internet, sz\u00e9f, k\u00e9nyelmes kanap\u00e9 (k\u00e9nyelmes p\u00f3t\u00e1gy 2 gyermek, vagy ak\u00e1r 2 feln\u0151tt r\u00e9sz\u00e9re), f\u00fcrd\u0151szoba,... v\u00e1rja \u00d6nt a kb. 24 m-es francia\u00e1gyas szob\u00e1ban.\",\"breadcrumb\":{\"@id\":\"https:\\\/\\\/www.hotelneuwirt.at\\\/hu\\\/szobak-mauterndorf\\\/franciaagyas-fanningberg\\\/#breadcrumb\"},\"inLanguage\":\"hu\",\"potentialAction\":[{\"@type\":\"ReadAction\",\"target\":[\"https:\\\/\\\/www.hotelneuwirt.at\\\/hu\\\/szobak-mauterndorf\\\/franciaagyas-fanningberg\\\/\"]}]},{\"@type\":\"ImageObject\",\"inLanguage\":\"hu\",\"@id\":\"https:\\\/\\\/www.hotelneuwirt.at\\\/hu\\\/szobak-mauterndorf\\\/franciaagyas-fanningberg\\\/#primaryimage\",\"url\":\"https:\\\/\\\/www.hotelneuwirt.at\\\/wp-content\\\/uploads\\\/fanningberg-zimmer-mauterndorf-hotel-neuwirt-beitrag.jpg\",\"contentUrl\":\"https:\\\/\\\/www.hotelneuwirt.at\\\/wp-content\\\/uploads\\\/fanningberg-zimmer-mauterndorf-hotel-neuwirt-beitrag.jpg\",\"width\":1920,\"height\":750},{\"@type\":\"BreadcrumbList\",\"@id\":\"https:\\\/\\\/www.hotelneuwirt.at\\\/hu\\\/szobak-mauterndorf\\\/franciaagyas-fanningberg\\\/#breadcrumb\",\"itemListElement\":[{\"@type\":\"ListItem\",\"position\":1,\"name\":\"Startseite\",\"item\":\"https:\\\/\\\/www.hotelneuwirt.at\\\/hu\\\/\"},{\"@type\":\"ListItem\",\"position\":2,\"name\":\"Szob\u00e1k &#038; \u00c1rak\",\"item\":\"https:\\\/\\\/www.hotelneuwirt.at\\\/hu\\\/szobak-mauterndorf\\\/\"},{\"@type\":\"ListItem\",\"position\":3,\"name\":\"&#8220;Fanningberg&#8221; Francia\u00e1gyas szoba\"}]},{\"@type\":\"WebSite\",\"@id\":\"https:\\\/\\\/www.hotelneuwirt.at\\\/#website\",\"url\":\"https:\\\/\\\/www.hotelneuwirt.at\\\/\",\"name\":\"Hotel Neuwirt\",\"description\":\"3 Sterne Hotel in Mauterndorf\",\"potentialAction\":[{\"@type\":\"SearchAction\",\"target\":{\"@type\":\"EntryPoint\",\"urlTemplate\":\"https:\\\/\\\/www.hotelneuwirt.at\\\/?s={search_term_string}\"},\"query-input\":{\"@type\":\"PropertyValueSpecification\",\"valueRequired\":true,\"valueName\":\"search_term_string\"}}],\"inLanguage\":\"hu\"}]}<\/script>\n<!-- \/ Yoast SEO plugin. -->","yoast_head_json":{"title":"Komfortos francia\u00e1gyas szoba kb. 24 m2 Mauterndorfban","description":"K\u00e1bel-TV, ingyenes Internet, sz\u00e9f, k\u00e9nyelmes kanap\u00e9 (k\u00e9nyelmes p\u00f3t\u00e1gy 2 gyermek, vagy ak\u00e1r 2 feln\u0151tt r\u00e9sz\u00e9re), f\u00fcrd\u0151szoba,... v\u00e1rja \u00d6nt a kb. 24 m-es francia\u00e1gyas szob\u00e1ban.","robots":{"index":"index","follow":"follow","max-snippet":"max-snippet:-1","max-image-preview":"max-image-preview:large","max-video-preview":"max-video-preview:-1"},"canonical":"https:\/\/www.hotelneuwirt.at\/hu\/szobak-mauterndorf\/franciaagyas-fanningberg\/","og_locale":"hu_HU","og_type":"article","og_title":"Komfortos francia\u00e1gyas szoba kb. 24 m2 Mauterndorfban","og_description":"K\u00e1bel-TV, ingyenes Internet, sz\u00e9f, k\u00e9nyelmes kanap\u00e9 (k\u00e9nyelmes p\u00f3t\u00e1gy 2 gyermek, vagy ak\u00e1r 2 feln\u0151tt r\u00e9sz\u00e9re), f\u00fcrd\u0151szoba,... v\u00e1rja \u00d6nt a kb. 24 m-es francia\u00e1gyas szob\u00e1ban.","og_url":"https:\/\/www.hotelneuwirt.at\/hu\/szobak-mauterndorf\/franciaagyas-fanningberg\/","og_site_name":"Hotel Neuwirt","article_modified_time":"2025-10-15T08:41:38+00:00","og_image":[{"width":1920,"height":750,"url":"https:\/\/www.hotelneuwirt.at\/wp-content\/uploads\/fanningberg-zimmer-mauterndorf-hotel-neuwirt-beitrag.jpg","type":"image\/jpeg"}],"twitter_card":"summary_large_image","twitter_misc":{"Becs\u00fclt olvas\u00e1si id\u0151":"2 perc"},"schema":{"@context":"https:\/\/schema.org","@graph":[{"@type":"WebPage","@id":"https:\/\/www.hotelneuwirt.at\/hu\/szobak-mauterndorf\/franciaagyas-fanningberg\/","url":"https:\/\/www.hotelneuwirt.at\/hu\/szobak-mauterndorf\/franciaagyas-fanningberg\/","name":"Komfortos francia\u00e1gyas szoba kb. 24 m2 Mauterndorfban","isPartOf":{"@id":"https:\/\/www.hotelneuwirt.at\/#website"},"primaryImageOfPage":{"@id":"https:\/\/www.hotelneuwirt.at\/hu\/szobak-mauterndorf\/franciaagyas-fanningberg\/#primaryimage"},"image":{"@id":"https:\/\/www.hotelneuwirt.at\/hu\/szobak-mauterndorf\/franciaagyas-fanningberg\/#primaryimage"},"thumbnailUrl":"https:\/\/www.hotelneuwirt.at\/wp-content\/uploads\/fanningberg-zimmer-mauterndorf-hotel-neuwirt-beitrag.jpg","datePublished":"2017-08-30T14:12:32+00:00","dateModified":"2025-10-15T08:41:38+00:00","description":"K\u00e1bel-TV, ingyenes Internet, sz\u00e9f, k\u00e9nyelmes kanap\u00e9 (k\u00e9nyelmes p\u00f3t\u00e1gy 2 gyermek, vagy ak\u00e1r 2 feln\u0151tt r\u00e9sz\u00e9re), f\u00fcrd\u0151szoba,... v\u00e1rja \u00d6nt a kb. 24 m-es francia\u00e1gyas szob\u00e1ban.","breadcrumb":{"@id":"https:\/\/www.hotelneuwirt.at\/hu\/szobak-mauterndorf\/franciaagyas-fanningberg\/#breadcrumb"},"inLanguage":"hu","potentialAction":[{"@type":"ReadAction","target":["https:\/\/www.hotelneuwirt.at\/hu\/szobak-mauterndorf\/franciaagyas-fanningberg\/"]}]},{"@type":"ImageObject","inLanguage":"hu","@id":"https:\/\/www.hotelneuwirt.at\/hu\/szobak-mauterndorf\/franciaagyas-fanningberg\/#primaryimage","url":"https:\/\/www.hotelneuwirt.at\/wp-content\/uploads\/fanningberg-zimmer-mauterndorf-hotel-neuwirt-beitrag.jpg","contentUrl":"https:\/\/www.hotelneuwirt.at\/wp-content\/uploads\/fanningberg-zimmer-mauterndorf-hotel-neuwirt-beitrag.jpg","width":1920,"height":750},{"@type":"BreadcrumbList","@id":"https:\/\/www.hotelneuwirt.at\/hu\/szobak-mauterndorf\/franciaagyas-fanningberg\/#breadcrumb","itemListElement":[{"@type":"ListItem","position":1,"name":"Startseite","item":"https:\/\/www.hotelneuwirt.at\/hu\/"},{"@type":"ListItem","position":2,"name":"Szob\u00e1k &#038; \u00c1rak","item":"https:\/\/www.hotelneuwirt.at\/hu\/szobak-mauterndorf\/"},{"@type":"ListItem","position":3,"name":"&#8220;Fanningberg&#8221; Francia\u00e1gyas szoba"}]},{"@type":"WebSite","@id":"https:\/\/www.hotelneuwirt.at\/#website","url":"https:\/\/www.hotelneuwirt.at\/","name":"Hotel Neuwirt","description":"3 Sterne Hotel in Mauterndorf","potentialAction":[{"@type":"SearchAction","target":{"@type":"EntryPoint","urlTemplate":"https:\/\/www.hotelneuwirt.at\/?s={search_term_string}"},"query-input":{"@type":"PropertyValueSpecification","valueRequired":true,"valueName":"search_term_string"}}],"inLanguage":"hu"}]}},"_links":{"self":[{"href":"https:\/\/www.hotelneuwirt.at\/hu\/wp-json\/wp\/v2\/pages\/2094","targetHints":{"allow":["GET"]}}],"collection":[{"href":"https:\/\/www.hotelneuwirt.at\/hu\/wp-json\/wp\/v2\/pages"}],"about":[{"href":"https:\/\/www.hotelneuwirt.at\/hu\/wp-json\/wp\/v2\/types\/page"}],"author":[{"embeddable":true,"href":"https:\/\/www.hotelneuwirt.at\/hu\/wp-json\/wp\/v2\/users\/1"}],"replies":[{"embeddable":true,"href":"https:\/\/www.hotelneuwirt.at\/hu\/wp-json\/wp\/v2\/comments?post=2094"}],"version-history":[{"count":0,"href":"https:\/\/www.hotelneuwirt.at\/hu\/wp-json\/wp\/v2\/pages\/2094\/revisions"}],"up":[{"embeddable":true,"href":"https:\/\/www.hotelneuwirt.at\/hu\/wp-json\/wp\/v2\/pages\/2103"}],"wp:featuredmedia":[{"embeddable":true,"href":"https:\/\/www.hotelneuwirt.at\/hu\/wp-json\/wp\/v2\/media\/2096"}],"wp:attachment":[{"href":"https:\/\/www.hotelneuwirt.at\/hu\/wp-json\/wp\/v2\/media?parent=2094"}],"curies":[{"name":"wp","href":"https:\/\/api.w.org\/{rel}","templated":true}]}}