{"id":2080,"date":"2017-08-30T16:14:02","date_gmt":"2017-08-30T14:14:02","guid":{"rendered":"https:\/\/www.hotelneuwirt.at\/pauschalen\/"},"modified":"2023-11-14T16:38:39","modified_gmt":"2023-11-14T15:38:39","slug":"akciok","status":"publish","type":"page","link":"https:\/\/www.hotelneuwirt.at\/hu\/akciok\/","title":{"rendered":"Akci\u00f3k"},"content":{"rendered":"<div class=\"wpb-content-wrapper\"><p>[vc_row][vc_column][vc_column_text]<\/p>\n<h2>Vonz\u00f3 csomagok eg\u00e9sz \u00e9ven \u00e1t<\/h2>\n<h1>Kedvezm\u00e9nyes aj\u00e1nlatok<\/h1>\n<p>[\/vc_column_text][vc_separator][\/vc_column][\/vc_row][vc_row el_class=&#8221;pauschalenuebersicht&#8221;][vc_column][vc_basic_grid post_type=&#8221;post&#8221; max_items=&#8221;999&#8243; element_width=&#8221;12&#8243; gap=&#8221;0&#8243; item=&#8221;28&#8243; grid_id=&#8221;vc_gid:1535094098986-97b8c835-4c3b-7&#8243; taxonomies=&#8221;3, 4&#8243;][\/vc_column][\/vc_row]<\/p>\n<\/div>","protected":false},"excerpt":{"rendered":"<p>[vc_row][vc_column][vc_column_text] Vonz\u00f3 csomagok eg\u00e9sz \u00e9ven \u00e1t Kedvezm\u00e9nyes aj\u00e1nlatok [\/vc_column_text][vc_separator][\/vc_column][\/vc_row][vc_row el_class=&#8221;pauschalenuebersicht&#8221;][vc_column][vc_basic_grid post_type=&#8221;post&#8221; max_items=&#8221;999&#8243; element_width=&#8221;12&#8243; gap=&#8221;0&#8243; item=&#8221;28&#8243; grid_id=&#8221;vc_gid:1535094098986-97b8c835-4c3b-7&#8243; taxonomies=&#8221;3, 4&#8243;][\/vc_column][\/vc_row]<\/p>\n\n<p><a class=\"readmore btn btn-default btn-default btn-block\" href=\"https:\/\/www.hotelneuwirt.at\/hu\/akciok\/\">Read More<\/a><\/p>","protected":false},"author":1,"featured_media":0,"parent":0,"menu_order":8,"comment_status":"closed","ping_status":"closed","template":"","meta":{"_acf_changed":false,"rs_blank_template":"","rs_page_bg_color":"","slide_template_v7":"","footnotes":""},"class_list":["post-2080","page","type-page","status-publish","hentry"],"acf":[],"yoast_head":"<!-- This site is optimized with the Yoast SEO plugin v27.5 - https:\/\/yoast.com\/product\/yoast-seo-wordpress\/ -->\n<title>Attrakt\u00edv akci\u00f3k \u00e9s aj\u00e1nlatok eg\u00e9sz\u00e9vben Mauterndorfban<\/title>\n<meta name=\"description\" content=\"Eg\u00e9sz \u00e9vben k\u00fcl\u00f6nb\u00f6z\u0151 akci\u00f3kkal \u00e9s ingyenes szolg\u00e1ltat\u00e1sokkal v\u00e1rjuk Mauterndorfban.\" \/>\n<meta name=\"robots\" content=\"index, follow, max-snippet:-1, max-image-preview:large, max-video-preview:-1\" \/>\n<link rel=\"canonical\" href=\"https:\/\/www.hotelneuwirt.at\/hu\/akciok\/\" \/>\n<meta property=\"og:locale\" content=\"hu_HU\" \/>\n<meta property=\"og:type\" content=\"article\" \/>\n<meta property=\"og:title\" content=\"Attrakt\u00edv akci\u00f3k \u00e9s aj\u00e1nlatok eg\u00e9sz\u00e9vben Mauterndorfban\" \/>\n<meta property=\"og:description\" content=\"Eg\u00e9sz \u00e9vben k\u00fcl\u00f6nb\u00f6z\u0151 akci\u00f3kkal \u00e9s ingyenes szolg\u00e1ltat\u00e1sokkal v\u00e1rjuk Mauterndorfban.\" \/>\n<meta property=\"og:url\" content=\"https:\/\/www.hotelneuwirt.at\/hu\/akciok\/\" \/>\n<meta property=\"og:site_name\" content=\"Hotel Neuwirt\" \/>\n<meta property=\"article:modified_time\" content=\"2023-11-14T15:38:39+00:00\" \/>\n<meta property=\"og:image\" content=\"https:\/\/www.hotelneuwirt.at\/wp-content\/uploads\/zimmer-hotel-neuwirt-mauterndorf-lungau-2-mobile.jpg\" \/>\n\t<meta property=\"og:image:width\" content=\"767\" \/>\n\t<meta property=\"og:image:height\" content=\"399\" \/>\n\t<meta property=\"og:image:type\" content=\"image\/jpeg\" \/>\n<meta name=\"twitter:card\" content=\"summary_large_image\" \/>\n<meta name=\"twitter:label1\" content=\"Becs\u00fclt olvas\u00e1si id\u0151\" \/>\n\t<meta name=\"twitter:data1\" content=\"1 perc\" \/>\n<script type=\"application\/ld+json\" class=\"yoast-schema-graph\">{\"@context\":\"https:\\\/\\\/schema.org\",\"@graph\":[{\"@type\":\"WebPage\",\"@id\":\"https:\\\/\\\/www.hotelneuwirt.at\\\/hu\\\/akciok\\\/\",\"url\":\"https:\\\/\\\/www.hotelneuwirt.at\\\/hu\\\/akciok\\\/\",\"name\":\"Attrakt\u00edv akci\u00f3k \u00e9s aj\u00e1nlatok eg\u00e9sz\u00e9vben Mauterndorfban\",\"isPartOf\":{\"@id\":\"https:\\\/\\\/www.hotelneuwirt.at\\\/#website\"},\"datePublished\":\"2017-08-30T14:14:02+00:00\",\"dateModified\":\"2023-11-14T15:38:39+00:00\",\"description\":\"Eg\u00e9sz \u00e9vben k\u00fcl\u00f6nb\u00f6z\u0151 akci\u00f3kkal \u00e9s ingyenes szolg\u00e1ltat\u00e1sokkal v\u00e1rjuk Mauterndorfban.\",\"breadcrumb\":{\"@id\":\"https:\\\/\\\/www.hotelneuwirt.at\\\/hu\\\/akciok\\\/#breadcrumb\"},\"inLanguage\":\"hu\",\"potentialAction\":[{\"@type\":\"ReadAction\",\"target\":[\"https:\\\/\\\/www.hotelneuwirt.at\\\/hu\\\/akciok\\\/\"]}]},{\"@type\":\"BreadcrumbList\",\"@id\":\"https:\\\/\\\/www.hotelneuwirt.at\\\/hu\\\/akciok\\\/#breadcrumb\",\"itemListElement\":[{\"@type\":\"ListItem\",\"position\":1,\"name\":\"Startseite\",\"item\":\"https:\\\/\\\/www.hotelneuwirt.at\\\/hu\\\/\"},{\"@type\":\"ListItem\",\"position\":2,\"name\":\"Akci\u00f3k\"}]},{\"@type\":\"WebSite\",\"@id\":\"https:\\\/\\\/www.hotelneuwirt.at\\\/#website\",\"url\":\"https:\\\/\\\/www.hotelneuwirt.at\\\/\",\"name\":\"Hotel Neuwirt\",\"description\":\"3 Sterne Hotel in Mauterndorf\",\"potentialAction\":[{\"@type\":\"SearchAction\",\"target\":{\"@type\":\"EntryPoint\",\"urlTemplate\":\"https:\\\/\\\/www.hotelneuwirt.at\\\/?s={search_term_string}\"},\"query-input\":{\"@type\":\"PropertyValueSpecification\",\"valueRequired\":true,\"valueName\":\"search_term_string\"}}],\"inLanguage\":\"hu\"}]}<\/script>\n<!-- \/ Yoast SEO plugin. -->","yoast_head_json":{"title":"Attrakt\u00edv akci\u00f3k \u00e9s aj\u00e1nlatok eg\u00e9sz\u00e9vben Mauterndorfban","description":"Eg\u00e9sz \u00e9vben k\u00fcl\u00f6nb\u00f6z\u0151 akci\u00f3kkal \u00e9s ingyenes szolg\u00e1ltat\u00e1sokkal v\u00e1rjuk Mauterndorfban.","robots":{"index":"index","follow":"follow","max-snippet":"max-snippet:-1","max-image-preview":"max-image-preview:large","max-video-preview":"max-video-preview:-1"},"canonical":"https:\/\/www.hotelneuwirt.at\/hu\/akciok\/","og_locale":"hu_HU","og_type":"article","og_title":"Attrakt\u00edv akci\u00f3k \u00e9s aj\u00e1nlatok eg\u00e9sz\u00e9vben Mauterndorfban","og_description":"Eg\u00e9sz \u00e9vben k\u00fcl\u00f6nb\u00f6z\u0151 akci\u00f3kkal \u00e9s ingyenes szolg\u00e1ltat\u00e1sokkal v\u00e1rjuk Mauterndorfban.","og_url":"https:\/\/www.hotelneuwirt.at\/hu\/akciok\/","og_site_name":"Hotel Neuwirt","article_modified_time":"2023-11-14T15:38:39+00:00","og_image":[{"width":767,"height":399,"url":"https:\/\/www.hotelneuwirt.at\/wp-content\/uploads\/zimmer-hotel-neuwirt-mauterndorf-lungau-2-mobile.jpg","type":"image\/jpeg"}],"twitter_card":"summary_large_image","twitter_misc":{"Becs\u00fclt olvas\u00e1si id\u0151":"1 perc"},"schema":{"@context":"https:\/\/schema.org","@graph":[{"@type":"WebPage","@id":"https:\/\/www.hotelneuwirt.at\/hu\/akciok\/","url":"https:\/\/www.hotelneuwirt.at\/hu\/akciok\/","name":"Attrakt\u00edv akci\u00f3k \u00e9s aj\u00e1nlatok eg\u00e9sz\u00e9vben Mauterndorfban","isPartOf":{"@id":"https:\/\/www.hotelneuwirt.at\/#website"},"datePublished":"2017-08-30T14:14:02+00:00","dateModified":"2023-11-14T15:38:39+00:00","description":"Eg\u00e9sz \u00e9vben k\u00fcl\u00f6nb\u00f6z\u0151 akci\u00f3kkal \u00e9s ingyenes szolg\u00e1ltat\u00e1sokkal v\u00e1rjuk Mauterndorfban.","breadcrumb":{"@id":"https:\/\/www.hotelneuwirt.at\/hu\/akciok\/#breadcrumb"},"inLanguage":"hu","potentialAction":[{"@type":"ReadAction","target":["https:\/\/www.hotelneuwirt.at\/hu\/akciok\/"]}]},{"@type":"BreadcrumbList","@id":"https:\/\/www.hotelneuwirt.at\/hu\/akciok\/#breadcrumb","itemListElement":[{"@type":"ListItem","position":1,"name":"Startseite","item":"https:\/\/www.hotelneuwirt.at\/hu\/"},{"@type":"ListItem","position":2,"name":"Akci\u00f3k"}]},{"@type":"WebSite","@id":"https:\/\/www.hotelneuwirt.at\/#website","url":"https:\/\/www.hotelneuwirt.at\/","name":"Hotel Neuwirt","description":"3 Sterne Hotel in Mauterndorf","potentialAction":[{"@type":"SearchAction","target":{"@type":"EntryPoint","urlTemplate":"https:\/\/www.hotelneuwirt.at\/?s={search_term_string}"},"query-input":{"@type":"PropertyValueSpecification","valueRequired":true,"valueName":"search_term_string"}}],"inLanguage":"hu"}]}},"_links":{"self":[{"href":"https:\/\/www.hotelneuwirt.at\/hu\/wp-json\/wp\/v2\/pages\/2080","targetHints":{"allow":["GET"]}}],"collection":[{"href":"https:\/\/www.hotelneuwirt.at\/hu\/wp-json\/wp\/v2\/pages"}],"about":[{"href":"https:\/\/www.hotelneuwirt.at\/hu\/wp-json\/wp\/v2\/types\/page"}],"author":[{"embeddable":true,"href":"https:\/\/www.hotelneuwirt.at\/hu\/wp-json\/wp\/v2\/users\/1"}],"replies":[{"embeddable":true,"href":"https:\/\/www.hotelneuwirt.at\/hu\/wp-json\/wp\/v2\/comments?post=2080"}],"version-history":[{"count":0,"href":"https:\/\/www.hotelneuwirt.at\/hu\/wp-json\/wp\/v2\/pages\/2080\/revisions"}],"wp:attachment":[{"href":"https:\/\/www.hotelneuwirt.at\/hu\/wp-json\/wp\/v2\/media?parent=2080"}],"curies":[{"name":"wp","href":"https:\/\/api.w.org\/{rel}","templated":true}]}}