{"id":2078,"date":"2017-08-30T16:14:15","date_gmt":"2017-08-30T14:14:15","guid":{"rendered":"https:\/\/www.hotelneuwirt.at\/urlaub-lungau\/"},"modified":"2019-05-21T17:24:58","modified_gmt":"2019-05-21T15:24:58","slug":"pihenes-lungau","status":"publish","type":"page","link":"https:\/\/www.hotelneuwirt.at\/hu\/pihenes-lungau\/","title":{"rendered":"R\u00e9gi\u00f3 \u00e9s programok"},"content":{"rendered":"<div class=\"wpb-content-wrapper\"><p>[vc_row][vc_column][vc_column_text]<\/p>\n<h2>Pihen\u00e9s a salzburgi tartom\u00e1ny Lungaui r\u00e9gi\u00f3j\u00e1ban<\/h2>\n<h1>R\u00e9gi\u00f3 \u00e9s programok<\/h1>\n<p>[\/vc_column_text][vc_separator][\/vc_column][\/vc_row][vc_row][vc_column][vc_column_text]<\/p>\n<p style=\"text-align: center;\">A <strong>csod\u00e1latos term\u00e9szet<\/strong> \u00e9s a<strong> leny\u0171g\u00f6z\u0151 hegyvid\u00e9k<\/strong> <strong>az Obertauern mellett tal\u00e1lhat\u00f3 Mauterndorf<\/strong> k\u00f6rny\u00e9k\u00e9n sz\u00edvesen l\u00e1tja egy felejthetetlen pihen\u00e9sre. <a href=\"https:\/\/www.hotelneuwirt.at\/urlaub-lungau\/sommer-mauterndorf\/\">Ny\u00e1ron<\/a> fedezze fel a legszebb hegyeket <strong>egy kir\u00e1ndul\u00e1s, hegyi t\u00fara<\/strong> alkalm\u00e1val, vagy <strong>mountainbike<\/strong> t\u00far\u00e1val. A golfsport szerelmeseit pedig szeretettel l\u00e1tjuk <strong>a lungaui golfclub<\/strong> csod\u00e1latos gyep\u00e9re. Ind\u00edtsa <a href=\"https:\/\/www.hotelneuwirt.at\/hu\/pihenes-lungau\/siszuenet-mauterndorf\/\">a telet<\/a> a <strong>lungaui s\u00edr\u00e9gi\u00f3<\/strong> \u00f6sszesen 300 km hossz\u00fa p\u00e1ly\u00e1in \u00e9s a 64 liftj\u00e9n, h\u00fazza a cs\u00edkot a <strong>s\u00edfut\u00f3p\u00e1ly\u00e1kon<\/strong> a frisshavon kereszt\u00fcl \u00e9s suhanjon <strong>a sz\u00e1nk\u00f3p\u00e1ly\u00e1kon<\/strong> eg\u00e9sz nap. Sok tov\u00e1bbi szabadid\u0151s aj\u00e1nlatot biztos\u00edtunk <strong>a lungaui r\u00e9gi\u00f3ban tal\u00e1lhat\u00f3 Mauterndorf<\/strong> telep\u00fcl\u00e9sen \u00e9s k\u00f6rny\u00e9k\u00e9n,<\/p>\n<p style=\"text-align: center;\">A  <a href=\"https:\/\/www.hotelneuwirt.at\/\">Hotel Neuwirt<\/a> -ban tart\u00f3zkod\u00e1s\u00e1nak id\u0151tartam\u00e1ra <a href=\"https:\/\/www.hotelneuwirt.at\/hu\/pihenes-lungau\/lungau-kartya\/\">LungauCard<\/a>-ot biztos\u00edtunk ingyenesen.  Ez lesz az \u00d6n <strong>ingyenes \u00e9s kedvezm\u00e9nyes szolg\u00e1ltat\u00e1sokat<\/strong> biztos\u00edt\u00f3 k\u00e1rty\u00e1ja. <span lang=\"hu\" tabindex=\"0\">Ismerje meg <a href=\"https:\/\/www.hotelneuwirt.at\/urlaub-lungau\/ausflugsziele-salzburger-land\/\">a sz\u00ednes kir\u00e1ndul\u00f3helyeket<\/a>, mint p\u00e9ld\u00e1ul a Mauterndorf-kast\u00e9ly, a Werfenben tal\u00e1lhat\u00f3 J\u00e9gbarlang, a salzburgi fesztiv\u00e1lv\u00e1ros \u00e9s m\u00e9g sok m\u00e1s l\u00e1tnival\u00f3. Nem sz\u00e1m\u00edt, hogyan szeretn\u00e9 megtervezni nyaral\u00e1s\u00e1t <strong>Lungau-ban<\/strong>, a r\u00e9gi\u00f3 sz\u00e9les v\u00e1laszt\u00e9kot k\u00edn\u00e1l \u00d6nnek.<\/span><\/p>\n<p>[\/vc_column_text][vc_row_inner][vc_column_inner width=&#8221;1\/2&#8243;][vc_single_image image=&#8221;502&#8243; img_size=&#8221;medium&#8221; onclick=&#8221;link_image&#8221;][\/vc_column_inner][vc_column_inner width=&#8221;1\/2&#8243;][vc_single_image image=&#8221;634&#8243; img_size=&#8221;medium&#8221; onclick=&#8221;link_image&#8221;][\/vc_column_inner][\/vc_row_inner][\/vc_column][\/vc_row][vc_row][vc_column width=&#8221;1\/3&#8243;][vc_column_text css=&#8221;.vc_custom_1507716874204{margin-bottom: 30px !important;}&#8221;]<span class=\"button-block\"><a href=\"https:\/\/www.hotelneuwirt.at\/hu\/pihenes-lungau\/nyar-mauterndorf\/\">Sommer<\/a><\/span>[\/vc_column_text][vc_column_text]<span class=\"button-block\"><a href=\"https:\/\/www.hotelneuwirt.at\/hu\/pihenes-lungau\/lungau-kartya\/\">LungauCard<\/a><\/span>[\/vc_column_text][\/vc_column][vc_column width=&#8221;1\/3&#8243;][vc_column_text]<span class=\"button-block\"><a href=\"https:\/\/www.hotelneuwirt.at\/hu\/pihenes-lungau\/siszuenet-mauterndorf\/\">Ski- &amp; Winter<\/a><\/span>[\/vc_column_text][\/vc_column][vc_column width=&#8221;1\/3&#8243;][vc_column_text]<span class=\"button-block\"><a href=\"https:\/\/www.hotelneuwirt.at\/hu\/pihenes-lungau\/uticelok-salzburgi-regio\/\">Ausflugsziele<\/a><\/span>[\/vc_column_text][\/vc_column][\/vc_row]<\/p>\n<\/div>","protected":false},"excerpt":{"rendered":"<p>[vc_row][vc_column][vc_column_text] Pihen\u00e9s a salzburgi tartom\u00e1ny Lungaui r\u00e9gi\u00f3j\u00e1ban R\u00e9gi\u00f3 \u00e9s programok [\/vc_column_text][vc_separator][\/vc_column][\/vc_row][vc_row][vc_column][vc_column_text] A csod\u00e1latos term\u00e9szet \u00e9s a leny\u0171g\u00f6z\u0151 hegyvid\u00e9k az Obertauern mellett tal\u00e1lhat\u00f3 Mauterndorf k\u00f6rny\u00e9k\u00e9n sz\u00edvesen l\u00e1tja egy felejthetetlen pihen\u00e9sre. Ny\u00e1ron fedezze fel a legszebb hegyeket egy kir\u00e1ndul\u00e1s, hegyi t\u00fara alkalm\u00e1val, vagy mountainbike t\u00far\u00e1val. A golfsport szerelmeseit pedig szeretettel l\u00e1tjuk a lungaui golfclub csod\u00e1latos gyep\u00e9re. Ind\u00edtsa &hellip;<\/p>\n\n<p><a class=\"readmore btn btn-default btn-default btn-block\" href=\"https:\/\/www.hotelneuwirt.at\/hu\/pihenes-lungau\/\">Read More<\/a><\/p>","protected":false},"author":1,"featured_media":0,"parent":0,"menu_order":8,"comment_status":"closed","ping_status":"closed","template":"","meta":{"_acf_changed":false,"rs_blank_template":"","rs_page_bg_color":"","slide_template_v7":"","footnotes":""},"class_list":["post-2078","page","type-page","status-publish","hentry"],"acf":[],"yoast_head":"<!-- This site is optimized with the Yoast SEO plugin v27.5 - https:\/\/yoast.com\/product\/yoast-seo-wordpress\/ -->\n<title>Az \u00d6n \u00e9lm\u00e9nyd\u00fas szabads\u00e1ga Salzburg Lungau r\u00e9gi\u00f3j\u00e1ban, Ausztria<\/title>\n<meta name=\"description\" content=\"Tervezze nyaral\u00e1s\u00e1t ig\u00e9nyei szerint az eg\u00e9sz Lungaui r\u00e9gi\u00f3ban: kir\u00e1ndul\u00e1s \u00e9s hegym\u00e1sz\u00e1s, hegyi ker\u00e9kp\u00e1roz\u00e1s, Mountainbike, \u00fasz\u00e1s, s\u00edel\u00e9s, s\u00edfut\u00e1s, sz\u00e1nk\u00f3z\u00e1s.\" \/>\n<meta name=\"robots\" content=\"index, follow, max-snippet:-1, max-image-preview:large, max-video-preview:-1\" \/>\n<link rel=\"canonical\" href=\"https:\/\/www.hotelneuwirt.at\/urlaub-lungau\/\" \/>\n<meta property=\"og:locale\" content=\"hu_HU\" \/>\n<meta property=\"og:type\" content=\"article\" \/>\n<meta property=\"og:title\" content=\"Az \u00d6n \u00e9lm\u00e9nyd\u00fas szabads\u00e1ga Salzburg Lungau r\u00e9gi\u00f3j\u00e1ban, Ausztria\" \/>\n<meta property=\"og:description\" content=\"Tervezze nyaral\u00e1s\u00e1t ig\u00e9nyei szerint az eg\u00e9sz Lungaui r\u00e9gi\u00f3ban: kir\u00e1ndul\u00e1s \u00e9s hegym\u00e1sz\u00e1s, hegyi ker\u00e9kp\u00e1roz\u00e1s, Mountainbike, \u00fasz\u00e1s, s\u00edel\u00e9s, s\u00edfut\u00e1s, sz\u00e1nk\u00f3z\u00e1s.\" \/>\n<meta property=\"og:url\" content=\"https:\/\/www.hotelneuwirt.at\/urlaub-lungau\/\" \/>\n<meta property=\"og:site_name\" content=\"Hotel Neuwirt\" \/>\n<meta property=\"article:modified_time\" content=\"2019-05-21T15:24:58+00:00\" \/>\n<meta property=\"og:image\" content=\"https:\/\/www.hotelneuwirt.at\/wp-content\/uploads\/sommurlaub-lungau-salzburger-land-1.jpg\" \/>\n\t<meta property=\"og:image:width\" content=\"1920\" \/>\n\t<meta property=\"og:image:height\" content=\"750\" \/>\n\t<meta property=\"og:image:type\" content=\"image\/jpeg\" \/>\n<meta name=\"twitter:card\" content=\"summary_large_image\" \/>\n<meta name=\"twitter:label1\" content=\"Becs\u00fclt olvas\u00e1si id\u0151\" \/>\n\t<meta name=\"twitter:data1\" content=\"2 perc\" \/>\n<script type=\"application\/ld+json\" class=\"yoast-schema-graph\">{\"@context\":\"https:\\\/\\\/schema.org\",\"@graph\":[{\"@type\":\"WebPage\",\"@id\":\"https:\\\/\\\/www.hotelneuwirt.at\\\/urlaub-lungau\\\/\",\"url\":\"https:\\\/\\\/www.hotelneuwirt.at\\\/urlaub-lungau\\\/\",\"name\":\"Az \u00d6n \u00e9lm\u00e9nyd\u00fas szabads\u00e1ga Salzburg Lungau r\u00e9gi\u00f3j\u00e1ban, Ausztria\",\"isPartOf\":{\"@id\":\"https:\\\/\\\/www.hotelneuwirt.at\\\/#website\"},\"datePublished\":\"2017-08-30T14:14:15+00:00\",\"dateModified\":\"2019-05-21T15:24:58+00:00\",\"description\":\"Tervezze nyaral\u00e1s\u00e1t ig\u00e9nyei szerint az eg\u00e9sz Lungaui r\u00e9gi\u00f3ban: kir\u00e1ndul\u00e1s \u00e9s hegym\u00e1sz\u00e1s, hegyi ker\u00e9kp\u00e1roz\u00e1s, Mountainbike, \u00fasz\u00e1s, s\u00edel\u00e9s, s\u00edfut\u00e1s, sz\u00e1nk\u00f3z\u00e1s.\",\"breadcrumb\":{\"@id\":\"https:\\\/\\\/www.hotelneuwirt.at\\\/urlaub-lungau\\\/#breadcrumb\"},\"inLanguage\":\"hu\",\"potentialAction\":[{\"@type\":\"ReadAction\",\"target\":[\"https:\\\/\\\/www.hotelneuwirt.at\\\/urlaub-lungau\\\/\"]}]},{\"@type\":\"BreadcrumbList\",\"@id\":\"https:\\\/\\\/www.hotelneuwirt.at\\\/urlaub-lungau\\\/#breadcrumb\",\"itemListElement\":[{\"@type\":\"ListItem\",\"position\":1,\"name\":\"Startseite\",\"item\":\"https:\\\/\\\/www.hotelneuwirt.at\\\/hu\\\/\"},{\"@type\":\"ListItem\",\"position\":2,\"name\":\"R\u00e9gi\u00f3 \u00e9s programok\"}]},{\"@type\":\"WebSite\",\"@id\":\"https:\\\/\\\/www.hotelneuwirt.at\\\/#website\",\"url\":\"https:\\\/\\\/www.hotelneuwirt.at\\\/\",\"name\":\"Hotel Neuwirt\",\"description\":\"3 Sterne Hotel in Mauterndorf\",\"potentialAction\":[{\"@type\":\"SearchAction\",\"target\":{\"@type\":\"EntryPoint\",\"urlTemplate\":\"https:\\\/\\\/www.hotelneuwirt.at\\\/?s={search_term_string}\"},\"query-input\":{\"@type\":\"PropertyValueSpecification\",\"valueRequired\":true,\"valueName\":\"search_term_string\"}}],\"inLanguage\":\"hu\"}]}<\/script>\n<!-- \/ Yoast SEO plugin. -->","yoast_head_json":{"title":"Az \u00d6n \u00e9lm\u00e9nyd\u00fas szabads\u00e1ga Salzburg Lungau r\u00e9gi\u00f3j\u00e1ban, Ausztria","description":"Tervezze nyaral\u00e1s\u00e1t ig\u00e9nyei szerint az eg\u00e9sz Lungaui r\u00e9gi\u00f3ban: kir\u00e1ndul\u00e1s \u00e9s hegym\u00e1sz\u00e1s, hegyi ker\u00e9kp\u00e1roz\u00e1s, Mountainbike, \u00fasz\u00e1s, s\u00edel\u00e9s, s\u00edfut\u00e1s, sz\u00e1nk\u00f3z\u00e1s.","robots":{"index":"index","follow":"follow","max-snippet":"max-snippet:-1","max-image-preview":"max-image-preview:large","max-video-preview":"max-video-preview:-1"},"canonical":"https:\/\/www.hotelneuwirt.at\/urlaub-lungau\/","og_locale":"hu_HU","og_type":"article","og_title":"Az \u00d6n \u00e9lm\u00e9nyd\u00fas szabads\u00e1ga Salzburg Lungau r\u00e9gi\u00f3j\u00e1ban, Ausztria","og_description":"Tervezze nyaral\u00e1s\u00e1t ig\u00e9nyei szerint az eg\u00e9sz Lungaui r\u00e9gi\u00f3ban: kir\u00e1ndul\u00e1s \u00e9s hegym\u00e1sz\u00e1s, hegyi ker\u00e9kp\u00e1roz\u00e1s, Mountainbike, \u00fasz\u00e1s, s\u00edel\u00e9s, s\u00edfut\u00e1s, sz\u00e1nk\u00f3z\u00e1s.","og_url":"https:\/\/www.hotelneuwirt.at\/urlaub-lungau\/","og_site_name":"Hotel Neuwirt","article_modified_time":"2019-05-21T15:24:58+00:00","og_image":[{"width":1920,"height":750,"url":"https:\/\/www.hotelneuwirt.at\/wp-content\/uploads\/sommurlaub-lungau-salzburger-land-1.jpg","type":"image\/jpeg"}],"twitter_card":"summary_large_image","twitter_misc":{"Becs\u00fclt olvas\u00e1si id\u0151":"2 perc"},"schema":{"@context":"https:\/\/schema.org","@graph":[{"@type":"WebPage","@id":"https:\/\/www.hotelneuwirt.at\/urlaub-lungau\/","url":"https:\/\/www.hotelneuwirt.at\/urlaub-lungau\/","name":"Az \u00d6n \u00e9lm\u00e9nyd\u00fas szabads\u00e1ga Salzburg Lungau r\u00e9gi\u00f3j\u00e1ban, Ausztria","isPartOf":{"@id":"https:\/\/www.hotelneuwirt.at\/#website"},"datePublished":"2017-08-30T14:14:15+00:00","dateModified":"2019-05-21T15:24:58+00:00","description":"Tervezze nyaral\u00e1s\u00e1t ig\u00e9nyei szerint az eg\u00e9sz Lungaui r\u00e9gi\u00f3ban: kir\u00e1ndul\u00e1s \u00e9s hegym\u00e1sz\u00e1s, hegyi ker\u00e9kp\u00e1roz\u00e1s, Mountainbike, \u00fasz\u00e1s, s\u00edel\u00e9s, s\u00edfut\u00e1s, sz\u00e1nk\u00f3z\u00e1s.","breadcrumb":{"@id":"https:\/\/www.hotelneuwirt.at\/urlaub-lungau\/#breadcrumb"},"inLanguage":"hu","potentialAction":[{"@type":"ReadAction","target":["https:\/\/www.hotelneuwirt.at\/urlaub-lungau\/"]}]},{"@type":"BreadcrumbList","@id":"https:\/\/www.hotelneuwirt.at\/urlaub-lungau\/#breadcrumb","itemListElement":[{"@type":"ListItem","position":1,"name":"Startseite","item":"https:\/\/www.hotelneuwirt.at\/hu\/"},{"@type":"ListItem","position":2,"name":"R\u00e9gi\u00f3 \u00e9s programok"}]},{"@type":"WebSite","@id":"https:\/\/www.hotelneuwirt.at\/#website","url":"https:\/\/www.hotelneuwirt.at\/","name":"Hotel Neuwirt","description":"3 Sterne Hotel in Mauterndorf","potentialAction":[{"@type":"SearchAction","target":{"@type":"EntryPoint","urlTemplate":"https:\/\/www.hotelneuwirt.at\/?s={search_term_string}"},"query-input":{"@type":"PropertyValueSpecification","valueRequired":true,"valueName":"search_term_string"}}],"inLanguage":"hu"}]}},"_links":{"self":[{"href":"https:\/\/www.hotelneuwirt.at\/hu\/wp-json\/wp\/v2\/pages\/2078","targetHints":{"allow":["GET"]}}],"collection":[{"href":"https:\/\/www.hotelneuwirt.at\/hu\/wp-json\/wp\/v2\/pages"}],"about":[{"href":"https:\/\/www.hotelneuwirt.at\/hu\/wp-json\/wp\/v2\/types\/page"}],"author":[{"embeddable":true,"href":"https:\/\/www.hotelneuwirt.at\/hu\/wp-json\/wp\/v2\/users\/1"}],"replies":[{"embeddable":true,"href":"https:\/\/www.hotelneuwirt.at\/hu\/wp-json\/wp\/v2\/comments?post=2078"}],"version-history":[{"count":0,"href":"https:\/\/www.hotelneuwirt.at\/hu\/wp-json\/wp\/v2\/pages\/2078\/revisions"}],"wp:attachment":[{"href":"https:\/\/www.hotelneuwirt.at\/hu\/wp-json\/wp\/v2\/media?parent=2078"}],"curies":[{"name":"wp","href":"https:\/\/api.w.org\/{rel}","templated":true}]}}