{"id":2067,"date":"2017-08-30T16:15:30","date_gmt":"2017-08-30T14:15:30","guid":{"rendered":"https:\/\/www.hotelneuwirt.at\/lungau-card\/"},"modified":"2019-05-22T13:42:44","modified_gmt":"2019-05-22T11:42:44","slug":"lungau-kartya","status":"publish","type":"page","link":"https:\/\/www.hotelneuwirt.at\/hu\/pihenes-lungau\/lungau-kartya\/","title":{"rendered":"Lungau k\u00e1rtya"},"content":{"rendered":"<div class=\"wpb-content-wrapper\"><p>[vc_row][vc_column][vc_column_text]<\/p>\n<h2>Ingyenes \u00e9lm\u00e9nyek Lungauban<\/h2>\n<h1>Lungau k\u00e1rtya<\/h1>\n<p>[\/vc_column_text][vc_separator][\/vc_column][\/vc_row][vc_row][vc_column][vc_column_text]<\/p>\n<p style=\"text-align: center;\">Sp\u00f3roljon ny\u00e1ri szabads\u00e1ga alatt k\u00e9szp\u00e9nzt! Vend\u00e9geink tart\u00f3zkod\u00e1suk id\u0151tartam\u00e1ra <a href=\"https:\/\/www.lungau.at\/de\/aktiv\/sommerurlaub\/lungaucard\/\">Lungau k\u00e1rty\u00e1t<\/a> kapnak. A k\u00e1rtya ellen\u00e9ben <strong>sz\u00e1mos ingyenes \u00e9s kedvezm\u00e9nyes szolg\u00e1ltat\u00e1s<\/strong> vehet\u0151 ig\u00e9nybe. Az id\u0151j\u00e1r\u00e1st\u00f3l f\u00fcggetlen\u00fcl garant\u00e1lt a m\u00f3ka \u00e9s a kaland az eg\u00e9sz csal\u00e1dnak. A k\u00e1rtya j\u00fanius 1- t\u0151l okt\u00f3ber 31-ig \u00e9rv\u00e9nyes.<\/p>\n<p>[\/vc_column_text][\/vc_column][\/vc_row][vc_row el_class=&#8221;rahmen&#8221;][vc_column][vc_column_text]<\/p>\n<h3>Lungau k\u00e1rtya<\/h3>\n<p>[\/vc_column_text][vc_row_inner][vc_column_inner width=&#8221;1\/3&#8243;][vc_single_image image=&#8221;272&#8243; img_size=&#8221;small&#8221;][\/vc_column_inner][vc_column_inner width=&#8221;2\/3&#8243;][vc_column_text css=&#8221;.vc_custom_1558453245055{margin-bottom: 0px !important;}&#8221;]<\/p>\n<ul>\n<li><strong>Ingyenes ny\u00e1ri vend\u00e9gk\u00e1rtya<\/strong> vend\u00e9gl\u00e1t\u00f3j\u00e1t\u00f3l<\/li>\n<li><strong>\u00e9rv\u00e9nyes tart\u00f3zkod\u00e1sa teljes id\u0151tartam\u00e1ra<\/strong><\/li>\n<li>sz\u00e1mos <strong>ingyenesen illetve kedvezm\u00e9nyesen ig\u00e9nybe vehet\u0151 szolg\u00e1ltat\u00e1s<\/strong><\/li>\n<li>Ingyenes bel\u00e9p\u00e9s t\u00f6bbek k\u00f6z\u00f6tt: mauterndorfi felvon\u00f3, v\u00e1r, strand, csal\u00e1di \u00e9lm\u00e9nypark<\/li>\n<\/ul>\n<p>[\/vc_column_text][\/vc_column_inner][\/vc_row_inner][\/vc_column][\/vc_row][vc_column width=&#8221;3\/4&#8243;][\/vc_column]<\/p>\n<\/div>","protected":false},"excerpt":{"rendered":"<p>[vc_row][vc_column][vc_column_text] Ingyenes \u00e9lm\u00e9nyek Lungauban Lungau k\u00e1rtya [\/vc_column_text][vc_separator][\/vc_column][\/vc_row][vc_row][vc_column][vc_column_text] Sp\u00f3roljon ny\u00e1ri szabads\u00e1ga alatt k\u00e9szp\u00e9nzt! Vend\u00e9geink tart\u00f3zkod\u00e1suk id\u0151tartam\u00e1ra Lungau k\u00e1rty\u00e1t kapnak. A k\u00e1rtya ellen\u00e9ben sz\u00e1mos ingyenes \u00e9s kedvezm\u00e9nyes szolg\u00e1ltat\u00e1s vehet\u0151 ig\u00e9nybe. Az id\u0151j\u00e1r\u00e1st\u00f3l f\u00fcggetlen\u00fcl garant\u00e1lt a m\u00f3ka \u00e9s a kaland az eg\u00e9sz csal\u00e1dnak. A k\u00e1rtya j\u00fanius 1- t\u0151l okt\u00f3ber 31-ig \u00e9rv\u00e9nyes. [\/vc_column_text][\/vc_column][\/vc_row][vc_row el_class=&#8221;rahmen&#8221;][vc_column][vc_column_text] Lungau k\u00e1rtya [\/vc_column_text][vc_row_inner][vc_column_inner width=&#8221;1\/3&#8243;][vc_single_image image=&#8221;272&#8243; &hellip;<\/p>\n\n<p><a class=\"readmore btn btn-default btn-default btn-block\" href=\"https:\/\/www.hotelneuwirt.at\/hu\/pihenes-lungau\/lungau-kartya\/\">Read More<\/a><\/p>","protected":false},"author":1,"featured_media":0,"parent":2078,"menu_order":0,"comment_status":"closed","ping_status":"closed","template":"","meta":{"_acf_changed":false,"rs_blank_template":"","rs_page_bg_color":"","slide_template_v7":"","footnotes":""},"class_list":["post-2067","page","type-page","status-publish","hentry"],"acf":[],"yoast_head":"<!-- This site is optimized with the Yoast SEO plugin v27.5 - https:\/\/yoast.com\/product\/yoast-seo-wordpress\/ -->\n<title>Lungau k\u00e1rtya - Az \u00d6n ingyenes k\u00e1rty\u00e1ja a lungaui r\u00e9gi\u00f3ban<\/title>\n<meta name=\"description\" content=\"A Neuwirt hotelben a ny\u00e1ri sz\u00fcnid\u0151ben Lungau k\u00e1rty\u00e1t adunk aj\u00e1nd\u00e9kba. A k\u00e1rty\u00e1val sok ingyenes \u00e9s kedvezm\u00e9nyes szolg\u00e1ltat\u00e1s vehet\u0151 ig\u00e9nybe.\" \/>\n<meta name=\"robots\" content=\"index, follow, max-snippet:-1, max-image-preview:large, max-video-preview:-1\" \/>\n<link rel=\"canonical\" href=\"https:\/\/www.hotelneuwirt.at\/urlaub-lungau\/lungau-card\/\" \/>\n<meta property=\"og:locale\" content=\"hu_HU\" \/>\n<meta property=\"og:type\" content=\"article\" \/>\n<meta property=\"og:title\" content=\"Lungau k\u00e1rtya - Az \u00d6n ingyenes k\u00e1rty\u00e1ja a lungaui r\u00e9gi\u00f3ban\" \/>\n<meta property=\"og:description\" content=\"A Neuwirt hotelben a ny\u00e1ri sz\u00fcnid\u0151ben Lungau k\u00e1rty\u00e1t adunk aj\u00e1nd\u00e9kba. A k\u00e1rty\u00e1val sok ingyenes \u00e9s kedvezm\u00e9nyes szolg\u00e1ltat\u00e1s vehet\u0151 ig\u00e9nybe.\" \/>\n<meta property=\"og:url\" content=\"https:\/\/www.hotelneuwirt.at\/urlaub-lungau\/lungau-card\/\" \/>\n<meta property=\"og:site_name\" content=\"Hotel Neuwirt\" \/>\n<meta property=\"article:modified_time\" content=\"2019-05-22T11:42:44+00:00\" \/>\n<meta property=\"og:image\" content=\"https:\/\/www.hotelneuwirt.at\/wp-content\/uploads\/lungau-card-aktivitaeten-salzburger-lungau-1.jpg\" \/>\n\t<meta property=\"og:image:width\" content=\"1920\" \/>\n\t<meta property=\"og:image:height\" content=\"750\" \/>\n\t<meta property=\"og:image:type\" content=\"image\/jpeg\" \/>\n<meta name=\"twitter:card\" content=\"summary_large_image\" \/>\n<meta name=\"twitter:label1\" content=\"Becs\u00fclt olvas\u00e1si id\u0151\" \/>\n\t<meta name=\"twitter:data1\" content=\"1 perc\" \/>\n<script type=\"application\/ld+json\" class=\"yoast-schema-graph\">{\"@context\":\"https:\\\/\\\/schema.org\",\"@graph\":[{\"@type\":\"WebPage\",\"@id\":\"https:\\\/\\\/www.hotelneuwirt.at\\\/urlaub-lungau\\\/lungau-card\\\/\",\"url\":\"https:\\\/\\\/www.hotelneuwirt.at\\\/urlaub-lungau\\\/lungau-card\\\/\",\"name\":\"Lungau k\u00e1rtya - Az \u00d6n ingyenes k\u00e1rty\u00e1ja a lungaui r\u00e9gi\u00f3ban\",\"isPartOf\":{\"@id\":\"https:\\\/\\\/www.hotelneuwirt.at\\\/#website\"},\"datePublished\":\"2017-08-30T14:15:30+00:00\",\"dateModified\":\"2019-05-22T11:42:44+00:00\",\"description\":\"A Neuwirt hotelben a ny\u00e1ri sz\u00fcnid\u0151ben Lungau k\u00e1rty\u00e1t adunk aj\u00e1nd\u00e9kba. A k\u00e1rty\u00e1val sok ingyenes \u00e9s kedvezm\u00e9nyes szolg\u00e1ltat\u00e1s vehet\u0151 ig\u00e9nybe.\",\"breadcrumb\":{\"@id\":\"https:\\\/\\\/www.hotelneuwirt.at\\\/urlaub-lungau\\\/lungau-card\\\/#breadcrumb\"},\"inLanguage\":\"hu\",\"potentialAction\":[{\"@type\":\"ReadAction\",\"target\":[\"https:\\\/\\\/www.hotelneuwirt.at\\\/urlaub-lungau\\\/lungau-card\\\/\"]}]},{\"@type\":\"BreadcrumbList\",\"@id\":\"https:\\\/\\\/www.hotelneuwirt.at\\\/urlaub-lungau\\\/lungau-card\\\/#breadcrumb\",\"itemListElement\":[{\"@type\":\"ListItem\",\"position\":1,\"name\":\"Startseite\",\"item\":\"https:\\\/\\\/www.hotelneuwirt.at\\\/hu\\\/\"},{\"@type\":\"ListItem\",\"position\":2,\"name\":\"R\u00e9gi\u00f3 \u00e9s programok\",\"item\":\"https:\\\/\\\/www.hotelneuwirt.at\\\/urlaub-lungau\\\/\"},{\"@type\":\"ListItem\",\"position\":3,\"name\":\"Lungau k\u00e1rtya\"}]},{\"@type\":\"WebSite\",\"@id\":\"https:\\\/\\\/www.hotelneuwirt.at\\\/#website\",\"url\":\"https:\\\/\\\/www.hotelneuwirt.at\\\/\",\"name\":\"Hotel Neuwirt\",\"description\":\"3 Sterne Hotel in Mauterndorf\",\"potentialAction\":[{\"@type\":\"SearchAction\",\"target\":{\"@type\":\"EntryPoint\",\"urlTemplate\":\"https:\\\/\\\/www.hotelneuwirt.at\\\/?s={search_term_string}\"},\"query-input\":{\"@type\":\"PropertyValueSpecification\",\"valueRequired\":true,\"valueName\":\"search_term_string\"}}],\"inLanguage\":\"hu\"}]}<\/script>\n<!-- \/ Yoast SEO plugin. -->","yoast_head_json":{"title":"Lungau k\u00e1rtya - Az \u00d6n ingyenes k\u00e1rty\u00e1ja a lungaui r\u00e9gi\u00f3ban","description":"A Neuwirt hotelben a ny\u00e1ri sz\u00fcnid\u0151ben Lungau k\u00e1rty\u00e1t adunk aj\u00e1nd\u00e9kba. A k\u00e1rty\u00e1val sok ingyenes \u00e9s kedvezm\u00e9nyes szolg\u00e1ltat\u00e1s vehet\u0151 ig\u00e9nybe.","robots":{"index":"index","follow":"follow","max-snippet":"max-snippet:-1","max-image-preview":"max-image-preview:large","max-video-preview":"max-video-preview:-1"},"canonical":"https:\/\/www.hotelneuwirt.at\/urlaub-lungau\/lungau-card\/","og_locale":"hu_HU","og_type":"article","og_title":"Lungau k\u00e1rtya - Az \u00d6n ingyenes k\u00e1rty\u00e1ja a lungaui r\u00e9gi\u00f3ban","og_description":"A Neuwirt hotelben a ny\u00e1ri sz\u00fcnid\u0151ben Lungau k\u00e1rty\u00e1t adunk aj\u00e1nd\u00e9kba. A k\u00e1rty\u00e1val sok ingyenes \u00e9s kedvezm\u00e9nyes szolg\u00e1ltat\u00e1s vehet\u0151 ig\u00e9nybe.","og_url":"https:\/\/www.hotelneuwirt.at\/urlaub-lungau\/lungau-card\/","og_site_name":"Hotel Neuwirt","article_modified_time":"2019-05-22T11:42:44+00:00","og_image":[{"width":1920,"height":750,"url":"https:\/\/www.hotelneuwirt.at\/wp-content\/uploads\/lungau-card-aktivitaeten-salzburger-lungau-1.jpg","type":"image\/jpeg"}],"twitter_card":"summary_large_image","twitter_misc":{"Becs\u00fclt olvas\u00e1si id\u0151":"1 perc"},"schema":{"@context":"https:\/\/schema.org","@graph":[{"@type":"WebPage","@id":"https:\/\/www.hotelneuwirt.at\/urlaub-lungau\/lungau-card\/","url":"https:\/\/www.hotelneuwirt.at\/urlaub-lungau\/lungau-card\/","name":"Lungau k\u00e1rtya - Az \u00d6n ingyenes k\u00e1rty\u00e1ja a lungaui r\u00e9gi\u00f3ban","isPartOf":{"@id":"https:\/\/www.hotelneuwirt.at\/#website"},"datePublished":"2017-08-30T14:15:30+00:00","dateModified":"2019-05-22T11:42:44+00:00","description":"A Neuwirt hotelben a ny\u00e1ri sz\u00fcnid\u0151ben Lungau k\u00e1rty\u00e1t adunk aj\u00e1nd\u00e9kba. A k\u00e1rty\u00e1val sok ingyenes \u00e9s kedvezm\u00e9nyes szolg\u00e1ltat\u00e1s vehet\u0151 ig\u00e9nybe.","breadcrumb":{"@id":"https:\/\/www.hotelneuwirt.at\/urlaub-lungau\/lungau-card\/#breadcrumb"},"inLanguage":"hu","potentialAction":[{"@type":"ReadAction","target":["https:\/\/www.hotelneuwirt.at\/urlaub-lungau\/lungau-card\/"]}]},{"@type":"BreadcrumbList","@id":"https:\/\/www.hotelneuwirt.at\/urlaub-lungau\/lungau-card\/#breadcrumb","itemListElement":[{"@type":"ListItem","position":1,"name":"Startseite","item":"https:\/\/www.hotelneuwirt.at\/hu\/"},{"@type":"ListItem","position":2,"name":"R\u00e9gi\u00f3 \u00e9s programok","item":"https:\/\/www.hotelneuwirt.at\/urlaub-lungau\/"},{"@type":"ListItem","position":3,"name":"Lungau k\u00e1rtya"}]},{"@type":"WebSite","@id":"https:\/\/www.hotelneuwirt.at\/#website","url":"https:\/\/www.hotelneuwirt.at\/","name":"Hotel Neuwirt","description":"3 Sterne Hotel in Mauterndorf","potentialAction":[{"@type":"SearchAction","target":{"@type":"EntryPoint","urlTemplate":"https:\/\/www.hotelneuwirt.at\/?s={search_term_string}"},"query-input":{"@type":"PropertyValueSpecification","valueRequired":true,"valueName":"search_term_string"}}],"inLanguage":"hu"}]}},"_links":{"self":[{"href":"https:\/\/www.hotelneuwirt.at\/hu\/wp-json\/wp\/v2\/pages\/2067","targetHints":{"allow":["GET"]}}],"collection":[{"href":"https:\/\/www.hotelneuwirt.at\/hu\/wp-json\/wp\/v2\/pages"}],"about":[{"href":"https:\/\/www.hotelneuwirt.at\/hu\/wp-json\/wp\/v2\/types\/page"}],"author":[{"embeddable":true,"href":"https:\/\/www.hotelneuwirt.at\/hu\/wp-json\/wp\/v2\/users\/1"}],"replies":[{"embeddable":true,"href":"https:\/\/www.hotelneuwirt.at\/hu\/wp-json\/wp\/v2\/comments?post=2067"}],"version-history":[{"count":0,"href":"https:\/\/www.hotelneuwirt.at\/hu\/wp-json\/wp\/v2\/pages\/2067\/revisions"}],"up":[{"embeddable":true,"href":"https:\/\/www.hotelneuwirt.at\/hu\/wp-json\/wp\/v2\/pages\/2078"}],"wp:attachment":[{"href":"https:\/\/www.hotelneuwirt.at\/hu\/wp-json\/wp\/v2\/media?parent=2067"}],"curies":[{"name":"wp","href":"https:\/\/api.w.org\/{rel}","templated":true}]}}