{"id":2064,"date":"2017-08-30T16:16:11","date_gmt":"2017-08-30T14:16:11","guid":{"rendered":"https:\/\/www.hotelneuwirt.at\/speisesaal-neuwirt\/"},"modified":"2020-03-08T15:40:12","modified_gmt":"2020-03-08T14:40:12","slug":"etterem-neuwirt","status":"publish","type":"page","link":"https:\/\/www.hotelneuwirt.at\/hu\/etterem-neuwirt\/","title":{"rendered":"Hotelvend\u00e9geink rendelkez\u00e9s\u00e9re \u00e1ll\u00f3 \u00e9tterm\u00fcnk"},"content":{"rendered":"<div class=\"wpb-content-wrapper\"><p>[vc_row][vc_column][vc_column_text]<\/p>\n<h2>A Hotel Neuwirt \u00e9tterme<\/h2>\n<h1>Magyar \u00e9s sv\u00e1b konyha<\/h1>\n<p>[\/vc_column_text][vc_separator][\/vc_column][\/vc_row][vc_row][vc_column][vc_column_text]<\/p>\n<p style=\"text-align: center;\">A <strong>lungaui Mauterndorf<\/strong> sz\u00edv\u00e9ben tal\u00e1lhat\u00f3<a href=\"https:\/\/www.hotelneuwirt.at\/hu\"> sz\u00e1llod\u00e1nkban<\/a> szeretn\u00e9nk egy k\u00fcl\u00f6nlegess\u00e9get ny\u00fajtani vend\u00e9geink r\u00e9sz\u00e9re a<strong> magyarorsz\u00e1gi n\u00e9met hagyom\u00e1nyainkb\u00f3l<\/strong>. Szeretettel v\u00e1rjuk \u00d6n\u00f6ket <strong>\u00edzletes, hagyom\u00e1nygazdag konyh\u00e1val<\/strong> \u00e9s<strong> friss h\u00e1zias \u00e9telekkel<\/strong>.  Hagyj\u00e1k magukat k\u00e9nyeztetni <strong>sz\u00edvb\u0151l j\u00f6v\u0151 h\u00e1zias \u00e9teleinkkel \u00e9s italainkkal<\/strong>.<\/p>\n<p>[\/vc_column_text][\/vc_column][\/vc_row][vc_row el_class=&#8221;rahmen&#8221;][vc_column][vc_column_text]<\/p>\n<h3>\u00c9telek &amp; Italok<\/h3>\n<h4>Sv\u00e1b \u00e9s magyar hagyom\u00e1nyos konyha<\/h4>\n<p>[\/vc_column_text][vc_row_inner][vc_column_inner width=&#8221;1\/2&#8243;][vc_column_text]<\/p>\n<h5>Gazdag, tartalmas b\u00fcf\u00e9reggeli<\/h5>\n<p>[\/vc_column_text][vc_column_text]<\/p>\n<ul>\n<li>H\u00e1zi-\/saj\u00e1t k\u00e9sz\u00edt\u00e9s\u0171 keny\u00e9r &amp; \u00e9des s\u00fctem\u00e9nyek<\/li>\n<li>k\u00fcl\u00f6nb\u00f6z\u0151 kolb\u00e1sz \u00e9s felv\u00e1gottt\u00e1lak- &amp; sajtv\u00e1logat\u00e1sok<\/li>\n<li>meleg hagyom\u00e1nyos sv\u00e1b &amp; magyar reggeli<\/li>\n<li>K\u00e1v\u00e9, Tea, Kaka\u00f3 &amp; gy\u00fcm\u00f6lcslevek<\/li>\n<li>vaj<\/li>\n<li>saj\u00e1t k\u00e9sz\u00edt\u00e9s\u0171 lekv\u00e1rok &amp; magyar termel\u0151t\u0151l sz\u00e1rmaz\u00f3 m\u00e9z<\/li>\n<li>joghurt &amp; tej<\/li>\n<li>friss gy\u00fcm\u00f6lcs &amp; gy\u00fcm\u00f6lcssal\u00e1ta<\/li>\n<li>zabpehely, m\u00fczli &amp; kukoricapehely<\/li>\n<\/ul>\n<p>[\/vc_column_text][\/vc_column_inner][vc_column_inner width=&#8221;1\/2&#8243;][vc_column_text]<\/p>\n<h5>Sv\u00e9dasztalos b\u00fcf\u00e9vacsora<\/h5>\n<p>[\/vc_column_text][vc_column_text]<\/p>\n<ul>\n<li>Nemzetk\u00f6zi 3 fog\u00e1sos vacsora k\u00fcl\u00f6nb\u00f6z\u0151 f\u0151fog\u00e1sokkal sv\u00e9dasztalos jelleggel<\/li>\n<li>h\u00e1zi \u00e9s h\u00e1zias sal\u00e1tab\u00fcf\u00e9<\/li>\n<li>h\u00e1zias hagyom\u00e1nyos specialit\u00e1sok<\/li>\n<li>sv\u00e1b soml\u00f3i konyha<\/li>\n<\/ul>\n<p>[\/vc_column_text][\/vc_column_inner][\/vc_row_inner][\/vc_column][\/vc_row][vc_row][vc_column]<div id=\"ult-carousel-67226916369f4be2579dd1\" class=\"ult-carousel-wrapper   ult_horizontal\" data-gutter=\"15\" data-rtl=\"false\" ><div class=\"ult-carousel-176468133569f4be2579c94 \" >[vc_single_image image=&#8221;344&#8243; img_size=&#8221;medium&#8221; onclick=&#8221;link_image&#8221;][vc_single_image image=&#8221;345&#8243; img_size=&#8221;medium&#8221; onclick=&#8221;link_image&#8221;][vc_single_image image=&#8221;429&#8243; img_size=&#8221;medium&#8221; onclick=&#8221;link_image&#8221;]<\/div><\/div>\t\t\t<script type=\"text\/javascript\">\n\t\t\t\tjQuery(document).ready(function ($) {\n\t\t\t\t\tif( typeof jQuery('.ult-carousel-176468133569f4be2579c94').slick == \"function\"){\n\t\t\t\t\t\t$('.ult-carousel-176468133569f4be2579c94').slick({dots: true,autoplaySpeed: \"5000\",speed: \"300\",infinite: false,arrows: true,nextArrow: '<button type=\"button\" role=\"button\" aria-label=\"Next\" style=\"color:#333333; font-size:65px;\" class=\"slick-next default\"><i class=\"ultsl-arrow-right6\"><\/i><\/button>',prevArrow: '<button type=\"button\" role=\"button\" aria-label=\"Previous\" style=\"color:#333333; font-size:65px;\" class=\"slick-prev default\"><i class=\"ultsl-arrow-left6\"><\/i><\/button>',slidesToScroll:2,slidesToShow:2,swipe: true,draggable: true,touchMove: true,pauseOnHover: true,pauseOnFocus: false,responsive: [\n\t\t\t\t\t\t\t{\n\t\t\t\t\t\t\t  breakpoint: 1026,\n\t\t\t\t\t\t\t  settings: {\n\t\t\t\t\t\t\t\tslidesToShow: 2,\n\t\t\t\t\t\t\t\tslidesToScroll: 2,  \n\t\t\t\t\t\t\t  }\n\t\t\t\t\t\t\t},\n\t\t\t\t\t\t\t{\n\t\t\t\t\t\t\t  breakpoint: 1025,\n\t\t\t\t\t\t\t  settings: {\n\t\t\t\t\t\t\t\tslidesToShow: 2,\n\t\t\t\t\t\t\t\tslidesToScroll: 2\n\t\t\t\t\t\t\t  }\n\t\t\t\t\t\t\t},\n\t\t\t\t\t\t\t{\n\t\t\t\t\t\t\t  breakpoint: 760,\n\t\t\t\t\t\t\t  settings: {\n\t\t\t\t\t\t\t\tslidesToShow: 1,\n\t\t\t\t\t\t\t\tslidesToScroll: 1\n\t\t\t\t\t\t\t  }\n\t\t\t\t\t\t\t}\n\t\t\t\t\t\t],pauseOnDotsHover: true,customPaging: function(slider, i) {\n                   return '<i type=\"button\" style= \"color:#333333;\" class=\"ultsl-record\" data-role=\"none\"><\/i>';\n                },});\n\t\t\t\t\t}\n\t\t\t\t});\n\t\t\t<\/script>\n\t\t\t[\/vc_column][\/vc_row][vc_row][vc_column width=&#8221;1\/3&#8243;][vc_column_text]<span class=\"button-block\"><a href=\"https:\/\/www.hotelneuwirt.at\/hu\/elerhetoseg\/\">Kontakt inform\u00e1ci\u00f3k<\/a><\/span>[\/vc_column_text][\/vc_column][vc_column width=&#8221;1\/3&#8243;][vc_column_text]<span class=\"button-block\"><a href=\"https:\/\/www.hotelneuwirt.at\/zimmer-mauterndorf\/\">Szob\u00e1ink<\/a><\/span>[\/vc_column_text][\/vc_column][vc_column width=&#8221;1\/3&#8243;][vc_column_text]<span class=\"button-block\"><a href=\"https:\/\/www.hotelneuwirt.at\/hotel-mauterndorf\/leistungen\/\">Szolg\u00e1ltat\u00e1sok<\/a><\/span>[\/vc_column_text][\/vc_column][\/vc_row]<\/p>\n<\/div>","protected":false},"excerpt":{"rendered":"<p>[vc_row][vc_column][vc_column_text] A Hotel Neuwirt \u00e9tterme Magyar \u00e9s sv\u00e1b konyha [\/vc_column_text][vc_separator][\/vc_column][\/vc_row][vc_row][vc_column][vc_column_text] A lungaui Mauterndorf sz\u00edv\u00e9ben tal\u00e1lhat\u00f3 sz\u00e1llod\u00e1nkban szeretn\u00e9nk egy k\u00fcl\u00f6nlegess\u00e9get ny\u00fajtani vend\u00e9geink r\u00e9sz\u00e9re a magyarorsz\u00e1gi n\u00e9met hagyom\u00e1nyainkb\u00f3l. Szeretettel v\u00e1rjuk \u00d6n\u00f6ket \u00edzletes, hagyom\u00e1nygazdag konyh\u00e1val \u00e9s friss h\u00e1zias \u00e9telekkel. Hagyj\u00e1k magukat k\u00e9nyeztetni sz\u00edvb\u0151l j\u00f6v\u0151 h\u00e1zias \u00e9teleinkkel \u00e9s italainkkal. [\/vc_column_text][\/vc_column][\/vc_row][vc_row el_class=&#8221;rahmen&#8221;][vc_column][vc_column_text] \u00c9telek &amp; Italok Sv\u00e1b \u00e9s magyar hagyom\u00e1nyos konyha &hellip;<\/p>\n\n<p><a class=\"readmore btn btn-default btn-default btn-block\" href=\"https:\/\/www.hotelneuwirt.at\/hu\/etterem-neuwirt\/\">Read More<\/a><\/p>","protected":false},"author":1,"featured_media":3919,"parent":0,"menu_order":8,"comment_status":"closed","ping_status":"closed","template":"","meta":{"_acf_changed":false,"rs_blank_template":"","rs_page_bg_color":"","slide_template_v7":"","footnotes":""},"class_list":["post-2064","page","type-page","status-publish","has-post-thumbnail","hentry"],"acf":[],"yoast_head":"<!-- This site is optimized with the Yoast SEO plugin v27.5 - https:\/\/yoast.com\/product\/yoast-seo-wordpress\/ -->\n<title>Frissen k\u00e9sz\u00fclt, trad\u00edcion\u00e1lis magyarorsz\u00e1gi n\u00e9met \u00e9s magyar specialit\u00e1sok vend\u00e9geink r\u00e9sz\u00e9re.<\/title>\n<meta name=\"description\" content=\"A Neuwirt hotel \u00e9tterm\u00e9ben \u00ednycsikland\u00f3, trad\u00edcion\u00e1lis magyar konyh\u00e1t tal\u00e1l.\" \/>\n<meta name=\"robots\" content=\"index, follow, max-snippet:-1, max-image-preview:large, max-video-preview:-1\" \/>\n<link rel=\"canonical\" href=\"https:\/\/www.hotelneuwirt.at\/hu\/etterem-neuwirt\/\" \/>\n<meta property=\"og:locale\" content=\"hu_HU\" \/>\n<meta property=\"og:type\" content=\"article\" \/>\n<meta property=\"og:title\" content=\"Frissen k\u00e9sz\u00fclt, trad\u00edcion\u00e1lis magyarorsz\u00e1gi n\u00e9met \u00e9s magyar specialit\u00e1sok vend\u00e9geink r\u00e9sz\u00e9re.\" \/>\n<meta property=\"og:description\" content=\"A Neuwirt hotel \u00e9tterm\u00e9ben \u00ednycsikland\u00f3, trad\u00edcion\u00e1lis magyar konyh\u00e1t tal\u00e1l.\" \/>\n<meta property=\"og:url\" content=\"https:\/\/www.hotelneuwirt.at\/hu\/etterem-neuwirt\/\" \/>\n<meta property=\"og:site_name\" content=\"Hotel Neuwirt\" \/>\n<meta property=\"article:modified_time\" content=\"2020-03-08T14:40:12+00:00\" \/>\n<meta name=\"twitter:card\" content=\"summary_large_image\" \/>\n<meta name=\"twitter:label1\" content=\"Becs\u00fclt olvas\u00e1si id\u0151\" \/>\n\t<meta name=\"twitter:data1\" content=\"2 perc\" \/>\n<script type=\"application\/ld+json\" class=\"yoast-schema-graph\">{\"@context\":\"https:\\\/\\\/schema.org\",\"@graph\":[{\"@type\":\"WebPage\",\"@id\":\"https:\\\/\\\/www.hotelneuwirt.at\\\/hu\\\/etterem-neuwirt\\\/\",\"url\":\"https:\\\/\\\/www.hotelneuwirt.at\\\/hu\\\/etterem-neuwirt\\\/\",\"name\":\"Frissen k\u00e9sz\u00fclt, trad\u00edcion\u00e1lis magyarorsz\u00e1gi n\u00e9met \u00e9s magyar specialit\u00e1sok vend\u00e9geink r\u00e9sz\u00e9re.\",\"isPartOf\":{\"@id\":\"https:\\\/\\\/www.hotelneuwirt.at\\\/#website\"},\"primaryImageOfPage\":{\"@id\":\"https:\\\/\\\/www.hotelneuwirt.at\\\/hu\\\/etterem-neuwirt\\\/#primaryimage\"},\"image\":{\"@id\":\"https:\\\/\\\/www.hotelneuwirt.at\\\/hu\\\/etterem-neuwirt\\\/#primaryimage\"},\"thumbnailUrl\":\"https:\\\/\\\/www.hotelneuwirt.at\\\/wp-content\\\/uploads\\\/20240621_090737-scaled.jpg\",\"datePublished\":\"2017-08-30T14:16:11+00:00\",\"dateModified\":\"2020-03-08T14:40:12+00:00\",\"description\":\"A Neuwirt hotel \u00e9tterm\u00e9ben \u00ednycsikland\u00f3, trad\u00edcion\u00e1lis magyar konyh\u00e1t tal\u00e1l.\",\"breadcrumb\":{\"@id\":\"https:\\\/\\\/www.hotelneuwirt.at\\\/hu\\\/etterem-neuwirt\\\/#breadcrumb\"},\"inLanguage\":\"hu\",\"potentialAction\":[{\"@type\":\"ReadAction\",\"target\":[\"https:\\\/\\\/www.hotelneuwirt.at\\\/hu\\\/etterem-neuwirt\\\/\"]}]},{\"@type\":\"ImageObject\",\"inLanguage\":\"hu\",\"@id\":\"https:\\\/\\\/www.hotelneuwirt.at\\\/hu\\\/etterem-neuwirt\\\/#primaryimage\",\"url\":\"https:\\\/\\\/www.hotelneuwirt.at\\\/wp-content\\\/uploads\\\/20240621_090737-scaled.jpg\",\"contentUrl\":\"https:\\\/\\\/www.hotelneuwirt.at\\\/wp-content\\\/uploads\\\/20240621_090737-scaled.jpg\",\"width\":1920,\"height\":2560},{\"@type\":\"BreadcrumbList\",\"@id\":\"https:\\\/\\\/www.hotelneuwirt.at\\\/hu\\\/etterem-neuwirt\\\/#breadcrumb\",\"itemListElement\":[{\"@type\":\"ListItem\",\"position\":1,\"name\":\"Startseite\",\"item\":\"https:\\\/\\\/www.hotelneuwirt.at\\\/hu\\\/\"},{\"@type\":\"ListItem\",\"position\":2,\"name\":\"Hotelvend\u00e9geink rendelkez\u00e9s\u00e9re \u00e1ll\u00f3 \u00e9tterm\u00fcnk\"}]},{\"@type\":\"WebSite\",\"@id\":\"https:\\\/\\\/www.hotelneuwirt.at\\\/#website\",\"url\":\"https:\\\/\\\/www.hotelneuwirt.at\\\/\",\"name\":\"Hotel Neuwirt\",\"description\":\"3 Sterne Hotel in Mauterndorf\",\"potentialAction\":[{\"@type\":\"SearchAction\",\"target\":{\"@type\":\"EntryPoint\",\"urlTemplate\":\"https:\\\/\\\/www.hotelneuwirt.at\\\/?s={search_term_string}\"},\"query-input\":{\"@type\":\"PropertyValueSpecification\",\"valueRequired\":true,\"valueName\":\"search_term_string\"}}],\"inLanguage\":\"hu\"}]}<\/script>\n<!-- \/ Yoast SEO plugin. -->","yoast_head_json":{"title":"Frissen k\u00e9sz\u00fclt, trad\u00edcion\u00e1lis magyarorsz\u00e1gi n\u00e9met \u00e9s magyar specialit\u00e1sok vend\u00e9geink r\u00e9sz\u00e9re.","description":"A Neuwirt hotel \u00e9tterm\u00e9ben \u00ednycsikland\u00f3, trad\u00edcion\u00e1lis magyar konyh\u00e1t tal\u00e1l.","robots":{"index":"index","follow":"follow","max-snippet":"max-snippet:-1","max-image-preview":"max-image-preview:large","max-video-preview":"max-video-preview:-1"},"canonical":"https:\/\/www.hotelneuwirt.at\/hu\/etterem-neuwirt\/","og_locale":"hu_HU","og_type":"article","og_title":"Frissen k\u00e9sz\u00fclt, trad\u00edcion\u00e1lis magyarorsz\u00e1gi n\u00e9met \u00e9s magyar specialit\u00e1sok vend\u00e9geink r\u00e9sz\u00e9re.","og_description":"A Neuwirt hotel \u00e9tterm\u00e9ben \u00ednycsikland\u00f3, trad\u00edcion\u00e1lis magyar konyh\u00e1t tal\u00e1l.","og_url":"https:\/\/www.hotelneuwirt.at\/hu\/etterem-neuwirt\/","og_site_name":"Hotel Neuwirt","article_modified_time":"2020-03-08T14:40:12+00:00","twitter_card":"summary_large_image","twitter_misc":{"Becs\u00fclt olvas\u00e1si id\u0151":"2 perc"},"schema":{"@context":"https:\/\/schema.org","@graph":[{"@type":"WebPage","@id":"https:\/\/www.hotelneuwirt.at\/hu\/etterem-neuwirt\/","url":"https:\/\/www.hotelneuwirt.at\/hu\/etterem-neuwirt\/","name":"Frissen k\u00e9sz\u00fclt, trad\u00edcion\u00e1lis magyarorsz\u00e1gi n\u00e9met \u00e9s magyar specialit\u00e1sok vend\u00e9geink r\u00e9sz\u00e9re.","isPartOf":{"@id":"https:\/\/www.hotelneuwirt.at\/#website"},"primaryImageOfPage":{"@id":"https:\/\/www.hotelneuwirt.at\/hu\/etterem-neuwirt\/#primaryimage"},"image":{"@id":"https:\/\/www.hotelneuwirt.at\/hu\/etterem-neuwirt\/#primaryimage"},"thumbnailUrl":"https:\/\/www.hotelneuwirt.at\/wp-content\/uploads\/20240621_090737-scaled.jpg","datePublished":"2017-08-30T14:16:11+00:00","dateModified":"2020-03-08T14:40:12+00:00","description":"A Neuwirt hotel \u00e9tterm\u00e9ben \u00ednycsikland\u00f3, trad\u00edcion\u00e1lis magyar konyh\u00e1t tal\u00e1l.","breadcrumb":{"@id":"https:\/\/www.hotelneuwirt.at\/hu\/etterem-neuwirt\/#breadcrumb"},"inLanguage":"hu","potentialAction":[{"@type":"ReadAction","target":["https:\/\/www.hotelneuwirt.at\/hu\/etterem-neuwirt\/"]}]},{"@type":"ImageObject","inLanguage":"hu","@id":"https:\/\/www.hotelneuwirt.at\/hu\/etterem-neuwirt\/#primaryimage","url":"https:\/\/www.hotelneuwirt.at\/wp-content\/uploads\/20240621_090737-scaled.jpg","contentUrl":"https:\/\/www.hotelneuwirt.at\/wp-content\/uploads\/20240621_090737-scaled.jpg","width":1920,"height":2560},{"@type":"BreadcrumbList","@id":"https:\/\/www.hotelneuwirt.at\/hu\/etterem-neuwirt\/#breadcrumb","itemListElement":[{"@type":"ListItem","position":1,"name":"Startseite","item":"https:\/\/www.hotelneuwirt.at\/hu\/"},{"@type":"ListItem","position":2,"name":"Hotelvend\u00e9geink rendelkez\u00e9s\u00e9re \u00e1ll\u00f3 \u00e9tterm\u00fcnk"}]},{"@type":"WebSite","@id":"https:\/\/www.hotelneuwirt.at\/#website","url":"https:\/\/www.hotelneuwirt.at\/","name":"Hotel Neuwirt","description":"3 Sterne Hotel in Mauterndorf","potentialAction":[{"@type":"SearchAction","target":{"@type":"EntryPoint","urlTemplate":"https:\/\/www.hotelneuwirt.at\/?s={search_term_string}"},"query-input":{"@type":"PropertyValueSpecification","valueRequired":true,"valueName":"search_term_string"}}],"inLanguage":"hu"}]}},"_links":{"self":[{"href":"https:\/\/www.hotelneuwirt.at\/hu\/wp-json\/wp\/v2\/pages\/2064","targetHints":{"allow":["GET"]}}],"collection":[{"href":"https:\/\/www.hotelneuwirt.at\/hu\/wp-json\/wp\/v2\/pages"}],"about":[{"href":"https:\/\/www.hotelneuwirt.at\/hu\/wp-json\/wp\/v2\/types\/page"}],"author":[{"embeddable":true,"href":"https:\/\/www.hotelneuwirt.at\/hu\/wp-json\/wp\/v2\/users\/1"}],"replies":[{"embeddable":true,"href":"https:\/\/www.hotelneuwirt.at\/hu\/wp-json\/wp\/v2\/comments?post=2064"}],"version-history":[{"count":0,"href":"https:\/\/www.hotelneuwirt.at\/hu\/wp-json\/wp\/v2\/pages\/2064\/revisions"}],"wp:featuredmedia":[{"embeddable":true,"href":"https:\/\/www.hotelneuwirt.at\/hu\/wp-json\/wp\/v2\/media\/3919"}],"wp:attachment":[{"href":"https:\/\/www.hotelneuwirt.at\/hu\/wp-json\/wp\/v2\/media?parent=2064"}],"curies":[{"name":"wp","href":"https:\/\/api.w.org\/{rel}","templated":true}]}}