{"id":2061,"date":"2017-08-30T16:16:30","date_gmt":"2017-08-30T14:16:30","guid":{"rendered":"https:\/\/www.hotelneuwirt.at\/kontakt-service\/"},"modified":"2019-05-20T10:24:03","modified_gmt":"2019-05-20T08:24:03","slug":"elerhetoseg","status":"publish","type":"page","link":"https:\/\/www.hotelneuwirt.at\/hu\/elerhetoseg\/","title":{"rendered":"El\u00e9rhet\u0151s\u00e9g"},"content":{"rendered":"<div class=\"wpb-content-wrapper\"><p>[vc_row][vc_column][vc_column_text]<\/p>\n<h2>3 csillagos Hotel Neuwirt Mauterndorfban, Obertauern k\u00f6zel\u00e9ben<\/h2>\n<h1>El\u00e9rhet\u0151s\u00e9g\u00fcnk<\/h1>\n<p>[\/vc_column_text][vc_separator][\/vc_column][\/vc_row][vc_row el_class=&#8221;hintergrund&#8221;][vc_column width=&#8221;2\/3&#8243;][vc_single_image image=&#8221;1881&#8243; img_size=&#8221;big&#8221; css=&#8221;.vc_custom_1534322123094{margin-bottom: 15px !important;}&#8221;][\/vc_column][vc_column width=&#8221;1\/3&#8243; el_class=&#8221;abstand-links-mehr&#8221;][vc_column_text]<\/p>\n<h3>Hotel Neuwirt<\/h3>\n<p>[\/vc_column_text][vc_column_text css=&#8221;.vc_custom_1534322168134{margin-bottom: 0px !important;}&#8221;]Rita Kaszap-Nagy KG.<\/p>\n<p>Markt 39<\/p>\n<p>A-5570 Mauterndorf<\/p>\n<p>&nbsp;<\/p>\n<p>Tel. <a href=\"tel:+43647272680\">+43 6472 7268 0<\/a> ,<\/p>\n<p>+36 30 288-1528<\/p>\n<p>Fax +43 6472 7268 8<\/p>\n<p><a href=\"mailto:info@hotelneuwirt.at\">E-mail senden<\/a>[\/vc_column_text][\/vc_column][\/vc_row][vc_row][vc_column][vc_column_text]<\/p>\n<h5>\u00d6r\u00fcl\u00fcnk a l\u00e1togat\u00e1s\u00e1nak!<\/h5>\n<h6>Kaszap-Nagy csal\u00e1d<\/h6>\n<p>[\/vc_column_text][\/vc_column][\/vc_row]<\/p>\n<\/div>","protected":false},"excerpt":{"rendered":"<p>[vc_row][vc_column][vc_column_text] 3 csillagos Hotel Neuwirt Mauterndorfban, Obertauern k\u00f6zel\u00e9ben El\u00e9rhet\u0151s\u00e9g\u00fcnk [\/vc_column_text][vc_separator][\/vc_column][\/vc_row][vc_row el_class=&#8221;hintergrund&#8221;][vc_column width=&#8221;2\/3&#8243;][vc_single_image image=&#8221;1881&#8243; img_size=&#8221;big&#8221; css=&#8221;.vc_custom_1534322123094{margin-bottom: 15px !important;}&#8221;][\/vc_column][vc_column width=&#8221;1\/3&#8243; el_class=&#8221;abstand-links-mehr&#8221;][vc_column_text] Hotel Neuwirt [\/vc_column_text][vc_column_text css=&#8221;.vc_custom_1534322168134{margin-bottom: 0px !important;}&#8221;]Rita Kaszap-Nagy KG. Markt 39 A-5570 Mauterndorf &nbsp; Tel. +43 6472 7268 0 , +36 30 288-1528 Fax +43 6472 7268 8 E-mail senden[\/vc_column_text][\/vc_column][\/vc_row][vc_row][vc_column][vc_column_text] \u00d6r\u00fcl\u00fcnk a l\u00e1togat\u00e1s\u00e1nak! Kaszap-Nagy csal\u00e1d [\/vc_column_text][\/vc_column][\/vc_row]<\/p>\n\n<p><a class=\"readmore btn btn-default btn-default btn-block\" href=\"https:\/\/www.hotelneuwirt.at\/hu\/elerhetoseg\/\">Read More<\/a><\/p>","protected":false},"author":1,"featured_media":2063,"parent":0,"menu_order":8,"comment_status":"closed","ping_status":"closed","template":"","meta":{"_acf_changed":false,"rs_blank_template":"","rs_page_bg_color":"","slide_template_v7":"","footnotes":""},"class_list":["post-2061","page","type-page","status-publish","has-post-thumbnail","hentry"],"acf":[],"yoast_head":"<!-- This site is optimized with the Yoast SEO plugin v27.5 - https:\/\/yoast.com\/product\/yoast-seo-wordpress\/ -->\n<title>El\u00e9rhet\u0151s\u00e9g\u00fcnk: Neuwirt hotel Obertauern mellett Mauterndorfban Neuwirt in Mauterndorf, nahe Obertauern<\/title>\n<meta name=\"description\" content=\"El\u00e9rhet\u0151s\u00e9g\u00fcnk: Hotel Neuwirt, Rita Kaszap-Nagy KG., Markt 39, A-5570 Mauterndorf, Tel. +43 6472 7268 0, Fax +43 6472 7268 8, +36 30 288-1528 info@hotelneuwirt.at\" \/>\n<meta name=\"robots\" content=\"index, follow, max-snippet:-1, max-image-preview:large, max-video-preview:-1\" \/>\n<link rel=\"canonical\" href=\"https:\/\/www.hotelneuwirt.at\/kontakt-service\/\" \/>\n<meta property=\"og:locale\" content=\"hu_HU\" \/>\n<meta property=\"og:type\" content=\"article\" \/>\n<meta property=\"og:title\" content=\"El\u00e9rhet\u0151s\u00e9g\u00fcnk: Neuwirt hotel Obertauern mellett Mauterndorfban Neuwirt in Mauterndorf, nahe Obertauern\" \/>\n<meta property=\"og:description\" content=\"El\u00e9rhet\u0151s\u00e9g\u00fcnk: Hotel Neuwirt, Rita Kaszap-Nagy KG., Markt 39, A-5570 Mauterndorf, Tel. +43 6472 7268 0, Fax +43 6472 7268 8, +36 30 288-1528 info@hotelneuwirt.at\" \/>\n<meta property=\"og:url\" content=\"https:\/\/www.hotelneuwirt.at\/kontakt-service\/\" \/>\n<meta property=\"og:site_name\" content=\"Hotel Neuwirt\" \/>\n<meta property=\"article:modified_time\" content=\"2019-05-20T08:24:03+00:00\" \/>\n<meta property=\"og:image\" content=\"https:\/\/www.hotelneuwirt.at\/wp-content\/uploads\/hotel-neuwirt-mauterndorf-2.jpg\" \/>\n\t<meta property=\"og:image:width\" content=\"1920\" \/>\n\t<meta property=\"og:image:height\" content=\"750\" \/>\n\t<meta property=\"og:image:type\" content=\"image\/jpeg\" \/>\n<meta name=\"twitter:card\" content=\"summary_large_image\" \/>\n<meta name=\"twitter:label1\" content=\"Becs\u00fclt olvas\u00e1si id\u0151\" \/>\n\t<meta name=\"twitter:data1\" content=\"1 perc\" \/>\n<script type=\"application\/ld+json\" class=\"yoast-schema-graph\">{\"@context\":\"https:\\\/\\\/schema.org\",\"@graph\":[{\"@type\":\"WebPage\",\"@id\":\"https:\\\/\\\/www.hotelneuwirt.at\\\/kontakt-service\\\/\",\"url\":\"https:\\\/\\\/www.hotelneuwirt.at\\\/kontakt-service\\\/\",\"name\":\"El\u00e9rhet\u0151s\u00e9g\u00fcnk: Neuwirt hotel Obertauern mellett Mauterndorfban Neuwirt in Mauterndorf, nahe Obertauern\",\"isPartOf\":{\"@id\":\"https:\\\/\\\/www.hotelneuwirt.at\\\/#website\"},\"primaryImageOfPage\":{\"@id\":\"https:\\\/\\\/www.hotelneuwirt.at\\\/kontakt-service\\\/#primaryimage\"},\"image\":{\"@id\":\"https:\\\/\\\/www.hotelneuwirt.at\\\/kontakt-service\\\/#primaryimage\"},\"thumbnailUrl\":\"https:\\\/\\\/www.hotelneuwirt.at\\\/wp-content\\\/uploads\\\/hotel-neuwirt-mauterndorf-2.jpg\",\"datePublished\":\"2017-08-30T14:16:30+00:00\",\"dateModified\":\"2019-05-20T08:24:03+00:00\",\"description\":\"El\u00e9rhet\u0151s\u00e9g\u00fcnk: Hotel Neuwirt, Rita Kaszap-Nagy KG., Markt 39, A-5570 Mauterndorf, Tel. +43 6472 7268 0, Fax +43 6472 7268 8, +36 30 288-1528 info@hotelneuwirt.at\",\"breadcrumb\":{\"@id\":\"https:\\\/\\\/www.hotelneuwirt.at\\\/kontakt-service\\\/#breadcrumb\"},\"inLanguage\":\"hu\",\"potentialAction\":[{\"@type\":\"ReadAction\",\"target\":[\"https:\\\/\\\/www.hotelneuwirt.at\\\/kontakt-service\\\/\"]}]},{\"@type\":\"ImageObject\",\"inLanguage\":\"hu\",\"@id\":\"https:\\\/\\\/www.hotelneuwirt.at\\\/kontakt-service\\\/#primaryimage\",\"url\":\"https:\\\/\\\/www.hotelneuwirt.at\\\/wp-content\\\/uploads\\\/hotel-neuwirt-mauterndorf-2.jpg\",\"contentUrl\":\"https:\\\/\\\/www.hotelneuwirt.at\\\/wp-content\\\/uploads\\\/hotel-neuwirt-mauterndorf-2.jpg\",\"width\":1920,\"height\":750},{\"@type\":\"BreadcrumbList\",\"@id\":\"https:\\\/\\\/www.hotelneuwirt.at\\\/kontakt-service\\\/#breadcrumb\",\"itemListElement\":[{\"@type\":\"ListItem\",\"position\":1,\"name\":\"Startseite\",\"item\":\"https:\\\/\\\/www.hotelneuwirt.at\\\/hu\\\/\"},{\"@type\":\"ListItem\",\"position\":2,\"name\":\"El\u00e9rhet\u0151s\u00e9g\"}]},{\"@type\":\"WebSite\",\"@id\":\"https:\\\/\\\/www.hotelneuwirt.at\\\/#website\",\"url\":\"https:\\\/\\\/www.hotelneuwirt.at\\\/\",\"name\":\"Hotel Neuwirt\",\"description\":\"3 Sterne Hotel in Mauterndorf\",\"potentialAction\":[{\"@type\":\"SearchAction\",\"target\":{\"@type\":\"EntryPoint\",\"urlTemplate\":\"https:\\\/\\\/www.hotelneuwirt.at\\\/?s={search_term_string}\"},\"query-input\":{\"@type\":\"PropertyValueSpecification\",\"valueRequired\":true,\"valueName\":\"search_term_string\"}}],\"inLanguage\":\"hu\"}]}<\/script>\n<!-- \/ Yoast SEO plugin. -->","yoast_head_json":{"title":"El\u00e9rhet\u0151s\u00e9g\u00fcnk: Neuwirt hotel Obertauern mellett Mauterndorfban Neuwirt in Mauterndorf, nahe Obertauern","description":"El\u00e9rhet\u0151s\u00e9g\u00fcnk: Hotel Neuwirt, Rita Kaszap-Nagy KG., Markt 39, A-5570 Mauterndorf, Tel. +43 6472 7268 0, Fax +43 6472 7268 8, +36 30 288-1528 info@hotelneuwirt.at","robots":{"index":"index","follow":"follow","max-snippet":"max-snippet:-1","max-image-preview":"max-image-preview:large","max-video-preview":"max-video-preview:-1"},"canonical":"https:\/\/www.hotelneuwirt.at\/kontakt-service\/","og_locale":"hu_HU","og_type":"article","og_title":"El\u00e9rhet\u0151s\u00e9g\u00fcnk: Neuwirt hotel Obertauern mellett Mauterndorfban Neuwirt in Mauterndorf, nahe Obertauern","og_description":"El\u00e9rhet\u0151s\u00e9g\u00fcnk: Hotel Neuwirt, Rita Kaszap-Nagy KG., Markt 39, A-5570 Mauterndorf, Tel. +43 6472 7268 0, Fax +43 6472 7268 8, +36 30 288-1528 info@hotelneuwirt.at","og_url":"https:\/\/www.hotelneuwirt.at\/kontakt-service\/","og_site_name":"Hotel Neuwirt","article_modified_time":"2019-05-20T08:24:03+00:00","og_image":[{"width":1920,"height":750,"url":"https:\/\/www.hotelneuwirt.at\/wp-content\/uploads\/hotel-neuwirt-mauterndorf-2.jpg","type":"image\/jpeg"}],"twitter_card":"summary_large_image","twitter_misc":{"Becs\u00fclt olvas\u00e1si id\u0151":"1 perc"},"schema":{"@context":"https:\/\/schema.org","@graph":[{"@type":"WebPage","@id":"https:\/\/www.hotelneuwirt.at\/kontakt-service\/","url":"https:\/\/www.hotelneuwirt.at\/kontakt-service\/","name":"El\u00e9rhet\u0151s\u00e9g\u00fcnk: Neuwirt hotel Obertauern mellett Mauterndorfban Neuwirt in Mauterndorf, nahe Obertauern","isPartOf":{"@id":"https:\/\/www.hotelneuwirt.at\/#website"},"primaryImageOfPage":{"@id":"https:\/\/www.hotelneuwirt.at\/kontakt-service\/#primaryimage"},"image":{"@id":"https:\/\/www.hotelneuwirt.at\/kontakt-service\/#primaryimage"},"thumbnailUrl":"https:\/\/www.hotelneuwirt.at\/wp-content\/uploads\/hotel-neuwirt-mauterndorf-2.jpg","datePublished":"2017-08-30T14:16:30+00:00","dateModified":"2019-05-20T08:24:03+00:00","description":"El\u00e9rhet\u0151s\u00e9g\u00fcnk: Hotel Neuwirt, Rita Kaszap-Nagy KG., Markt 39, A-5570 Mauterndorf, Tel. +43 6472 7268 0, Fax +43 6472 7268 8, +36 30 288-1528 info@hotelneuwirt.at","breadcrumb":{"@id":"https:\/\/www.hotelneuwirt.at\/kontakt-service\/#breadcrumb"},"inLanguage":"hu","potentialAction":[{"@type":"ReadAction","target":["https:\/\/www.hotelneuwirt.at\/kontakt-service\/"]}]},{"@type":"ImageObject","inLanguage":"hu","@id":"https:\/\/www.hotelneuwirt.at\/kontakt-service\/#primaryimage","url":"https:\/\/www.hotelneuwirt.at\/wp-content\/uploads\/hotel-neuwirt-mauterndorf-2.jpg","contentUrl":"https:\/\/www.hotelneuwirt.at\/wp-content\/uploads\/hotel-neuwirt-mauterndorf-2.jpg","width":1920,"height":750},{"@type":"BreadcrumbList","@id":"https:\/\/www.hotelneuwirt.at\/kontakt-service\/#breadcrumb","itemListElement":[{"@type":"ListItem","position":1,"name":"Startseite","item":"https:\/\/www.hotelneuwirt.at\/hu\/"},{"@type":"ListItem","position":2,"name":"El\u00e9rhet\u0151s\u00e9g"}]},{"@type":"WebSite","@id":"https:\/\/www.hotelneuwirt.at\/#website","url":"https:\/\/www.hotelneuwirt.at\/","name":"Hotel Neuwirt","description":"3 Sterne Hotel in Mauterndorf","potentialAction":[{"@type":"SearchAction","target":{"@type":"EntryPoint","urlTemplate":"https:\/\/www.hotelneuwirt.at\/?s={search_term_string}"},"query-input":{"@type":"PropertyValueSpecification","valueRequired":true,"valueName":"search_term_string"}}],"inLanguage":"hu"}]}},"_links":{"self":[{"href":"https:\/\/www.hotelneuwirt.at\/hu\/wp-json\/wp\/v2\/pages\/2061","targetHints":{"allow":["GET"]}}],"collection":[{"href":"https:\/\/www.hotelneuwirt.at\/hu\/wp-json\/wp\/v2\/pages"}],"about":[{"href":"https:\/\/www.hotelneuwirt.at\/hu\/wp-json\/wp\/v2\/types\/page"}],"author":[{"embeddable":true,"href":"https:\/\/www.hotelneuwirt.at\/hu\/wp-json\/wp\/v2\/users\/1"}],"replies":[{"embeddable":true,"href":"https:\/\/www.hotelneuwirt.at\/hu\/wp-json\/wp\/v2\/comments?post=2061"}],"version-history":[{"count":0,"href":"https:\/\/www.hotelneuwirt.at\/hu\/wp-json\/wp\/v2\/pages\/2061\/revisions"}],"wp:featuredmedia":[{"embeddable":true,"href":"https:\/\/www.hotelneuwirt.at\/hu\/wp-json\/wp\/v2\/media\/2063"}],"wp:attachment":[{"href":"https:\/\/www.hotelneuwirt.at\/hu\/wp-json\/wp\/v2\/media?parent=2061"}],"curies":[{"name":"wp","href":"https:\/\/api.w.org\/{rel}","templated":true}]}}