{"id":2058,"date":"2017-08-30T16:16:46","date_gmt":"2017-08-30T14:16:46","guid":{"rendered":"https:\/\/www.hotelneuwirt.at\/anreise-routenplaner\/"},"modified":"2022-08-24T08:59:43","modified_gmt":"2022-08-24T06:59:43","slug":"megkoezelites-terkep","status":"publish","type":"page","link":"https:\/\/www.hotelneuwirt.at\/hu\/elerhetoseg\/megkoezelites-terkep\/","title":{"rendered":"Megk\u00f6zel\u00edt\u00e9s \u00e9s t\u00e9rk\u00e9p"},"content":{"rendered":"<div class=\"wpb-content-wrapper\"><p>[vc_row][vc_column][vc_column_text]<\/p>\n<h2>Az \u00fat, melyen eljuthat hozz\u00e1nk Mauterndorfba<\/h2>\n<h1>Megk\u00f6zel\u00edt\u00e9s \u00e9s t\u00e9rk\u00e9p<\/h1>\n<p>[\/vc_column_text][vc_separator][\/vc_column][\/vc_row][vc_row][vc_column][vc_column_text]<\/p>\n<h3>Megk\u00f6zel\u00edt\u00e9s g\u00e9pkocsival<\/h3>\n<p>[\/vc_column_text][vc_column_text]<\/p>\n<div id=\"correction_area\" class=\"form-item no-affixes\">\n<div>Ha a k\u00f6vetkez\u0151 GPS adatokat a navig\u00e1ci\u00f3s k\u00e9sz\u00fcl\u00e9k\u00e9be be\u00edrja, a k\u00e9sz\u00fcl\u00e9k elvezeti hozz\u00e1nk. Sz\u00e9less\u00e9gi fok: 47.1352835, Hossz\u00fas\u00e1gi fok: 13.678576.<\/div>\n<\/div>\n<p>[\/vc_column_text][\/vc_column][\/vc_row][vc_row css=&#8221;.vc_custom_1502970889201{padding-top: 25px !important;}&#8221;][vc_column][vc_column_text css=&#8221;.vc_custom_1504258610441{margin-bottom: 20px !important;}&#8221;]<\/p>\n<h6>\u00d6AMTC-Stra\u00dfenzustandsbericht<\/h6>\n<p>[\/vc_column_text][vc_column_text]<\/p>\n<div class=\"form-textarea\">\n<p>Indul\u00e1s el\u0151tt itt inform\u00e1l\u00f3dhat az aktu\u00e1lis k\u00f6zleked\u00e9si viszonyokr\u00f3l <a href=\"http:\/\/www.oeamtc.at\/\" target=\"_blank\" rel=\"noopener noreferrer\">aktu\u00e1lis k\u00f6zleked\u00e9si inform\u00e1ci\u00f3k<\/a>. Eml\u00e9keztetj\u00fck, hogy Ausztria aut\u00f3p\u00e1ly\u00e1i \u00fatd\u00edjas utak.<\/p>\n<\/div>\n<p>[\/vc_column_text][\/vc_column][\/vc_row][vc_row][vc_column width=&#8221;1\/2&#8243;][vc_column_text]<\/p>\n<h3>Megk\u00f6zel\u00edt\u00e9s vonattal \u00e9s busszal<\/h3>\n<p>[\/vc_column_text][vc_single_image image=&#8221;227&#8243; img_size=&#8221;medium&#8221; onclick=&#8221;link_image&#8221;][vc_column_text css=&#8221;.vc_custom_1557765790052{margin-bottom: 20px !important;}&#8221;]A legk\u00f6zelebbi gyorsvonat \u00e1llom\u00e1s a radstadt-i vas\u00fat\u00e1llom\u00e1s (kb. 39 km t\u00e1vols\u00e1gra van). Innen folytassa \u00fatj\u00e1t postbusszal vagy taxival.<\/p>\n<p>[\/vc_column_text][vc_row_inner css=&#8221;.vc_custom_1487752097032{margin-bottom: 0px !important;}&#8221;][vc_column_inner width=&#8221;1\/2&#8243;][vc_column_text css=&#8221;.vc_custom_1504784295678{margin-bottom: 0px !important;}&#8221;]<\/p>\n<ul>\n<li><a href=\"http:\/\/www.oebb.at\/\" target=\"_blank\" rel=\"noopener noreferrer\">\u00d6sterreichische Bundesbahnen<\/a><\/li>\n<li><a href=\"http:\/\/www.bahn.de\" target=\"_blank\" rel=\"noopener noreferrer\">Deutsche Bahn<\/a><\/li>\n<\/ul>\n<p>[\/vc_column_text][\/vc_column_inner][vc_column_inner width=&#8221;1\/2&#8243;][vc_column_text]<\/p>\n<ul>\n<li><a href=\"http:\/\/www.sbb.ch\/home.html\" target=\"_blank\" rel=\"noopener noreferrer\">Schweizer Bundesbahn<\/a><\/li>\n<li><a href=\"http:\/\/www.trenitalia.com\/\" target=\"_blank\" rel=\"noopener noreferrer\">Ferrovie Italiane<\/a><\/li>\n<li><a href=\"http:\/\/fahrplan.oebb.at\/bin\/query.exe\/dn?L=vs_postbus\" target=\"_blank\" rel=\"noopener\">\u00d6BB Postbus<\/a><\/li>\n<\/ul>\n<p>[\/vc_column_text][\/vc_column_inner][\/vc_row_inner][\/vc_column][vc_column width=&#8221;1\/2&#8243;][vc_column_text]<\/p>\n<h3>Megk\u00f6zel\u00edt\u00e9s rep\u00fcl\u0151vel<\/h3>\n<p>[\/vc_column_text][vc_single_image image=&#8221;228&#8243; img_size=&#8221;medium&#8221; onclick=&#8221;link_image&#8221;][vc_column_text el_class=&#8221;abstand-unten-0&#8243; css=&#8221;.vc_custom_1557766021364{margin-bottom: 20px !important;}&#8221;]A legk\u00f6zelebbi rep\u00fcl\u0151t\u00e9r a salzburgi Wolfgang Amadeus Mozart rep\u00fcl\u0151t\u00e9r (kb. 110 km t\u00e1vols\u00e1gra tal\u00e1lhat\u00f3). Tov\u00e1bbi rep\u00fcl\u0151terek: Graz (kb. 190 km), B\u00e9cs (kb. 272 km)<\/p>\n<p>[\/vc_column_text][vc_row_inner css=&#8221;.vc_custom_1487752097032{margin-bottom: 0px !important;}&#8221;][vc_column_inner width=&#8221;1\/2&#8243;][vc_column_text css=&#8221;.vc_custom_1497248443285{margin-bottom: 0px !important;}&#8221;]<\/p>\n<ul>\n<li><a href=\"http:\/\/www.austrian.com\/\" target=\"_blank\" rel=\"noopener noreferrer\">AUA\/Lufthansa<\/a><\/li>\n<li><a href=\"http:\/\/www.airberlin.com\/\" target=\"_blank\" rel=\"noopener noreferrer\">Air Berlin<\/a><\/li>\n<li><a href=\"http:\/\/www.britishairways.com\/\" target=\"_blank\" rel=\"noopener noreferrer\">British Airways<\/a><\/li>\n<\/ul>\n<p>[\/vc_column_text][\/vc_column_inner][vc_column_inner width=&#8221;1\/2&#8243;][vc_column_text]<\/p>\n<ul>\n<li><a href=\"https:\/\/www.eurowings.com\/\" target=\"_blank\" rel=\"noopener noreferrer\">Eurowings<\/a><\/li>\n<li><a href=\"https:\/\/www.norwegian.com\" target=\"_blank\" rel=\"noopener noreferrer\">Norwegian<\/a><\/li>\n<li><a href=\"http:\/\/www.ryanair.com\/\" target=\"_blank\" rel=\"noopener noreferrer\">Ryan Air<\/a><\/li>\n<\/ul>\n<p>[\/vc_column_text][\/vc_column_inner][\/vc_row_inner][\/vc_column][\/vc_row]<\/p>\n<\/div>","protected":false},"excerpt":{"rendered":"<p>[vc_row][vc_column][vc_column_text] Az \u00fat, melyen eljuthat hozz\u00e1nk Mauterndorfba Megk\u00f6zel\u00edt\u00e9s \u00e9s t\u00e9rk\u00e9p [\/vc_column_text][vc_separator][\/vc_column][\/vc_row][vc_row][vc_column][vc_column_text] Megk\u00f6zel\u00edt\u00e9s g\u00e9pkocsival [\/vc_column_text][vc_column_text] Ha a k\u00f6vetkez\u0151 GPS adatokat a navig\u00e1ci\u00f3s k\u00e9sz\u00fcl\u00e9k\u00e9be be\u00edrja, a k\u00e9sz\u00fcl\u00e9k elvezeti hozz\u00e1nk. Sz\u00e9less\u00e9gi fok: 47.1352835, Hossz\u00fas\u00e1gi fok: 13.678576. [\/vc_column_text][\/vc_column][\/vc_row][vc_row css=&#8221;.vc_custom_1502970889201{padding-top: 25px !important;}&#8221;][vc_column][vc_column_text css=&#8221;.vc_custom_1504258610441{margin-bottom: 20px !important;}&#8221;] \u00d6AMTC-Stra\u00dfenzustandsbericht [\/vc_column_text][vc_column_text] Indul\u00e1s el\u0151tt itt inform\u00e1l\u00f3dhat az aktu\u00e1lis k\u00f6zleked\u00e9si viszonyokr\u00f3l aktu\u00e1lis k\u00f6zleked\u00e9si inform\u00e1ci\u00f3k. Eml\u00e9keztetj\u00fck, hogy &hellip;<\/p>\n\n<p><a class=\"readmore btn btn-default btn-default btn-block\" href=\"https:\/\/www.hotelneuwirt.at\/hu\/elerhetoseg\/megkoezelites-terkep\/\">Read More<\/a><\/p>","protected":false},"author":1,"featured_media":0,"parent":2061,"menu_order":0,"comment_status":"closed","ping_status":"closed","template":"","meta":{"_acf_changed":false,"rs_blank_template":"","rs_page_bg_color":"","slide_template_v7":"","footnotes":""},"class_list":["post-2058","page","type-page","status-publish","hentry"],"acf":[],"yoast_head":"<!-- This site is optimized with the Yoast SEO plugin v27.3 - https:\/\/yoast.com\/product\/yoast-seo-wordpress\/ -->\n<title>Hogyan k\u00f6zel\u00edtheti meg a Neuwirt hotelt Mauterndorfban?<\/title>\n<meta name=\"description\" content=\"Itt tal\u00e1lja a megk\u00f6zel\u00edt\u00e9si lehet\u0151s\u00e9geket \u00e9s a t\u00e9rk\u00e9pet a Salzburg r\u00e9gi\u00f3ban, Mauterndorfban tal\u00e1lhat\u00f3 Neuwirt hotel\u00fcnkh\u00f6z.\" \/>\n<meta name=\"robots\" content=\"index, follow, max-snippet:-1, max-image-preview:large, max-video-preview:-1\" \/>\n<link rel=\"canonical\" href=\"https:\/\/www.hotelneuwirt.at\/kontakt-service\/anreise-routenplaner\/\" \/>\n<meta property=\"og:locale\" content=\"hu_HU\" \/>\n<meta property=\"og:type\" content=\"article\" \/>\n<meta property=\"og:title\" content=\"Hogyan k\u00f6zel\u00edtheti meg a Neuwirt hotelt Mauterndorfban?\" \/>\n<meta property=\"og:description\" content=\"Itt tal\u00e1lja a megk\u00f6zel\u00edt\u00e9si lehet\u0151s\u00e9geket \u00e9s a t\u00e9rk\u00e9pet a Salzburg r\u00e9gi\u00f3ban, Mauterndorfban tal\u00e1lhat\u00f3 Neuwirt hotel\u00fcnkh\u00f6z.\" \/>\n<meta property=\"og:url\" content=\"https:\/\/www.hotelneuwirt.at\/kontakt-service\/anreise-routenplaner\/\" \/>\n<meta property=\"og:site_name\" content=\"Hotel Neuwirt\" \/>\n<meta property=\"article:modified_time\" content=\"2022-08-24T06:59:43+00:00\" \/>\n<meta property=\"og:image\" content=\"https:\/\/www.hotelneuwirt.at\/wp-content\/uploads\/gastgeber-hotel-neuwirt-mauterndorf-2.jpg\" \/>\n\t<meta property=\"og:image:width\" content=\"1920\" \/>\n\t<meta property=\"og:image:height\" content=\"750\" \/>\n\t<meta property=\"og:image:type\" content=\"image\/jpeg\" \/>\n<meta name=\"twitter:card\" content=\"summary_large_image\" \/>\n<meta name=\"twitter:label1\" content=\"Becs\u00fclt olvas\u00e1si id\u0151\" \/>\n\t<meta name=\"twitter:data1\" content=\"2 perc\" \/>\n<script type=\"application\/ld+json\" class=\"yoast-schema-graph\">{\"@context\":\"https:\\\/\\\/schema.org\",\"@graph\":[{\"@type\":\"WebPage\",\"@id\":\"https:\\\/\\\/www.hotelneuwirt.at\\\/kontakt-service\\\/anreise-routenplaner\\\/\",\"url\":\"https:\\\/\\\/www.hotelneuwirt.at\\\/kontakt-service\\\/anreise-routenplaner\\\/\",\"name\":\"Hogyan k\u00f6zel\u00edtheti meg a Neuwirt hotelt Mauterndorfban?\",\"isPartOf\":{\"@id\":\"https:\\\/\\\/www.hotelneuwirt.at\\\/#website\"},\"datePublished\":\"2017-08-30T14:16:46+00:00\",\"dateModified\":\"2022-08-24T06:59:43+00:00\",\"description\":\"Itt tal\u00e1lja a megk\u00f6zel\u00edt\u00e9si lehet\u0151s\u00e9geket \u00e9s a t\u00e9rk\u00e9pet a Salzburg r\u00e9gi\u00f3ban, Mauterndorfban tal\u00e1lhat\u00f3 Neuwirt hotel\u00fcnkh\u00f6z.\",\"breadcrumb\":{\"@id\":\"https:\\\/\\\/www.hotelneuwirt.at\\\/kontakt-service\\\/anreise-routenplaner\\\/#breadcrumb\"},\"inLanguage\":\"hu\",\"potentialAction\":[{\"@type\":\"ReadAction\",\"target\":[\"https:\\\/\\\/www.hotelneuwirt.at\\\/kontakt-service\\\/anreise-routenplaner\\\/\"]}]},{\"@type\":\"BreadcrumbList\",\"@id\":\"https:\\\/\\\/www.hotelneuwirt.at\\\/kontakt-service\\\/anreise-routenplaner\\\/#breadcrumb\",\"itemListElement\":[{\"@type\":\"ListItem\",\"position\":1,\"name\":\"Startseite\",\"item\":\"https:\\\/\\\/www.hotelneuwirt.at\\\/hu\\\/\"},{\"@type\":\"ListItem\",\"position\":2,\"name\":\"El\u00e9rhet\u0151s\u00e9g\",\"item\":\"https:\\\/\\\/www.hotelneuwirt.at\\\/kontakt-service\\\/\"},{\"@type\":\"ListItem\",\"position\":3,\"name\":\"Megk\u00f6zel\u00edt\u00e9s \u00e9s t\u00e9rk\u00e9p\"}]},{\"@type\":\"WebSite\",\"@id\":\"https:\\\/\\\/www.hotelneuwirt.at\\\/#website\",\"url\":\"https:\\\/\\\/www.hotelneuwirt.at\\\/\",\"name\":\"Hotel Neuwirt\",\"description\":\"3 Sterne Hotel in Mauterndorf\",\"potentialAction\":[{\"@type\":\"SearchAction\",\"target\":{\"@type\":\"EntryPoint\",\"urlTemplate\":\"https:\\\/\\\/www.hotelneuwirt.at\\\/?s={search_term_string}\"},\"query-input\":{\"@type\":\"PropertyValueSpecification\",\"valueRequired\":true,\"valueName\":\"search_term_string\"}}],\"inLanguage\":\"hu\"}]}<\/script>\n<!-- \/ Yoast SEO plugin. -->","yoast_head_json":{"title":"Hogyan k\u00f6zel\u00edtheti meg a Neuwirt hotelt Mauterndorfban?","description":"Itt tal\u00e1lja a megk\u00f6zel\u00edt\u00e9si lehet\u0151s\u00e9geket \u00e9s a t\u00e9rk\u00e9pet a Salzburg r\u00e9gi\u00f3ban, Mauterndorfban tal\u00e1lhat\u00f3 Neuwirt hotel\u00fcnkh\u00f6z.","robots":{"index":"index","follow":"follow","max-snippet":"max-snippet:-1","max-image-preview":"max-image-preview:large","max-video-preview":"max-video-preview:-1"},"canonical":"https:\/\/www.hotelneuwirt.at\/kontakt-service\/anreise-routenplaner\/","og_locale":"hu_HU","og_type":"article","og_title":"Hogyan k\u00f6zel\u00edtheti meg a Neuwirt hotelt Mauterndorfban?","og_description":"Itt tal\u00e1lja a megk\u00f6zel\u00edt\u00e9si lehet\u0151s\u00e9geket \u00e9s a t\u00e9rk\u00e9pet a Salzburg r\u00e9gi\u00f3ban, Mauterndorfban tal\u00e1lhat\u00f3 Neuwirt hotel\u00fcnkh\u00f6z.","og_url":"https:\/\/www.hotelneuwirt.at\/kontakt-service\/anreise-routenplaner\/","og_site_name":"Hotel Neuwirt","article_modified_time":"2022-08-24T06:59:43+00:00","og_image":[{"width":1920,"height":750,"url":"https:\/\/www.hotelneuwirt.at\/wp-content\/uploads\/gastgeber-hotel-neuwirt-mauterndorf-2.jpg","type":"image\/jpeg"}],"twitter_card":"summary_large_image","twitter_misc":{"Becs\u00fclt olvas\u00e1si id\u0151":"2 perc"},"schema":{"@context":"https:\/\/schema.org","@graph":[{"@type":"WebPage","@id":"https:\/\/www.hotelneuwirt.at\/kontakt-service\/anreise-routenplaner\/","url":"https:\/\/www.hotelneuwirt.at\/kontakt-service\/anreise-routenplaner\/","name":"Hogyan k\u00f6zel\u00edtheti meg a Neuwirt hotelt Mauterndorfban?","isPartOf":{"@id":"https:\/\/www.hotelneuwirt.at\/#website"},"datePublished":"2017-08-30T14:16:46+00:00","dateModified":"2022-08-24T06:59:43+00:00","description":"Itt tal\u00e1lja a megk\u00f6zel\u00edt\u00e9si lehet\u0151s\u00e9geket \u00e9s a t\u00e9rk\u00e9pet a Salzburg r\u00e9gi\u00f3ban, Mauterndorfban tal\u00e1lhat\u00f3 Neuwirt hotel\u00fcnkh\u00f6z.","breadcrumb":{"@id":"https:\/\/www.hotelneuwirt.at\/kontakt-service\/anreise-routenplaner\/#breadcrumb"},"inLanguage":"hu","potentialAction":[{"@type":"ReadAction","target":["https:\/\/www.hotelneuwirt.at\/kontakt-service\/anreise-routenplaner\/"]}]},{"@type":"BreadcrumbList","@id":"https:\/\/www.hotelneuwirt.at\/kontakt-service\/anreise-routenplaner\/#breadcrumb","itemListElement":[{"@type":"ListItem","position":1,"name":"Startseite","item":"https:\/\/www.hotelneuwirt.at\/hu\/"},{"@type":"ListItem","position":2,"name":"El\u00e9rhet\u0151s\u00e9g","item":"https:\/\/www.hotelneuwirt.at\/kontakt-service\/"},{"@type":"ListItem","position":3,"name":"Megk\u00f6zel\u00edt\u00e9s \u00e9s t\u00e9rk\u00e9p"}]},{"@type":"WebSite","@id":"https:\/\/www.hotelneuwirt.at\/#website","url":"https:\/\/www.hotelneuwirt.at\/","name":"Hotel Neuwirt","description":"3 Sterne Hotel in Mauterndorf","potentialAction":[{"@type":"SearchAction","target":{"@type":"EntryPoint","urlTemplate":"https:\/\/www.hotelneuwirt.at\/?s={search_term_string}"},"query-input":{"@type":"PropertyValueSpecification","valueRequired":true,"valueName":"search_term_string"}}],"inLanguage":"hu"}]}},"_links":{"self":[{"href":"https:\/\/www.hotelneuwirt.at\/hu\/wp-json\/wp\/v2\/pages\/2058","targetHints":{"allow":["GET"]}}],"collection":[{"href":"https:\/\/www.hotelneuwirt.at\/hu\/wp-json\/wp\/v2\/pages"}],"about":[{"href":"https:\/\/www.hotelneuwirt.at\/hu\/wp-json\/wp\/v2\/types\/page"}],"author":[{"embeddable":true,"href":"https:\/\/www.hotelneuwirt.at\/hu\/wp-json\/wp\/v2\/users\/1"}],"replies":[{"embeddable":true,"href":"https:\/\/www.hotelneuwirt.at\/hu\/wp-json\/wp\/v2\/comments?post=2058"}],"version-history":[{"count":0,"href":"https:\/\/www.hotelneuwirt.at\/hu\/wp-json\/wp\/v2\/pages\/2058\/revisions"}],"up":[{"embeddable":true,"href":"https:\/\/www.hotelneuwirt.at\/hu\/wp-json\/wp\/v2\/pages\/2061"}],"wp:attachment":[{"href":"https:\/\/www.hotelneuwirt.at\/hu\/wp-json\/wp\/v2\/media?parent=2058"}],"curies":[{"name":"wp","href":"https:\/\/api.w.org\/{rel}","templated":true}]}}