{"id":2049,"date":"2017-08-30T16:18:04","date_gmt":"2017-08-30T14:18:04","guid":{"rendered":"https:\/\/www.hotelneuwirt.at\/inhaltsverzeichnis\/"},"modified":"2019-02-26T17:22:57","modified_gmt":"2019-02-26T16:22:57","slug":"tartalomjegyzek","status":"publish","type":"page","link":"https:\/\/www.hotelneuwirt.at\/hu\/elerhetoseg\/tartalomjegyzek\/","title":{"rendered":"Tartalomjegyz\u00e9k"},"content":{"rendered":"<div class=\"wpb-content-wrapper\"><p>[vc_row][vc_column][vc_column_text]<\/p>\n<h1>Tartalomjegyz\u00e9k<\/h1>\n<p>[\/vc_column_text][\/vc_column][\/vc_row][vc_row][vc_column][vc_column_text]<ul><li><a href=\"https:\/\/www.hotelneuwirt.at\/hu\/uedvoezlo-video-a-neuwirt-hoteltol\/\">\u00dcdv\u00f6zl\u0151 vide\u00f3 a Neuwirt Hotelt\u0151l<\/a><\/li>\n<li><a href=\"https:\/\/www.hotelneuwirt.at\/hu\/covid-19-tajekoztato\/\">COVID-19 t\u00e1j\u00e9koztat\u00f3<\/a><\/li>\n<li><a href=\"https:\/\/www.hotelneuwirt.at\/hu\/kepgaleria\/\">K\u00e9pgal\u00e9ria<\/a><\/li>\n<li><a href=\"https:\/\/www.hotelneuwirt.at\/hu\/szobak-mauterndorf\/\">Szob\u00e1k &#038; \u00c1rak<\/a>\n<ul class='children'>\n\t<li><a href=\"https:\/\/www.hotelneuwirt.at\/hu\/szobak-mauterndorf\/franciaagyas-fanningberg\/\">&#8220;Fanningberg&#8221; Francia\u00e1gyas szoba<\/a><\/li>\n\t<li><a href=\"https:\/\/www.hotelneuwirt.at\/hu\/szobak-mauterndorf\/grosseck-franciaagyas-szoba\/\">&#8220;Gro\u00dfeck&#8221; Francia\u00e1gyas szoba<\/a><\/li>\n\t<li><a href=\"https:\/\/www.hotelneuwirt.at\/hu\/szobak-mauterndorf\/franciaagyas-szoba-mitterberg\/\">&#8220;Mitterberg&#8221; Francia\u00e1gyas szoba<\/a><\/li>\n\t<li><a href=\"https:\/\/www.hotelneuwirt.at\/hu\/szobak-mauterndorf\/moserkopf-egyagyas\/\">&#8220;Moserkopf&#8221; Egy\u00e1gyas szoba<\/a><\/li>\n\t<li><a href=\"https:\/\/www.hotelneuwirt.at\/hu\/szobak-mauterndorf\/preber-ketagyas-szoba\/\">&#8220;Preber&#8221; K\u00e9t\u00e1gyas szoba<\/a><\/li>\n\t<li><a href=\"https:\/\/www.hotelneuwirt.at\/hu\/szobak-mauterndorf\/speiereck-franciaagyas-szoba\/\">&#8220;Speiereck&#8221; francia\u00e1gyas szoba<\/a><\/li>\n\t<li><a href=\"https:\/\/www.hotelneuwirt.at\/hu\/szobak-mauterndorf\/2-csaladi-szoba-oesszekoeto-ajtoval\/\">2 csal\u00e1di szoba \u00f6sszek\u00f6t\u0151 ajt\u00f3val<\/a><\/li>\n\t<li><a href=\"https:\/\/www.hotelneuwirt.at\/hu\/szobak-mauterndorf\/franciaagyas-es-ketagyas-csaladi-szoba-oesszekoeto-ajtoval\/\">Egy francia\u00e1gyas \u00e9s egy k\u00e9t\u00e1gyas csal\u00e1di szoba \u00f6sszek\u00f6t\u0151 ajt\u00f3val<\/a><\/li>\n<\/ul>\n<\/li>\n<li><a href=\"https:\/\/www.hotelneuwirt.at\/hu\/szalloda-mauterndorf\/\">A hotel<\/a>\n<ul class='children'>\n\t<li><a href=\"https:\/\/www.hotelneuwirt.at\/hu\/szalloda-mauterndorf\/ajanlat-keres\/\">Aj\u00e1nlat k\u00e9r\u00e9s<\/a><\/li>\n\t<li><a href=\"https:\/\/www.hotelneuwirt.at\/hu\/szalloda-mauterndorf\/oenoek-vendeglatoi\/\">Az \u00d6n\u00f6k vend\u00e9gl\u00e1t\u00f3i<\/a><\/li>\n\t<li><a href=\"https:\/\/www.hotelneuwirt.at\/hu\/szalloda-mauterndorf\/azonnali-foglalas\/\">Azonnali foglal\u00e1s<\/a><\/li>\n\t<li><a href=\"https:\/\/www.hotelneuwirt.at\/hu\/szalloda-mauterndorf\/foglalasi-informaciok\/\">Foglal\u00e1si inform\u00e1ci\u00f3k<\/a><\/li>\n\t<li><a href=\"https:\/\/www.hotelneuwirt.at\/hu\/szalloda-mauterndorf\/ertekeles\/\">Sz\u00e1llod\u00e1nk \u00e9rt\u00e9kel\u00e9se<\/a><\/li>\n\t<li><a href=\"https:\/\/www.hotelneuwirt.at\/hu\/szalloda-mauterndorf\/szolgaltatasaink\/\">Szolg\u00e1ltat\u00e1saink<\/a><\/li>\n\t<li><a href=\"https:\/\/www.hotelneuwirt.at\/hu\/szalloda-mauterndorf\/wellness\/\">Wellness sziget<\/a><\/li>\n<\/ul>\n<\/li>\n<li><a href=\"https:\/\/www.hotelneuwirt.at\/hu\/akciok\/\">Akci\u00f3k<\/a><\/li>\n<li><a href=\"https:\/\/www.hotelneuwirt.at\/hu\/elerhetoseg\/\">El\u00e9rhet\u0151s\u00e9g<\/a>\n<ul class='children'>\n\t<li><a href=\"https:\/\/www.hotelneuwirt.at\/hu\/elerhetoseg\/ajanlat-keres\/\">Aj\u00e1nlat k\u00e9r\u00e9s<\/a><\/li>\n\t<li><a href=\"https:\/\/www.hotelneuwirt.at\/hu\/elerhetoseg\/szabadsag-azonnali-foglalas\/\">Azonnali foglal\u00e1s<\/a><\/li>\n\t<li><a href=\"https:\/\/www.hotelneuwirt.at\/hu\/elerhetoseg\/hirlevel\/\">H\u00edrlev\u00e9l<\/a><\/li>\n\t<li><a href=\"https:\/\/www.hotelneuwirt.at\/hu\/elerhetoseg\/impresszum\/\">Impresszum<\/a><\/li>\n\t<li><a href=\"https:\/\/www.hotelneuwirt.at\/hu\/elerhetoseg\/megkoezelites-terkep\/\">Megk\u00f6zel\u00edt\u00e9s \u00e9s t\u00e9rk\u00e9p<\/a><\/li>\n\t<li><a href=\"https:\/\/www.hotelneuwirt.at\/hu\/elerhetoseg\/tartalomjegyzek\/\">Tartalomjegyz\u00e9k<\/a><\/li>\n<\/ul>\n<\/li>\n<li><a href=\"https:\/\/www.hotelneuwirt.at\/hu\/\">F\u0151oldal<\/a><\/li>\n<li><a href=\"https:\/\/www.hotelneuwirt.at\/hu\/etterem-neuwirt\/\">Hotelvend\u00e9geink rendelkez\u00e9s\u00e9re \u00e1ll\u00f3 \u00e9tterm\u00fcnk<\/a><\/li>\n<li><a href=\"https:\/\/www.hotelneuwirt.at\/hu\/pihenes-lungau\/\">R\u00e9gi\u00f3 \u00e9s programok<\/a>\n<ul class='children'>\n\t<li><a href=\"https:\/\/www.hotelneuwirt.at\/hu\/pihenes-lungau\/uticelok-salzburgi-regio\/\">Kir\u00e1ndul\u00f3 \u00fatic\u00e9lok<\/a><\/li>\n\t<li><a href=\"https:\/\/www.hotelneuwirt.at\/hu\/pihenes-lungau\/lungau-kartya\/\">Lungau k\u00e1rtya<\/a><\/li>\n\t<li><a href=\"https:\/\/www.hotelneuwirt.at\/hu\/pihenes-lungau\/nyar-mauterndorf\/\">Ny\u00e1r<\/a><\/li>\n\t<li><a href=\"https:\/\/www.hotelneuwirt.at\/hu\/pihenes-lungau\/siszuenet-mauterndorf\/\">T\u00e9l \u00e9s s\u00edel\u00e9s<\/a><\/li>\n<\/ul>\n<\/li>\n<\/ul>[\/vc_column_text][\/vc_column][\/vc_row]<\/p>\n<\/div>","protected":false},"excerpt":{"rendered":"<p>[vc_row][vc_column][vc_column_text] Tartalomjegyz\u00e9k [\/vc_column_text][\/vc_column][\/vc_row][vc_row][vc_column][vc_column_text][\/vc_column_text][\/vc_column][\/vc_row]<\/p>\n\n<p><a class=\"readmore btn btn-default btn-default btn-block\" href=\"https:\/\/www.hotelneuwirt.at\/hu\/elerhetoseg\/tartalomjegyzek\/\">Read More<\/a><\/p>","protected":false},"author":1,"featured_media":0,"parent":2061,"menu_order":0,"comment_status":"closed","ping_status":"closed","template":"","meta":{"_acf_changed":false,"rs_blank_template":"","rs_page_bg_color":"","slide_template_v7":"","footnotes":""},"class_list":["post-2049","page","type-page","status-publish","hentry"],"acf":[],"yoast_head":"<!-- This site is optimized with the Yoast SEO plugin v27.4 - https:\/\/yoast.com\/product\/yoast-seo-wordpress\/ -->\n<title>Tartalomjegyz\u00e9k - Hotel Neuwirt<\/title>\n<meta name=\"robots\" content=\"index, follow, max-snippet:-1, max-image-preview:large, max-video-preview:-1\" \/>\n<link rel=\"canonical\" href=\"https:\/\/www.hotelneuwirt.at\/hu\/elerhetoseg\/tartalomjegyzek\/\" \/>\n<meta property=\"og:locale\" content=\"hu_HU\" \/>\n<meta property=\"og:type\" content=\"article\" \/>\n<meta property=\"og:title\" content=\"Tartalomjegyz\u00e9k - Hotel Neuwirt\" \/>\n<meta property=\"og:description\" content=\"[vc_row][vc_column][vc_column_text] Tartalomjegyz\u00e9k [\/vc_column_text][\/vc_column][\/vc_row][vc_row][vc_column][vc_column_text][\/vc_column_text][\/vc_column][\/vc_row]\" \/>\n<meta property=\"og:url\" content=\"https:\/\/www.hotelneuwirt.at\/hu\/elerhetoseg\/tartalomjegyzek\/\" \/>\n<meta property=\"og:site_name\" content=\"Hotel Neuwirt\" \/>\n<meta property=\"article:modified_time\" content=\"2019-02-26T16:22:57+00:00\" \/>\n<meta name=\"twitter:card\" content=\"summary_large_image\" \/>\n<script type=\"application\/ld+json\" class=\"yoast-schema-graph\">{\"@context\":\"https:\\\/\\\/schema.org\",\"@graph\":[{\"@type\":\"WebPage\",\"@id\":\"https:\\\/\\\/www.hotelneuwirt.at\\\/hu\\\/elerhetoseg\\\/tartalomjegyzek\\\/\",\"url\":\"https:\\\/\\\/www.hotelneuwirt.at\\\/hu\\\/elerhetoseg\\\/tartalomjegyzek\\\/\",\"name\":\"Tartalomjegyz\u00e9k - Hotel Neuwirt\",\"isPartOf\":{\"@id\":\"https:\\\/\\\/www.hotelneuwirt.at\\\/#website\"},\"datePublished\":\"2017-08-30T14:18:04+00:00\",\"dateModified\":\"2019-02-26T16:22:57+00:00\",\"breadcrumb\":{\"@id\":\"https:\\\/\\\/www.hotelneuwirt.at\\\/hu\\\/elerhetoseg\\\/tartalomjegyzek\\\/#breadcrumb\"},\"inLanguage\":\"hu\",\"potentialAction\":[{\"@type\":\"ReadAction\",\"target\":[\"https:\\\/\\\/www.hotelneuwirt.at\\\/hu\\\/elerhetoseg\\\/tartalomjegyzek\\\/\"]}]},{\"@type\":\"BreadcrumbList\",\"@id\":\"https:\\\/\\\/www.hotelneuwirt.at\\\/hu\\\/elerhetoseg\\\/tartalomjegyzek\\\/#breadcrumb\",\"itemListElement\":[{\"@type\":\"ListItem\",\"position\":1,\"name\":\"Startseite\",\"item\":\"https:\\\/\\\/www.hotelneuwirt.at\\\/hu\\\/\"},{\"@type\":\"ListItem\",\"position\":2,\"name\":\"El\u00e9rhet\u0151s\u00e9g\",\"item\":\"https:\\\/\\\/www.hotelneuwirt.at\\\/kontakt-service\\\/\"},{\"@type\":\"ListItem\",\"position\":3,\"name\":\"Tartalomjegyz\u00e9k\"}]},{\"@type\":\"WebSite\",\"@id\":\"https:\\\/\\\/www.hotelneuwirt.at\\\/#website\",\"url\":\"https:\\\/\\\/www.hotelneuwirt.at\\\/\",\"name\":\"Hotel Neuwirt\",\"description\":\"3 Sterne Hotel in Mauterndorf\",\"potentialAction\":[{\"@type\":\"SearchAction\",\"target\":{\"@type\":\"EntryPoint\",\"urlTemplate\":\"https:\\\/\\\/www.hotelneuwirt.at\\\/?s={search_term_string}\"},\"query-input\":{\"@type\":\"PropertyValueSpecification\",\"valueRequired\":true,\"valueName\":\"search_term_string\"}}],\"inLanguage\":\"hu\"}]}<\/script>\n<!-- \/ Yoast SEO plugin. -->","yoast_head_json":{"title":"Tartalomjegyz\u00e9k - Hotel Neuwirt","robots":{"index":"index","follow":"follow","max-snippet":"max-snippet:-1","max-image-preview":"max-image-preview:large","max-video-preview":"max-video-preview:-1"},"canonical":"https:\/\/www.hotelneuwirt.at\/hu\/elerhetoseg\/tartalomjegyzek\/","og_locale":"hu_HU","og_type":"article","og_title":"Tartalomjegyz\u00e9k - Hotel Neuwirt","og_description":"[vc_row][vc_column][vc_column_text] Tartalomjegyz\u00e9k [\/vc_column_text][\/vc_column][\/vc_row][vc_row][vc_column][vc_column_text][\/vc_column_text][\/vc_column][\/vc_row]","og_url":"https:\/\/www.hotelneuwirt.at\/hu\/elerhetoseg\/tartalomjegyzek\/","og_site_name":"Hotel Neuwirt","article_modified_time":"2019-02-26T16:22:57+00:00","twitter_card":"summary_large_image","schema":{"@context":"https:\/\/schema.org","@graph":[{"@type":"WebPage","@id":"https:\/\/www.hotelneuwirt.at\/hu\/elerhetoseg\/tartalomjegyzek\/","url":"https:\/\/www.hotelneuwirt.at\/hu\/elerhetoseg\/tartalomjegyzek\/","name":"Tartalomjegyz\u00e9k - Hotel Neuwirt","isPartOf":{"@id":"https:\/\/www.hotelneuwirt.at\/#website"},"datePublished":"2017-08-30T14:18:04+00:00","dateModified":"2019-02-26T16:22:57+00:00","breadcrumb":{"@id":"https:\/\/www.hotelneuwirt.at\/hu\/elerhetoseg\/tartalomjegyzek\/#breadcrumb"},"inLanguage":"hu","potentialAction":[{"@type":"ReadAction","target":["https:\/\/www.hotelneuwirt.at\/hu\/elerhetoseg\/tartalomjegyzek\/"]}]},{"@type":"BreadcrumbList","@id":"https:\/\/www.hotelneuwirt.at\/hu\/elerhetoseg\/tartalomjegyzek\/#breadcrumb","itemListElement":[{"@type":"ListItem","position":1,"name":"Startseite","item":"https:\/\/www.hotelneuwirt.at\/hu\/"},{"@type":"ListItem","position":2,"name":"El\u00e9rhet\u0151s\u00e9g","item":"https:\/\/www.hotelneuwirt.at\/kontakt-service\/"},{"@type":"ListItem","position":3,"name":"Tartalomjegyz\u00e9k"}]},{"@type":"WebSite","@id":"https:\/\/www.hotelneuwirt.at\/#website","url":"https:\/\/www.hotelneuwirt.at\/","name":"Hotel Neuwirt","description":"3 Sterne Hotel in Mauterndorf","potentialAction":[{"@type":"SearchAction","target":{"@type":"EntryPoint","urlTemplate":"https:\/\/www.hotelneuwirt.at\/?s={search_term_string}"},"query-input":{"@type":"PropertyValueSpecification","valueRequired":true,"valueName":"search_term_string"}}],"inLanguage":"hu"}]}},"_links":{"self":[{"href":"https:\/\/www.hotelneuwirt.at\/hu\/wp-json\/wp\/v2\/pages\/2049","targetHints":{"allow":["GET"]}}],"collection":[{"href":"https:\/\/www.hotelneuwirt.at\/hu\/wp-json\/wp\/v2\/pages"}],"about":[{"href":"https:\/\/www.hotelneuwirt.at\/hu\/wp-json\/wp\/v2\/types\/page"}],"author":[{"embeddable":true,"href":"https:\/\/www.hotelneuwirt.at\/hu\/wp-json\/wp\/v2\/users\/1"}],"replies":[{"embeddable":true,"href":"https:\/\/www.hotelneuwirt.at\/hu\/wp-json\/wp\/v2\/comments?post=2049"}],"version-history":[{"count":0,"href":"https:\/\/www.hotelneuwirt.at\/hu\/wp-json\/wp\/v2\/pages\/2049\/revisions"}],"up":[{"embeddable":true,"href":"https:\/\/www.hotelneuwirt.at\/hu\/wp-json\/wp\/v2\/pages\/2061"}],"wp:attachment":[{"href":"https:\/\/www.hotelneuwirt.at\/hu\/wp-json\/wp\/v2\/media?parent=2049"}],"curies":[{"name":"wp","href":"https:\/\/api.w.org\/{rel}","templated":true}]}}