{"id":1235,"date":"2017-08-30T16:16:11","date_gmt":"2017-08-30T14:16:11","guid":{"rendered":"http:\/\/hotelneuwirt.at.w0174791.kasserver.com\/restaurant-mauterndorf\/"},"modified":"2017-11-06T18:44:22","modified_gmt":"2017-11-06T17:44:22","slug":"restaurant-mauterndorf","status":"publish","type":"page","link":"https:\/\/www.hotelneuwirt.at\/en\/restaurant-mauterndorf\/","title":{"rendered":"\u00c0 la carte Restaurant"},"content":{"rendered":"<div class=\"wpb-content-wrapper\"><p>[vc_row][vc_column][vc_column_text]<\/p>\n<h2>The &#8220;fermate&#8221; at the Hotel Neuwirt<\/h2>\n<h1>Your restaurant in Mauterndorf<\/h1>\n<p>[\/vc_column_text][vc_separator][\/vc_column][\/vc_row][vc_row][vc_column][vc_column_text]<\/p>\n<p style=\"text-align: center;\">Here in our <strong>\u00e0 la carte restaurant<\/strong> in the heart of <strong>Mauterndorf im Lungau<\/strong>, near Obertauern, we&#8217;d like to strike a new path in dining. <strong>Pleasurable, innovative and fresh cuisine, <\/strong>offering just the right thing for everyone, that&#8217;s our aim here at the<b> <\/b>&#8220;fermate&#8221;. In addition to good food and drink, our restaurant offers a relaxing dining experience \u2013 hence the name &#8220;fermate&#8221; (in Italian fermare: pause). The &#8220;Fermate&#8221; in music is a pause sign in the form of a dot with an arch above it, which set over a note indicates the note should be prolonged.<\/p>\n<p style=\"text-align: center;\"><img decoding=\"async\" class=\"aligncenter wp-image-1639 size-full\" src=\"https:\/\/www.hotelneuwirt.at\/wp-content\/uploads\/logo-fermate-mauterndorf-lungau1.jpg\" alt=\"restaurant fermate in mauterndorf next to Obertauern\" width=\"500\" height=\"280\" srcset=\"https:\/\/www.hotelneuwirt.at\/wp-content\/uploads\/logo-fermate-mauterndorf-lungau1.jpg 500w, https:\/\/www.hotelneuwirt.at\/wp-content\/uploads\/logo-fermate-mauterndorf-lungau1-250x140.jpg 250w\" sizes=\"(max-width: 500px) 100vw, 500px\" \/><\/p>\n<p style=\"text-align: center;\">Enjoy being pampered in our <strong>restaurant in Mauterndorf<\/strong> by Obertauern with <strong>local and international delicacies<\/strong>.<\/p>\n<p>[\/vc_column_text][\/vc_column][\/vc_row][vc_row el_class=&#8221;rahmen&#8221;][vc_column][vc_column_text]<\/p>\n<h3>Fine joys of the palate<\/h3>\n<h4>for gourmets<\/h4>\n<p>[\/vc_column_text][vc_row_inner][vc_column_inner width=&#8221;1\/2&#8243;][vc_column_text css=&#8221;.vc_custom_1509087692643{margin-bottom: 0px !important;}&#8221;]<\/p>\n<ul>\n<li>Marinated beef carpaccio<\/li>\n<li>Home-made cream cheese rolled in bacon on a colourful salad with pumpkin seed oil vinaigrette<\/li>\n<li>Guineafowl supreme on a lemon-rosemary cream sauce<\/li>\n<li>Filet of sole coated in parmesan-peanut batter<\/li>\n<li>Viennese schnitzel made of veal<\/li>\n<\/ul>\n<p>[\/vc_column_text][\/vc_column_inner][vc_column_inner width=&#8221;1\/2&#8243;][vc_column_text]<\/p>\n<ul>\n<li>Grill platter &#8220;fermate&#8221;<\/li>\n<li>Sirloin steak in a pepper-sardine crust<\/li>\n<li>&#8220;fermate&#8221; mixed desserts<\/li>\n<li>Cr\u00e8me br\u00fbl\u00e9e<\/li>\n<li>\u2026 and lots of other delicacies<\/li>\n<\/ul>\n<p>[\/vc_column_text][\/vc_column_inner][\/vc_row_inner][\/vc_column][\/vc_row][vc_row][vc_column]<div id=\"ult-carousel-302202327069d5046f51c2c\" class=\"ult-carousel-wrapper   ult_horizontal\" data-gutter=\"15\" data-rtl=\"false\" ><div class=\"ult-carousel-244235943669d5046f51a70 \" >[vc_single_image image=&#8221;1631&#8243; img_size=&#8221;medium&#8221; onclick=&#8221;link_image&#8221;][vc_single_image image=&#8221;476&#8243; img_size=&#8221;medium&#8221; onclick=&#8221;link_image&#8221;][vc_single_image image=&#8221;478&#8243; img_size=&#8221;medium&#8221; onclick=&#8221;link_image&#8221;][vc_single_image image=&#8221;477&#8243; img_size=&#8221;medium&#8221; onclick=&#8221;link_image&#8221;][vc_single_image image=&#8221;344&#8243; img_size=&#8221;medium&#8221; onclick=&#8221;link_image&#8221;][vc_single_image image=&#8221;345&#8243; img_size=&#8221;medium&#8221; onclick=&#8221;link_image&#8221;][vc_single_image image=&#8221;429&#8243; img_size=&#8221;medium&#8221; onclick=&#8221;link_image&#8221;]<\/div><\/div>\t\t\t<script type=\"text\/javascript\">\n\t\t\t\tjQuery(document).ready(function ($) {\n\t\t\t\t\tif( typeof jQuery('.ult-carousel-244235943669d5046f51a70').slick == \"function\"){\n\t\t\t\t\t\t$('.ult-carousel-244235943669d5046f51a70').slick({dots: true,autoplaySpeed: \"5000\",speed: \"300\",infinite: false,arrows: true,nextArrow: '<button type=\"button\" role=\"button\" aria-label=\"Next\" style=\"color:#333333; font-size:65px;\" class=\"slick-next default\"><i class=\"ultsl-arrow-right6\"><\/i><\/button>',prevArrow: '<button type=\"button\" role=\"button\" aria-label=\"Previous\" style=\"color:#333333; font-size:65px;\" class=\"slick-prev default\"><i class=\"ultsl-arrow-left6\"><\/i><\/button>',slidesToScroll:2,slidesToShow:2,swipe: true,draggable: true,touchMove: true,pauseOnHover: true,pauseOnFocus: false,responsive: [\n\t\t\t\t\t\t\t{\n\t\t\t\t\t\t\t  breakpoint: 1026,\n\t\t\t\t\t\t\t  settings: {\n\t\t\t\t\t\t\t\tslidesToShow: 2,\n\t\t\t\t\t\t\t\tslidesToScroll: 2,  \n\t\t\t\t\t\t\t  }\n\t\t\t\t\t\t\t},\n\t\t\t\t\t\t\t{\n\t\t\t\t\t\t\t  breakpoint: 1025,\n\t\t\t\t\t\t\t  settings: {\n\t\t\t\t\t\t\t\tslidesToShow: 2,\n\t\t\t\t\t\t\t\tslidesToScroll: 2\n\t\t\t\t\t\t\t  }\n\t\t\t\t\t\t\t},\n\t\t\t\t\t\t\t{\n\t\t\t\t\t\t\t  breakpoint: 760,\n\t\t\t\t\t\t\t  settings: {\n\t\t\t\t\t\t\t\tslidesToShow: 1,\n\t\t\t\t\t\t\t\tslidesToScroll: 1\n\t\t\t\t\t\t\t  }\n\t\t\t\t\t\t\t}\n\t\t\t\t\t\t],pauseOnDotsHover: true,customPaging: function(slider, i) {\n                   return '<i type=\"button\" style= \"color:#333333;\" class=\"ultsl-record\" data-role=\"none\"><\/i>';\n                },});\n\t\t\t\t\t}\n\t\t\t\t});\n\t\t\t<\/script>\n\t\t\t[\/vc_column][\/vc_row][vc_row][vc_column][vc_column_text]<\/p>\n<h3>Celebrations &amp; parties for up to 90 persons<\/h3>\n<p>[\/vc_column_text][vc_column_text]Birthday celebrations, private parties, firm functions&#8230; our guest dining areas offer the perfect venue and size for any occasion. Our dining hall, seating around 90 persons is available for larger events and celebrations. Meduim-sized and smaller events can be catered for in our<strong> restaurant<\/strong> <b>with seating for around 35 persons. <\/b>We&#8217;re happy<b> <\/b>to accommodate your <strong>culinary requirements<\/strong> and compliment special occasions with perfect <strong>table decorations.  <\/strong>[\/vc_column_text][\/vc_column][\/vc_row][vc_row][vc_column width=&#8221;1\/3&#8243;][vc_column_text]<span class=\"button-block\"><a href=\"https:\/\/www.hotelneuwirt.at\/en\/contact-service\/\">Contact details<\/a><\/span>[\/vc_column_text][\/vc_column][vc_column width=&#8221;1\/3&#8243;][vc_column_text]<span class=\"button-block\"><a href=\"https:\/\/www.hotelneuwirt.at\/en\/rooms-mauterndorf\/\">Room overview<\/a><\/span>[\/vc_column_text][\/vc_column][vc_column width=&#8221;1\/3&#8243;][vc_column_text]<span class=\"button-block\"><a href=\"https:\/\/www.hotelneuwirt.at\/en\/hotel-mauterndorf\/inclusives\/\">Inclusives<\/a><\/span>[\/vc_column_text][\/vc_column][\/vc_row]<\/p>\n<\/div>","protected":false},"excerpt":{"rendered":"<p>[vc_row][vc_column][vc_column_text] The &#8220;fermate&#8221; at the Hotel Neuwirt Your restaurant in Mauterndorf [\/vc_column_text][vc_separator][\/vc_column][\/vc_row][vc_row][vc_column][vc_column_text] Here in our \u00e0 la carte restaurant in the heart of Mauterndorf im Lungau, near Obertauern, we&#8217;d like to strike a new path in dining. Pleasurable, innovative and fresh cuisine, offering just the right thing for everyone, that&#8217;s our aim here at the &hellip;<\/p>\n\n<p><a class=\"readmore btn btn-default btn-default btn-block\" href=\"https:\/\/www.hotelneuwirt.at\/en\/restaurant-mauterndorf\/\">Read More<\/a><\/p>","protected":false},"author":1,"featured_media":3920,"parent":0,"menu_order":8,"comment_status":"closed","ping_status":"closed","template":"","meta":{"_acf_changed":false,"rs_blank_template":"","rs_page_bg_color":"","slide_template_v7":"","footnotes":""},"class_list":["post-1235","page","type-page","status-publish","has-post-thumbnail","hentry"],"acf":[],"yoast_head":"<!-- This site is optimized with the Yoast SEO plugin v27.3 - https:\/\/yoast.com\/product\/yoast-seo-wordpress\/ -->\n<title>\u00c0 la carte restaurant in Mauterndorf - Salzburger Lungau<\/title>\n<meta name=\"description\" content=\"You&#039;ll find pleasurable, innovative, fresh cuisine &amp; a relaxing dining atmosphere in our restaurant in Mauterndorf, private parties for up to 90 persons\" \/>\n<meta name=\"robots\" content=\"index, follow, max-snippet:-1, max-image-preview:large, max-video-preview:-1\" \/>\n<link rel=\"canonical\" href=\"https:\/\/www.hotelneuwirt.at\/speisesaal-neuwirt\/\" \/>\n<meta property=\"og:locale\" content=\"en_US\" \/>\n<meta property=\"og:type\" content=\"article\" \/>\n<meta property=\"og:title\" content=\"\u00c0 la carte restaurant in Mauterndorf - Salzburger Lungau\" \/>\n<meta property=\"og:description\" content=\"You&#039;ll find pleasurable, innovative, fresh cuisine &amp; a relaxing dining atmosphere in our restaurant in Mauterndorf, private parties for up to 90 persons\" \/>\n<meta property=\"og:url\" content=\"https:\/\/www.hotelneuwirt.at\/speisesaal-neuwirt\/\" \/>\n<meta property=\"og:site_name\" content=\"Hotel Neuwirt\" \/>\n<meta property=\"article:modified_time\" content=\"2017-11-06T17:44:22+00:00\" \/>\n<meta property=\"og:image\" content=\"https:\/\/www.hotelneuwirt.at\/wp-content\/uploads\/logo-fermate-mauterndorf-lungau1.jpg\" \/>\n<meta name=\"twitter:card\" content=\"summary_large_image\" \/>\n<meta name=\"twitter:label1\" content=\"Est. reading time\" \/>\n\t<meta name=\"twitter:data1\" content=\"3 minutes\" \/>\n<script type=\"application\/ld+json\" class=\"yoast-schema-graph\">{\"@context\":\"https:\\\/\\\/schema.org\",\"@graph\":[{\"@type\":\"WebPage\",\"@id\":\"https:\\\/\\\/www.hotelneuwirt.at\\\/speisesaal-neuwirt\\\/\",\"url\":\"https:\\\/\\\/www.hotelneuwirt.at\\\/speisesaal-neuwirt\\\/\",\"name\":\"\u00c0 la carte restaurant in Mauterndorf - Salzburger Lungau\",\"isPartOf\":{\"@id\":\"https:\\\/\\\/www.hotelneuwirt.at\\\/#website\"},\"primaryImageOfPage\":{\"@id\":\"https:\\\/\\\/www.hotelneuwirt.at\\\/speisesaal-neuwirt\\\/#primaryimage\"},\"image\":{\"@id\":\"https:\\\/\\\/www.hotelneuwirt.at\\\/speisesaal-neuwirt\\\/#primaryimage\"},\"thumbnailUrl\":\"https:\\\/\\\/www.hotelneuwirt.at\\\/wp-content\\\/uploads\\\/20240621_090737-scaled.jpg\",\"datePublished\":\"2017-08-30T14:16:11+00:00\",\"dateModified\":\"2017-11-06T17:44:22+00:00\",\"description\":\"You'll find pleasurable, innovative, fresh cuisine & a relaxing dining atmosphere in our restaurant in Mauterndorf, private parties for up to 90 persons\",\"breadcrumb\":{\"@id\":\"https:\\\/\\\/www.hotelneuwirt.at\\\/speisesaal-neuwirt\\\/#breadcrumb\"},\"inLanguage\":\"en-US\",\"potentialAction\":[{\"@type\":\"ReadAction\",\"target\":[\"https:\\\/\\\/www.hotelneuwirt.at\\\/speisesaal-neuwirt\\\/\"]}]},{\"@type\":\"ImageObject\",\"inLanguage\":\"en-US\",\"@id\":\"https:\\\/\\\/www.hotelneuwirt.at\\\/speisesaal-neuwirt\\\/#primaryimage\",\"url\":\"https:\\\/\\\/www.hotelneuwirt.at\\\/wp-content\\\/uploads\\\/20240621_090737-scaled.jpg\",\"contentUrl\":\"https:\\\/\\\/www.hotelneuwirt.at\\\/wp-content\\\/uploads\\\/20240621_090737-scaled.jpg\",\"width\":1920,\"height\":2560},{\"@type\":\"BreadcrumbList\",\"@id\":\"https:\\\/\\\/www.hotelneuwirt.at\\\/speisesaal-neuwirt\\\/#breadcrumb\",\"itemListElement\":[{\"@type\":\"ListItem\",\"position\":1,\"name\":\"Startseite\",\"item\":\"https:\\\/\\\/www.hotelneuwirt.at\\\/en\\\/\"},{\"@type\":\"ListItem\",\"position\":2,\"name\":\"\u00c0 la carte Restaurant\"}]},{\"@type\":\"WebSite\",\"@id\":\"https:\\\/\\\/www.hotelneuwirt.at\\\/#website\",\"url\":\"https:\\\/\\\/www.hotelneuwirt.at\\\/\",\"name\":\"Hotel Neuwirt\",\"description\":\"3 Sterne Hotel in Mauterndorf\",\"potentialAction\":[{\"@type\":\"SearchAction\",\"target\":{\"@type\":\"EntryPoint\",\"urlTemplate\":\"https:\\\/\\\/www.hotelneuwirt.at\\\/?s={search_term_string}\"},\"query-input\":{\"@type\":\"PropertyValueSpecification\",\"valueRequired\":true,\"valueName\":\"search_term_string\"}}],\"inLanguage\":\"en-US\"}]}<\/script>\n<!-- \/ Yoast SEO plugin. -->","yoast_head_json":{"title":"\u00c0 la carte restaurant in Mauterndorf - Salzburger Lungau","description":"You'll find pleasurable, innovative, fresh cuisine & a relaxing dining atmosphere in our restaurant in Mauterndorf, private parties for up to 90 persons","robots":{"index":"index","follow":"follow","max-snippet":"max-snippet:-1","max-image-preview":"max-image-preview:large","max-video-preview":"max-video-preview:-1"},"canonical":"https:\/\/www.hotelneuwirt.at\/speisesaal-neuwirt\/","og_locale":"en_US","og_type":"article","og_title":"\u00c0 la carte restaurant in Mauterndorf - Salzburger Lungau","og_description":"You'll find pleasurable, innovative, fresh cuisine & a relaxing dining atmosphere in our restaurant in Mauterndorf, private parties for up to 90 persons","og_url":"https:\/\/www.hotelneuwirt.at\/speisesaal-neuwirt\/","og_site_name":"Hotel Neuwirt","article_modified_time":"2017-11-06T17:44:22+00:00","og_image":[{"url":"https:\/\/www.hotelneuwirt.at\/wp-content\/uploads\/logo-fermate-mauterndorf-lungau1.jpg","type":"","width":"","height":""}],"twitter_card":"summary_large_image","twitter_misc":{"Est. reading time":"3 minutes"},"schema":{"@context":"https:\/\/schema.org","@graph":[{"@type":"WebPage","@id":"https:\/\/www.hotelneuwirt.at\/speisesaal-neuwirt\/","url":"https:\/\/www.hotelneuwirt.at\/speisesaal-neuwirt\/","name":"\u00c0 la carte restaurant in Mauterndorf - Salzburger Lungau","isPartOf":{"@id":"https:\/\/www.hotelneuwirt.at\/#website"},"primaryImageOfPage":{"@id":"https:\/\/www.hotelneuwirt.at\/speisesaal-neuwirt\/#primaryimage"},"image":{"@id":"https:\/\/www.hotelneuwirt.at\/speisesaal-neuwirt\/#primaryimage"},"thumbnailUrl":"https:\/\/www.hotelneuwirt.at\/wp-content\/uploads\/20240621_090737-scaled.jpg","datePublished":"2017-08-30T14:16:11+00:00","dateModified":"2017-11-06T17:44:22+00:00","description":"You'll find pleasurable, innovative, fresh cuisine & a relaxing dining atmosphere in our restaurant in Mauterndorf, private parties for up to 90 persons","breadcrumb":{"@id":"https:\/\/www.hotelneuwirt.at\/speisesaal-neuwirt\/#breadcrumb"},"inLanguage":"en-US","potentialAction":[{"@type":"ReadAction","target":["https:\/\/www.hotelneuwirt.at\/speisesaal-neuwirt\/"]}]},{"@type":"ImageObject","inLanguage":"en-US","@id":"https:\/\/www.hotelneuwirt.at\/speisesaal-neuwirt\/#primaryimage","url":"https:\/\/www.hotelneuwirt.at\/wp-content\/uploads\/20240621_090737-scaled.jpg","contentUrl":"https:\/\/www.hotelneuwirt.at\/wp-content\/uploads\/20240621_090737-scaled.jpg","width":1920,"height":2560},{"@type":"BreadcrumbList","@id":"https:\/\/www.hotelneuwirt.at\/speisesaal-neuwirt\/#breadcrumb","itemListElement":[{"@type":"ListItem","position":1,"name":"Startseite","item":"https:\/\/www.hotelneuwirt.at\/en\/"},{"@type":"ListItem","position":2,"name":"\u00c0 la carte Restaurant"}]},{"@type":"WebSite","@id":"https:\/\/www.hotelneuwirt.at\/#website","url":"https:\/\/www.hotelneuwirt.at\/","name":"Hotel Neuwirt","description":"3 Sterne Hotel in Mauterndorf","potentialAction":[{"@type":"SearchAction","target":{"@type":"EntryPoint","urlTemplate":"https:\/\/www.hotelneuwirt.at\/?s={search_term_string}"},"query-input":{"@type":"PropertyValueSpecification","valueRequired":true,"valueName":"search_term_string"}}],"inLanguage":"en-US"}]}},"_links":{"self":[{"href":"https:\/\/www.hotelneuwirt.at\/en\/wp-json\/wp\/v2\/pages\/1235","targetHints":{"allow":["GET"]}}],"collection":[{"href":"https:\/\/www.hotelneuwirt.at\/en\/wp-json\/wp\/v2\/pages"}],"about":[{"href":"https:\/\/www.hotelneuwirt.at\/en\/wp-json\/wp\/v2\/types\/page"}],"author":[{"embeddable":true,"href":"https:\/\/www.hotelneuwirt.at\/en\/wp-json\/wp\/v2\/users\/1"}],"replies":[{"embeddable":true,"href":"https:\/\/www.hotelneuwirt.at\/en\/wp-json\/wp\/v2\/comments?post=1235"}],"version-history":[{"count":0,"href":"https:\/\/www.hotelneuwirt.at\/en\/wp-json\/wp\/v2\/pages\/1235\/revisions"}],"wp:featuredmedia":[{"embeddable":true,"href":"https:\/\/www.hotelneuwirt.at\/en\/wp-json\/wp\/v2\/media\/3920"}],"wp:attachment":[{"href":"https:\/\/www.hotelneuwirt.at\/en\/wp-json\/wp\/v2\/media?parent=1235"}],"curies":[{"name":"wp","href":"https:\/\/api.w.org\/{rel}","templated":true}]}}